{"id":94,"date":"2025-01-24T16:26:46","date_gmt":"2025-01-24T16:26:46","guid":{"rendered":"https:\/\/kolasin.me\/?page_id=94"},"modified":"2025-10-22T10:00:57","modified_gmt":"2025-10-22T10:00:57","slug":"bjelasica-ultra-trail","status":"publish","type":"page","link":"https:\/\/kolasin.me\/me\/bjelasica-ultra-trail\/","title":{"rendered":"Bjelasica trail"},"content":{"rendered":"\n<p class=\"wp-block-paragraph\">\u201cBjelasica Ultra Trail\u201d je sportska manifestacija (planinski maraton) koja je namijenjena profesionalnim i rekreativnim trka\u010dima ali i ljubiteljima boravka u prirodi.&nbsp;Organizatori su za u\u010desnike pripremili tri trke koje prolaze kroz jedan od najljep\u0161ih predjela na Balkanu.&nbsp;Trail je aktivnost koja kombinuje tr\u010danje, a tamo gdje ima strmih nagiba i planinarenje.<\/p>\n\n\n\n<p class=\"wp-block-paragraph\">U\u010de\u0161\u0107em na trailu, takmi\u010dari \u0107e biti u&nbsp;prilici da tr\u010de kroz jednu od tri preostale pra\u0161ume u Evropi, da se dive ljepoti planinskih jezera ali i da uhvate predah u jednom od tradicionalnih bjelasi\u010dkih katuna<strong>.<\/strong><\/p>\n\n\n\n<p class=\"wp-block-paragraph\">&nbsp;<a href=\"https:\/\/www.trcanje.rs\/trke\/bjelasica-trail\/\">Bjelasica<\/a>&nbsp;ultra trail odr\u017eava se prvog vikenda u avgustu, sa slede\u0107im trkama:<\/p>\n\n\n\n<ul class=\"wp-block-list\">\n<li>Tri jezera &#8211; 45 km<\/li>\n\n\n\n<li><a href=\"https:\/\/www.trcanje.rs\/trke\/bjelasica-trail\/\">Mali me\u0111ed<\/a> &#8211;&nbsp;21 km<\/li>\n\n\n\n<li>Family trail &#8211; 10 km<\/li>\n\n\n\n<li>De\u010dja trka &#8211; 250 m<\/li>\n<\/ul>\n\n\n\n<p class=\"wp-block-paragraph\">Bjelasica je idealan izbor za aktivni odmor za cijelu porodicu, iskusne trka\u010de, po\u010detnike, ljubitelje bajkovitih \u0161umskih i planinskih staza. Smje\u0161tena u samom srcu Crne Gore, u centralno-kontinentalnom delu, na preko 2.000 m nadmorske visine, spaja vi\u0161e crnogorskih op\u0161tina.<a href=\"https:\/\/www.trcanje.rs\/trke\/bjelasica-trail\/\">&nbsp;Bjelasicu<\/a>&nbsp;krasi nekoliko specifi\u010dnosti: veoma laka prohodnost, pristupa\u010dnost do najvi\u0161ih planinskih vrhova i veliko bogastvo \u0161umskog fonda i teku\u0107ih voda. Vuklanskog je porijekla, u avgustu zelena i svje\u017ea, u januaru bijela.<\/p>\n\n\n\n<figure class=\"wp-block-gallery has-nested-images columns-4 is-cropped wp-block-gallery-1 is-layout-flex wp-block-gallery-is-layout-flex\">\n<figure class=\"wp-block-image size-large\"><a href=\"https:\/\/kolasin.me\/bjelasica-ultra-trail\/b-maraton-3\/\"><img data-recalc-dims=\"1\" loading=\"lazy\" decoding=\"async\" width=\"1024\" height=\"680\" data-attachment-id=\"166\" data-permalink=\"https:\/\/kolasin.me\/me\/bjelasica-ultra-trail\/b-maraton-3\/\" data-orig-file=\"https:\/\/i0.wp.com\/kolasin.me\/wp-content\/uploads\/2025\/01\/B.-maraton-3.jpg?fit=2048%2C1360&amp;ssl=1\" data-orig-size=\"2048,1360\" data-comments-opened=\"1\" data-image-meta=\"{&quot;aperture&quot;:&quot;0&quot;,&quot;credit&quot;:&quot;&quot;,&quot;camera&quot;:&quot;&quot;,&quot;caption&quot;:&quot;&quot;,&quot;created_timestamp&quot;:&quot;0&quot;,&quot;copyright&quot;:&quot;&quot;,&quot;focal_length&quot;:&quot;0&quot;,&quot;iso&quot;:&quot;0&quot;,&quot;shutter_speed&quot;:&quot;0&quot;,&quot;title&quot;:&quot;&quot;,&quot;orientation&quot;:&quot;0&quot;}\" data-image-title=\"B. maraton 3\" data-image-description=\"\" data-image-caption=\"\" data-large-file=\"https:\/\/i0.wp.com\/kolasin.me\/wp-content\/uploads\/2025\/01\/B.-maraton-3.jpg?fit=1024%2C680&amp;ssl=1\" data-id=\"166\" src=\"https:\/\/i0.wp.com\/kolasin.me\/wp-content\/uploads\/2025\/01\/B.-maraton-3.jpg?resize=1024%2C680&#038;ssl=1\" alt=\"\" class=\"wp-image-166\" srcset=\"https:\/\/i0.wp.com\/kolasin.me\/wp-content\/uploads\/2025\/01\/B.-maraton-3.jpg?resize=1024%2C680&amp;ssl=1 1024w, https:\/\/i0.wp.com\/kolasin.me\/wp-content\/uploads\/2025\/01\/B.-maraton-3.jpg?resize=300%2C199&amp;ssl=1 300w, https:\/\/i0.wp.com\/kolasin.me\/wp-content\/uploads\/2025\/01\/B.-maraton-3.jpg?resize=768%2C510&amp;ssl=1 768w, https:\/\/i0.wp.com\/kolasin.me\/wp-content\/uploads\/2025\/01\/B.-maraton-3.jpg?resize=1536%2C1020&amp;ssl=1 1536w, https:\/\/i0.wp.com\/kolasin.me\/wp-content\/uploads\/2025\/01\/B.-maraton-3.jpg?w=2048&amp;ssl=1 2048w\" sizes=\"auto, (max-width: 1000px) 100vw, 1000px\" \/><\/a><\/figure>\n\n\n\n<figure class=\"wp-block-image size-medium\"><a href=\"https:\/\/kolasin.me\/bjelasica-ultra-trail\/b-ultra-trail-5\/\"><img data-recalc-dims=\"1\" loading=\"lazy\" decoding=\"async\" width=\"300\" height=\"225\" data-attachment-id=\"164\" data-permalink=\"https:\/\/kolasin.me\/me\/bjelasica-ultra-trail\/b-ultra-trail-5\/\" data-orig-file=\"https:\/\/i0.wp.com\/kolasin.me\/wp-content\/uploads\/2025\/01\/b.ultra-trail-5.jpg?fit=960%2C720&amp;ssl=1\" data-orig-size=\"960,720\" data-comments-opened=\"1\" data-image-meta=\"{&quot;aperture&quot;:&quot;0&quot;,&quot;credit&quot;:&quot;&quot;,&quot;camera&quot;:&quot;&quot;,&quot;caption&quot;:&quot;&quot;,&quot;created_timestamp&quot;:&quot;0&quot;,&quot;copyright&quot;:&quot;&quot;,&quot;focal_length&quot;:&quot;0&quot;,&quot;iso&quot;:&quot;0&quot;,&quot;shutter_speed&quot;:&quot;0&quot;,&quot;title&quot;:&quot;&quot;,&quot;orientation&quot;:&quot;0&quot;}\" data-image-title=\"b.ultra trail 5\" data-image-description=\"\" data-image-caption=\"\" data-large-file=\"https:\/\/i0.wp.com\/kolasin.me\/wp-content\/uploads\/2025\/01\/b.ultra-trail-5.jpg?fit=960%2C720&amp;ssl=1\" data-id=\"164\" src=\"https:\/\/i0.wp.com\/kolasin.me\/wp-content\/uploads\/2025\/01\/b.ultra-trail-5.jpg?resize=300%2C225&#038;ssl=1\" alt=\"\" class=\"wp-image-164\" srcset=\"https:\/\/i0.wp.com\/kolasin.me\/wp-content\/uploads\/2025\/01\/b.ultra-trail-5.jpg?resize=300%2C225&amp;ssl=1 300w, https:\/\/i0.wp.com\/kolasin.me\/wp-content\/uploads\/2025\/01\/b.ultra-trail-5.jpg?resize=768%2C576&amp;ssl=1 768w, https:\/\/i0.wp.com\/kolasin.me\/wp-content\/uploads\/2025\/01\/b.ultra-trail-5.jpg?w=960&amp;ssl=1 960w\" sizes=\"auto, (max-width: 300px) 100vw, 300px\" \/><\/a><\/figure>\n\n\n\n<figure class=\"wp-block-image size-medium\"><a href=\"https:\/\/kolasin.me\/bjelasica-ultra-trail\/b-ultra-trail\/\"><img data-recalc-dims=\"1\" loading=\"lazy\" decoding=\"async\" width=\"300\" height=\"169\" data-attachment-id=\"163\" data-permalink=\"https:\/\/kolasin.me\/me\/bjelasica-ultra-trail\/b-ultra-trail\/\" data-orig-file=\"https:\/\/i0.wp.com\/kolasin.me\/wp-content\/uploads\/2025\/01\/B.ultra-trail.jpeg?fit=1024%2C576&amp;ssl=1\" data-orig-size=\"1024,576\" data-comments-opened=\"1\" data-image-meta=\"{&quot;aperture&quot;:&quot;0&quot;,&quot;credit&quot;:&quot;&quot;,&quot;camera&quot;:&quot;&quot;,&quot;caption&quot;:&quot;&quot;,&quot;created_timestamp&quot;:&quot;0&quot;,&quot;copyright&quot;:&quot;&quot;,&quot;focal_length&quot;:&quot;0&quot;,&quot;iso&quot;:&quot;0&quot;,&quot;shutter_speed&quot;:&quot;0&quot;,&quot;title&quot;:&quot;&quot;,&quot;orientation&quot;:&quot;0&quot;}\" data-image-title=\"B.ultra trail\" data-image-description=\"\" data-image-caption=\"\" data-large-file=\"https:\/\/i0.wp.com\/kolasin.me\/wp-content\/uploads\/2025\/01\/B.ultra-trail.jpeg?fit=1024%2C576&amp;ssl=1\" data-id=\"163\" src=\"https:\/\/i0.wp.com\/kolasin.me\/wp-content\/uploads\/2025\/01\/B.ultra-trail.jpeg?resize=300%2C169&#038;ssl=1\" alt=\"\" class=\"wp-image-163\" srcset=\"https:\/\/i0.wp.com\/kolasin.me\/wp-content\/uploads\/2025\/01\/B.ultra-trail.jpeg?resize=300%2C169&amp;ssl=1 300w, https:\/\/i0.wp.com\/kolasin.me\/wp-content\/uploads\/2025\/01\/B.ultra-trail.jpeg?resize=768%2C432&amp;ssl=1 768w, https:\/\/i0.wp.com\/kolasin.me\/wp-content\/uploads\/2025\/01\/B.ultra-trail.jpeg?w=1024&amp;ssl=1 1024w\" sizes=\"auto, (max-width: 300px) 100vw, 300px\" \/><\/a><\/figure>\n\n\n\n<figure class=\"wp-block-image size-large\"><a href=\"https:\/\/kolasin.me\/bjelasica-ultra-trail\/bjelasica-ultra-trail-2\/\"><img data-recalc-dims=\"1\" loading=\"lazy\" decoding=\"async\" width=\"1024\" height=\"1024\" data-attachment-id=\"165\" data-permalink=\"https:\/\/kolasin.me\/me\/bjelasica-ultra-trail\/bjelasica-ultra-trail-2\/\" data-orig-file=\"https:\/\/i0.wp.com\/kolasin.me\/wp-content\/uploads\/2025\/01\/Bjelasica-ultra-trail-2.jpg?fit=1440%2C1440&amp;ssl=1\" data-orig-size=\"1440,1440\" data-comments-opened=\"1\" data-image-meta=\"{&quot;aperture&quot;:&quot;0&quot;,&quot;credit&quot;:&quot;&quot;,&quot;camera&quot;:&quot;&quot;,&quot;caption&quot;:&quot;&quot;,&quot;created_timestamp&quot;:&quot;0&quot;,&quot;copyright&quot;:&quot;&quot;,&quot;focal_length&quot;:&quot;0&quot;,&quot;iso&quot;:&quot;0&quot;,&quot;shutter_speed&quot;:&quot;0&quot;,&quot;title&quot;:&quot;&quot;,&quot;orientation&quot;:&quot;0&quot;}\" data-image-title=\"Bjelasica ultra trail 2\" data-image-description=\"\" data-image-caption=\"\" data-large-file=\"https:\/\/i0.wp.com\/kolasin.me\/wp-content\/uploads\/2025\/01\/Bjelasica-ultra-trail-2.jpg?fit=1024%2C1024&amp;ssl=1\" data-id=\"165\" src=\"https:\/\/i0.wp.com\/kolasin.me\/wp-content\/uploads\/2025\/01\/Bjelasica-ultra-trail-2.jpg?resize=1024%2C1024&#038;ssl=1\" alt=\"\" class=\"wp-image-165\" srcset=\"https:\/\/i0.wp.com\/kolasin.me\/wp-content\/uploads\/2025\/01\/Bjelasica-ultra-trail-2.jpg?resize=1024%2C1024&amp;ssl=1 1024w, https:\/\/i0.wp.com\/kolasin.me\/wp-content\/uploads\/2025\/01\/Bjelasica-ultra-trail-2.jpg?resize=300%2C300&amp;ssl=1 300w, https:\/\/i0.wp.com\/kolasin.me\/wp-content\/uploads\/2025\/01\/Bjelasica-ultra-trail-2.jpg?resize=150%2C150&amp;ssl=1 150w, https:\/\/i0.wp.com\/kolasin.me\/wp-content\/uploads\/2025\/01\/Bjelasica-ultra-trail-2.jpg?resize=768%2C768&amp;ssl=1 768w, https:\/\/i0.wp.com\/kolasin.me\/wp-content\/uploads\/2025\/01\/Bjelasica-ultra-trail-2.jpg?w=1440&amp;ssl=1 1440w\" sizes=\"auto, (max-width: 1000px) 100vw, 1000px\" \/><\/a><\/figure>\n<\/figure>\n","protected":false},"excerpt":{"rendered":"<p>\u201cBjelasica Ultra Trail\u201d je sportska manifestacija (planinski maraton) koja je namijenjena profesionalnim i rekreativnim trka\u010dima ali i ljubiteljima boravka u prirodi.&nbsp;Organizatori su za u\u010desnike pripremili tri trke koje prolaze kroz jedan od najljep\u0161ih predjela na Balkanu.&nbsp;Trail je aktivnost koja kombinuje tr\u010danje, a tamo gdje ima strmih nagiba i planinarenje. U\u010de\u0161\u0107em na trailu, takmi\u010dari \u0107e biti<a href=\"https:\/\/kolasin.me\/me\/bjelasica-ultra-trail\/\">Continue reading <span class=\"sr-only\">&#8220;Bjelasica trail&#8221;<\/span><\/a><\/p>\n","protected":false},"author":209674362,"featured_media":77,"parent":0,"menu_order":0,"comment_status":"closed","ping_status":"closed","template":"","meta":{"_crdt_document":"","footnotes":""},"class_list":["post-94","page","type-page","status-publish","has-post-thumbnail","hentry"],"yoast_head":"<!-- This site is optimized with the Yoast SEO plugin v27.3 - https:\/\/yoast.com\/product\/yoast-seo-wordpress\/ -->\n<title>Bjelasica trail - TO Kola\u0161in<\/title>\n<meta name=\"robots\" content=\"index, follow, max-snippet:-1, max-image-preview:large, max-video-preview:-1\" \/>\n<link rel=\"canonical\" href=\"https:\/\/kolasin.me\/me\/bjelasica-ultra-trail\/\" \/>\n<meta property=\"og:locale\" content=\"bs_BA\" \/>\n<meta property=\"og:type\" content=\"article\" \/>\n<meta property=\"og:title\" content=\"Bjelasica trail - TO Kola\u0161in\" \/>\n<meta property=\"og:description\" content=\"\u201cBjelasica Ultra Trail\u201d je sportska manifestacija (planinski maraton) koja je namijenjena profesionalnim i rekreativnim trka\u010dima ali i ljubiteljima boravka u prirodi.&nbsp;Organizatori su za u\u010desnike pripremili tri trke koje prolaze kroz jedan od najljep\u0161ih predjela na Balkanu.&nbsp;Trail je aktivnost koja kombinuje tr\u010danje, a tamo gdje ima strmih nagiba i planinarenje. U\u010de\u0161\u0107em na trailu, takmi\u010dari \u0107e bitiContinue reading &quot;Bjelasica trail&quot;\" \/>\n<meta property=\"og:url\" content=\"https:\/\/kolasin.me\/me\/bjelasica-ultra-trail\/\" \/>\n<meta property=\"og:site_name\" content=\"TO Kola\u0161in\" \/>\n<meta property=\"article:publisher\" content=\"https:\/\/www.facebook.com\/profile.php?id=61577932100861#\" \/>\n<meta property=\"article:modified_time\" content=\"2025-10-22T10:00:57+00:00\" \/>\n<meta property=\"og:image\" content=\"https:\/\/i0.wp.com\/kolasin.me\/wp-content\/uploads\/2025\/01\/trail.jpg?fit=600%2C600&ssl=1\" \/>\n\t<meta property=\"og:image:width\" content=\"600\" \/>\n\t<meta property=\"og:image:height\" content=\"600\" \/>\n\t<meta property=\"og:image:type\" content=\"image\/jpeg\" \/>\n<meta name=\"twitter:card\" content=\"summary_large_image\" \/>\n<meta name=\"twitter:label1\" content=\"Est. reading time\" \/>\n\t<meta name=\"twitter:data1\" content=\"1 minuta\" \/>\n<script type=\"application\/ld+json\" class=\"yoast-schema-graph\">{\"@context\":\"https:\\\/\\\/schema.org\",\"@graph\":[{\"@type\":\"WebPage\",\"@id\":\"https:\\\/\\\/kolasin.me\\\/bjelasica-ultra-trail\\\/\",\"url\":\"https:\\\/\\\/kolasin.me\\\/bjelasica-ultra-trail\\\/\",\"name\":\"Bjelasica trail - TO Kola\u0161in\",\"isPartOf\":{\"@id\":\"https:\\\/\\\/kolasin.me\\\/#website\"},\"primaryImageOfPage\":{\"@id\":\"https:\\\/\\\/kolasin.me\\\/bjelasica-ultra-trail\\\/#primaryimage\"},\"image\":{\"@id\":\"https:\\\/\\\/kolasin.me\\\/bjelasica-ultra-trail\\\/#primaryimage\"},\"thumbnailUrl\":\"https:\\\/\\\/i0.wp.com\\\/kolasin.me\\\/wp-content\\\/uploads\\\/2025\\\/01\\\/trail.jpg?fit=600%2C600&ssl=1\",\"datePublished\":\"2025-01-24T16:26:46+00:00\",\"dateModified\":\"2025-10-22T10:00:57+00:00\",\"breadcrumb\":{\"@id\":\"https:\\\/\\\/kolasin.me\\\/bjelasica-ultra-trail\\\/#breadcrumb\"},\"inLanguage\":\"bs-BA\",\"potentialAction\":[{\"@type\":\"ReadAction\",\"target\":[\"https:\\\/\\\/kolasin.me\\\/bjelasica-ultra-trail\\\/\"]}]},{\"@type\":\"ImageObject\",\"inLanguage\":\"bs-BA\",\"@id\":\"https:\\\/\\\/kolasin.me\\\/bjelasica-ultra-trail\\\/#primaryimage\",\"url\":\"https:\\\/\\\/i0.wp.com\\\/kolasin.me\\\/wp-content\\\/uploads\\\/2025\\\/01\\\/trail.jpg?fit=600%2C600&ssl=1\",\"contentUrl\":\"https:\\\/\\\/i0.wp.com\\\/kolasin.me\\\/wp-content\\\/uploads\\\/2025\\\/01\\\/trail.jpg?fit=600%2C600&ssl=1\",\"width\":600,\"height\":600},{\"@type\":\"BreadcrumbList\",\"@id\":\"https:\\\/\\\/kolasin.me\\\/bjelasica-ultra-trail\\\/#breadcrumb\",\"itemListElement\":[{\"@type\":\"ListItem\",\"position\":1,\"name\":\"Home\",\"item\":\"https:\\\/\\\/kolasin.me\\\/\"},{\"@type\":\"ListItem\",\"position\":2,\"name\":\"Bjelasica trail\"}]},{\"@type\":\"WebSite\",\"@id\":\"https:\\\/\\\/kolasin.me\\\/#website\",\"url\":\"https:\\\/\\\/kolasin.me\\\/\",\"name\":\"TO Kola\u0161in\",\"description\":\"Turisti\u010dka Organizacija Kola\u0161in\",\"publisher\":{\"@id\":\"https:\\\/\\\/kolasin.me\\\/#organization\"},\"alternateName\":\"Turisti\u010dka Organizacija Kola\u0161in\",\"potentialAction\":[{\"@type\":\"SearchAction\",\"target\":{\"@type\":\"EntryPoint\",\"urlTemplate\":\"https:\\\/\\\/kolasin.me\\\/?s={search_term_string}\"},\"query-input\":{\"@type\":\"PropertyValueSpecification\",\"valueRequired\":true,\"valueName\":\"search_term_string\"}}],\"inLanguage\":\"bs-BA\"},{\"@type\":\"Organization\",\"@id\":\"https:\\\/\\\/kolasin.me\\\/#organization\",\"name\":\"TO Kola\u0161in\",\"alternateName\":\"Turisti\u010dka Organizacije Kola\u0161in\",\"url\":\"https:\\\/\\\/kolasin.me\\\/\",\"logo\":{\"@type\":\"ImageObject\",\"inLanguage\":\"bs-BA\",\"@id\":\"https:\\\/\\\/kolasin.me\\\/#\\\/schema\\\/logo\\\/image\\\/\",\"url\":\"https:\\\/\\\/i0.wp.com\\\/kolasin.me\\\/wp-content\\\/uploads\\\/2025\\\/10\\\/tokolasin-logo.jpg?fit=800%2C515&ssl=1\",\"contentUrl\":\"https:\\\/\\\/i0.wp.com\\\/kolasin.me\\\/wp-content\\\/uploads\\\/2025\\\/10\\\/tokolasin-logo.jpg?fit=800%2C515&ssl=1\",\"width\":800,\"height\":515,\"caption\":\"TO Kola\u0161in\"},\"image\":{\"@id\":\"https:\\\/\\\/kolasin.me\\\/#\\\/schema\\\/logo\\\/image\\\/\"},\"sameAs\":[\"https:\\\/\\\/www.facebook.com\\\/profile.php?id=61577932100861#\",\"https:\\\/\\\/www.instagram.com\\\/to.kolasin\\\/?hl=en\"]}]}<\/script>\n<!-- \/ Yoast SEO plugin. -->","yoast_head_json":{"title":"Bjelasica trail - TO Kola\u0161in","robots":{"index":"index","follow":"follow","max-snippet":"max-snippet:-1","max-image-preview":"max-image-preview:large","max-video-preview":"max-video-preview:-1"},"canonical":"https:\/\/kolasin.me\/me\/bjelasica-ultra-trail\/","og_locale":"bs_BA","og_type":"article","og_title":"Bjelasica trail - TO Kola\u0161in","og_description":"\u201cBjelasica Ultra Trail\u201d je sportska manifestacija (planinski maraton) koja je namijenjena profesionalnim i rekreativnim trka\u010dima ali i ljubiteljima boravka u prirodi.&nbsp;Organizatori su za u\u010desnike pripremili tri trke koje prolaze kroz jedan od najljep\u0161ih predjela na Balkanu.&nbsp;Trail je aktivnost koja kombinuje tr\u010danje, a tamo gdje ima strmih nagiba i planinarenje. U\u010de\u0161\u0107em na trailu, takmi\u010dari \u0107e bitiContinue reading \"Bjelasica trail\"","og_url":"https:\/\/kolasin.me\/me\/bjelasica-ultra-trail\/","og_site_name":"TO Kola\u0161in","article_publisher":"https:\/\/www.facebook.com\/profile.php?id=61577932100861#","article_modified_time":"2025-10-22T10:00:57+00:00","og_image":[{"width":600,"height":600,"url":"https:\/\/i0.wp.com\/kolasin.me\/wp-content\/uploads\/2025\/01\/trail.jpg?fit=600%2C600&ssl=1","type":"image\/jpeg"}],"twitter_card":"summary_large_image","twitter_misc":{"Est. reading time":"1 minuta"},"schema":{"@context":"https:\/\/schema.org","@graph":[{"@type":"WebPage","@id":"https:\/\/kolasin.me\/bjelasica-ultra-trail\/","url":"https:\/\/kolasin.me\/bjelasica-ultra-trail\/","name":"Bjelasica trail - TO Kola\u0161in","isPartOf":{"@id":"https:\/\/kolasin.me\/#website"},"primaryImageOfPage":{"@id":"https:\/\/kolasin.me\/bjelasica-ultra-trail\/#primaryimage"},"image":{"@id":"https:\/\/kolasin.me\/bjelasica-ultra-trail\/#primaryimage"},"thumbnailUrl":"https:\/\/i0.wp.com\/kolasin.me\/wp-content\/uploads\/2025\/01\/trail.jpg?fit=600%2C600&ssl=1","datePublished":"2025-01-24T16:26:46+00:00","dateModified":"2025-10-22T10:00:57+00:00","breadcrumb":{"@id":"https:\/\/kolasin.me\/bjelasica-ultra-trail\/#breadcrumb"},"inLanguage":"bs-BA","potentialAction":[{"@type":"ReadAction","target":["https:\/\/kolasin.me\/bjelasica-ultra-trail\/"]}]},{"@type":"ImageObject","inLanguage":"bs-BA","@id":"https:\/\/kolasin.me\/bjelasica-ultra-trail\/#primaryimage","url":"https:\/\/i0.wp.com\/kolasin.me\/wp-content\/uploads\/2025\/01\/trail.jpg?fit=600%2C600&ssl=1","contentUrl":"https:\/\/i0.wp.com\/kolasin.me\/wp-content\/uploads\/2025\/01\/trail.jpg?fit=600%2C600&ssl=1","width":600,"height":600},{"@type":"BreadcrumbList","@id":"https:\/\/kolasin.me\/bjelasica-ultra-trail\/#breadcrumb","itemListElement":[{"@type":"ListItem","position":1,"name":"Home","item":"https:\/\/kolasin.me\/"},{"@type":"ListItem","position":2,"name":"Bjelasica trail"}]},{"@type":"WebSite","@id":"https:\/\/kolasin.me\/#website","url":"https:\/\/kolasin.me\/","name":"TO Kola\u0161in","description":"Turisti\u010dka Organizacija Kola\u0161in","publisher":{"@id":"https:\/\/kolasin.me\/#organization"},"alternateName":"Turisti\u010dka Organizacija Kola\u0161in","potentialAction":[{"@type":"SearchAction","target":{"@type":"EntryPoint","urlTemplate":"https:\/\/kolasin.me\/?s={search_term_string}"},"query-input":{"@type":"PropertyValueSpecification","valueRequired":true,"valueName":"search_term_string"}}],"inLanguage":"bs-BA"},{"@type":"Organization","@id":"https:\/\/kolasin.me\/#organization","name":"TO Kola\u0161in","alternateName":"Turisti\u010dka Organizacije Kola\u0161in","url":"https:\/\/kolasin.me\/","logo":{"@type":"ImageObject","inLanguage":"bs-BA","@id":"https:\/\/kolasin.me\/#\/schema\/logo\/image\/","url":"https:\/\/i0.wp.com\/kolasin.me\/wp-content\/uploads\/2025\/10\/tokolasin-logo.jpg?fit=800%2C515&ssl=1","contentUrl":"https:\/\/i0.wp.com\/kolasin.me\/wp-content\/uploads\/2025\/10\/tokolasin-logo.jpg?fit=800%2C515&ssl=1","width":800,"height":515,"caption":"TO Kola\u0161in"},"image":{"@id":"https:\/\/kolasin.me\/#\/schema\/logo\/image\/"},"sameAs":["https:\/\/www.facebook.com\/profile.php?id=61577932100861#","https:\/\/www.instagram.com\/to.kolasin\/?hl=en"]}]}},"jetpack_sharing_enabled":true,"jetpack_shortlink":"https:\/\/wp.me\/Pgiv2T-1w","_links":{"self":[{"href":"https:\/\/kolasin.me\/me\/wp-json\/wp\/v2\/pages\/94","targetHints":{"allow":["GET"]}}],"collection":[{"href":"https:\/\/kolasin.me\/me\/wp-json\/wp\/v2\/pages"}],"about":[{"href":"https:\/\/kolasin.me\/me\/wp-json\/wp\/v2\/types\/page"}],"author":[{"embeddable":true,"href":"https:\/\/kolasin.me\/me\/wp-json\/wp\/v2\/users\/209674362"}],"replies":[{"embeddable":true,"href":"https:\/\/kolasin.me\/me\/wp-json\/wp\/v2\/comments?post=94"}],"version-history":[{"count":6,"href":"https:\/\/kolasin.me\/me\/wp-json\/wp\/v2\/pages\/94\/revisions"}],"predecessor-version":[{"id":3106,"href":"https:\/\/kolasin.me\/me\/wp-json\/wp\/v2\/pages\/94\/revisions\/3106"}],"wp:featuredmedia":[{"embeddable":true,"href":"https:\/\/kolasin.me\/me\/wp-json\/wp\/v2\/media\/77"}],"wp:attachment":[{"href":"https:\/\/kolasin.me\/me\/wp-json\/wp\/v2\/media?parent=94"}],"curies":[{"name":"wp","href":"https:\/\/api.w.org\/{rel}","templated":true}]}}