{"id":660,"date":"2025-07-01T12:34:39","date_gmt":"2025-07-01T12:34:39","guid":{"rendered":"https:\/\/kolasin.me\/?page_id=660"},"modified":"2025-12-22T12:10:29","modified_gmt":"2025-12-22T12:10:29","slug":"price-i-legende","status":"publish","type":"page","link":"https:\/\/kolasin.me\/me\/price-i-legende\/","title":{"rendered":"Pri\u010de i legende"},"content":{"rendered":"\n<p class=\"wp-block-paragraph\">Kola\u0161in, iako mali grad, nudi bogato iskustvo puno legendi, tradicije i \u010darobne prirode. Dovoljno je da provedete sat vremena istra\u017euju\u0107i ga i odmah \u0107ete otkriti \u010dudne pri\u010de i obi\u010daje koji o\u017eivljavaju ovaj gradi\u0107.<\/p>\n\n\n\n<p class=\"wp-block-paragraph\"><strong>Legende o vilama:<\/strong><\/p>\n\n\n\n<ul class=\"wp-block-list\">\n<li><strong>Pe\u0161i\u0107a jezero:<\/strong> Prema legendi, u jezeru \u017eivi vila koja svojom pjesmom i plesom o\u010darava ljude. Njeno prisustvo navodno donosi sre\u0107u i ljubav onima koji je ugledaju.<\/li>\n\n\n\n<li><strong>Kapetanovo jezero:<\/strong> Ovo jezero dobilo je ime po kapetanu Mu\u0161ovi\u0107u, u kojem su se kupale vile i pile vodu. Kada bi zavr\u0161ile, zatvorile bi izvor i oti\u0161le bi. Jedne no\u0107i vile su zaboravile da zatvore izvor i jezero je poplavilo katun u kojem je kapetan \u017eivio.<\/li>\n\n\n\n<li><strong>Kanjon rijeke Mrtvice:<\/strong> U ovom kanjonu se, prema predanju, susre\u0107u vile koje ple\u0161u uz zvukove Mrtvice i ispunjavaju \u017eelje.<\/li>\n<\/ul>\n\n\n\n<p class=\"wp-block-paragraph\"><strong>Legenda o Biogradskom jezeru:<\/strong><\/p>\n\n\n\n<p class=\"wp-block-paragraph\">Ova legenda govori o dva brata koji su se posva\u0111ali oko podjele \u017eita. U svom bijesu, jedan brat je ubio drugog. Njihova majka, skrhana tugom, proklela je sina, a njena kletva je stvorila jezero na mjestu gdje se nesre\u0107a desila.&nbsp;<\/p>\n\n\n\n<p class=\"wp-block-paragraph\"><strong>Legenda o &#8220;Svatovskom groblju&#8221;:<\/strong><\/p>\n\n\n\n<p class=\"wp-block-paragraph\">Postoji i jedna legenda koja se mo\u017ee \u010duti kada se prolazi pored &#8220;Svatovskog groblja&#8221;, mjesta koje je ostalo poznato po tome kako su svatovi koji su krenuli po mladu, sa nekoliko konja, ostali zavijani u me\u0107avi. I zaista, svaki put kada se staje na ovo mjesto, turistima se savjetuje da se dobro utople prije nego iza\u0111u iz vozila, zbog jakog sjevernog vjetra koji je u ovom dijelu planine konstantan.<\/p>\n\n\n\n<p class=\"wp-block-paragraph\"><strong>Tradicionalne igre:<\/strong><\/p>\n\n\n\n<p class=\"wp-block-paragraph\">Kola\u0161in je poznat po svojim tradicionalnim igrama, ima ih 42 a njih 14 su za\u0161ti\u0107ene kao nematerijalno kulturno dobro. Svaka od tih igara ima bogatu istoriju. To je jedinstvena prilika da se upoznate sa starim obi\u010dajima i kulturom ovog kraja.<\/p>\n\n\n\n<p class=\"wp-block-paragraph\">Ovo je samo mali uvod u ono \u0161to Kola\u0161in nudi. Do\u0111ite i sami istra\u017eite i\u00a0otkrijte skrivene legende i pri\u010de ovog kraja!<\/p>\n","protected":false},"excerpt":{"rendered":"<p>Kola\u0161in, iako mali grad, nudi bogato iskustvo puno legendi, tradicije i \u010darobne prirode. Dovoljno je da provedete sat vremena istra\u017euju\u0107i ga i odmah \u0107ete otkriti \u010dudne pri\u010de i obi\u010daje koji o\u017eivljavaju ovaj gradi\u0107. Legende o vilama: Legenda o Biogradskom jezeru: Ova legenda govori o dva brata koji su se posva\u0111ali oko podjele \u017eita. U svom<a href=\"https:\/\/kolasin.me\/me\/price-i-legende\/\">Continue reading <span class=\"sr-only\">&#8220;Pri\u010de i legende&#8221;<\/span><\/a><\/p>\n","protected":false},"author":209674362,"featured_media":0,"parent":0,"menu_order":0,"comment_status":"closed","ping_status":"closed","template":"","meta":{"_crdt_document":"","footnotes":""},"class_list":["post-660","page","type-page","status-publish","hentry"],"yoast_head":"<!-- This site is optimized with the Yoast SEO plugin v27.3 - https:\/\/yoast.com\/product\/yoast-seo-wordpress\/ -->\n<title>Pri\u010de i legende - TO Kola\u0161in<\/title>\n<meta name=\"robots\" content=\"index, follow, max-snippet:-1, max-image-preview:large, max-video-preview:-1\" \/>\n<link rel=\"canonical\" href=\"https:\/\/kolasin.me\/me\/price-i-legende\/\" \/>\n<meta property=\"og:locale\" content=\"bs_BA\" \/>\n<meta property=\"og:type\" content=\"article\" \/>\n<meta property=\"og:title\" content=\"Pri\u010de i legende - TO Kola\u0161in\" \/>\n<meta property=\"og:description\" content=\"Kola\u0161in, iako mali grad, nudi bogato iskustvo puno legendi, tradicije i \u010darobne prirode. Dovoljno je da provedete sat vremena istra\u017euju\u0107i ga i odmah \u0107ete otkriti \u010dudne pri\u010de i obi\u010daje koji o\u017eivljavaju ovaj gradi\u0107. Legende o vilama: Legenda o Biogradskom jezeru: Ova legenda govori o dva brata koji su se posva\u0111ali oko podjele \u017eita. U svomContinue reading &quot;Pri\u010de i legende&quot;\" \/>\n<meta property=\"og:url\" content=\"https:\/\/kolasin.me\/me\/price-i-legende\/\" \/>\n<meta property=\"og:site_name\" content=\"TO Kola\u0161in\" \/>\n<meta property=\"article:publisher\" content=\"https:\/\/www.facebook.com\/profile.php?id=61577932100861#\" \/>\n<meta property=\"article:modified_time\" content=\"2025-12-22T12:10:29+00:00\" \/>\n<meta property=\"og:image\" content=\"https:\/\/i0.wp.com\/kolasin.me\/wp-content\/uploads\/2025\/10\/tokolasin-logo.jpg?fit=800%2C515&ssl=1\" \/>\n\t<meta property=\"og:image:width\" content=\"800\" \/>\n\t<meta property=\"og:image:height\" content=\"515\" \/>\n\t<meta property=\"og:image:type\" content=\"image\/jpeg\" \/>\n<meta name=\"twitter:card\" content=\"summary_large_image\" \/>\n<meta name=\"twitter:label1\" content=\"Est. reading time\" \/>\n\t<meta name=\"twitter:data1\" content=\"2 minute\" \/>\n<script type=\"application\/ld+json\" class=\"yoast-schema-graph\">{\"@context\":\"https:\\\/\\\/schema.org\",\"@graph\":[{\"@type\":\"WebPage\",\"@id\":\"https:\\\/\\\/kolasin.me\\\/price-i-legende\\\/\",\"url\":\"https:\\\/\\\/kolasin.me\\\/price-i-legende\\\/\",\"name\":\"Pri\u010de i legende - TO Kola\u0161in\",\"isPartOf\":{\"@id\":\"https:\\\/\\\/kolasin.me\\\/#website\"},\"datePublished\":\"2025-07-01T12:34:39+00:00\",\"dateModified\":\"2025-12-22T12:10:29+00:00\",\"breadcrumb\":{\"@id\":\"https:\\\/\\\/kolasin.me\\\/price-i-legende\\\/#breadcrumb\"},\"inLanguage\":\"bs-BA\",\"potentialAction\":[{\"@type\":\"ReadAction\",\"target\":[\"https:\\\/\\\/kolasin.me\\\/price-i-legende\\\/\"]}]},{\"@type\":\"BreadcrumbList\",\"@id\":\"https:\\\/\\\/kolasin.me\\\/price-i-legende\\\/#breadcrumb\",\"itemListElement\":[{\"@type\":\"ListItem\",\"position\":1,\"name\":\"Home\",\"item\":\"https:\\\/\\\/kolasin.me\\\/\"},{\"@type\":\"ListItem\",\"position\":2,\"name\":\"Pri\u010de i legende\"}]},{\"@type\":\"WebSite\",\"@id\":\"https:\\\/\\\/kolasin.me\\\/#website\",\"url\":\"https:\\\/\\\/kolasin.me\\\/\",\"name\":\"TO Kola\u0161in\",\"description\":\"Turisti\u010dka Organizacija Kola\u0161in\",\"publisher\":{\"@id\":\"https:\\\/\\\/kolasin.me\\\/#organization\"},\"alternateName\":\"Turisti\u010dka Organizacija Kola\u0161in\",\"potentialAction\":[{\"@type\":\"SearchAction\",\"target\":{\"@type\":\"EntryPoint\",\"urlTemplate\":\"https:\\\/\\\/kolasin.me\\\/?s={search_term_string}\"},\"query-input\":{\"@type\":\"PropertyValueSpecification\",\"valueRequired\":true,\"valueName\":\"search_term_string\"}}],\"inLanguage\":\"bs-BA\"},{\"@type\":\"Organization\",\"@id\":\"https:\\\/\\\/kolasin.me\\\/#organization\",\"name\":\"TO Kola\u0161in\",\"alternateName\":\"Turisti\u010dka Organizacije Kola\u0161in\",\"url\":\"https:\\\/\\\/kolasin.me\\\/\",\"logo\":{\"@type\":\"ImageObject\",\"inLanguage\":\"bs-BA\",\"@id\":\"https:\\\/\\\/kolasin.me\\\/#\\\/schema\\\/logo\\\/image\\\/\",\"url\":\"https:\\\/\\\/i0.wp.com\\\/kolasin.me\\\/wp-content\\\/uploads\\\/2025\\\/10\\\/tokolasin-logo.jpg?fit=800%2C515&ssl=1\",\"contentUrl\":\"https:\\\/\\\/i0.wp.com\\\/kolasin.me\\\/wp-content\\\/uploads\\\/2025\\\/10\\\/tokolasin-logo.jpg?fit=800%2C515&ssl=1\",\"width\":800,\"height\":515,\"caption\":\"TO Kola\u0161in\"},\"image\":{\"@id\":\"https:\\\/\\\/kolasin.me\\\/#\\\/schema\\\/logo\\\/image\\\/\"},\"sameAs\":[\"https:\\\/\\\/www.facebook.com\\\/profile.php?id=61577932100861#\",\"https:\\\/\\\/www.instagram.com\\\/to.kolasin\\\/?hl=en\"]}]}<\/script>\n<!-- \/ Yoast SEO plugin. -->","yoast_head_json":{"title":"Pri\u010de i legende - TO Kola\u0161in","robots":{"index":"index","follow":"follow","max-snippet":"max-snippet:-1","max-image-preview":"max-image-preview:large","max-video-preview":"max-video-preview:-1"},"canonical":"https:\/\/kolasin.me\/me\/price-i-legende\/","og_locale":"bs_BA","og_type":"article","og_title":"Pri\u010de i legende - TO Kola\u0161in","og_description":"Kola\u0161in, iako mali grad, nudi bogato iskustvo puno legendi, tradicije i \u010darobne prirode. Dovoljno je da provedete sat vremena istra\u017euju\u0107i ga i odmah \u0107ete otkriti \u010dudne pri\u010de i obi\u010daje koji o\u017eivljavaju ovaj gradi\u0107. Legende o vilama: Legenda o Biogradskom jezeru: Ova legenda govori o dva brata koji su se posva\u0111ali oko podjele \u017eita. U svomContinue reading \"Pri\u010de i legende\"","og_url":"https:\/\/kolasin.me\/me\/price-i-legende\/","og_site_name":"TO Kola\u0161in","article_publisher":"https:\/\/www.facebook.com\/profile.php?id=61577932100861#","article_modified_time":"2025-12-22T12:10:29+00:00","og_image":[{"width":800,"height":515,"url":"https:\/\/i0.wp.com\/kolasin.me\/wp-content\/uploads\/2025\/10\/tokolasin-logo.jpg?fit=800%2C515&ssl=1","type":"image\/jpeg"}],"twitter_card":"summary_large_image","twitter_misc":{"Est. reading time":"2 minute"},"schema":{"@context":"https:\/\/schema.org","@graph":[{"@type":"WebPage","@id":"https:\/\/kolasin.me\/price-i-legende\/","url":"https:\/\/kolasin.me\/price-i-legende\/","name":"Pri\u010de i legende - TO Kola\u0161in","isPartOf":{"@id":"https:\/\/kolasin.me\/#website"},"datePublished":"2025-07-01T12:34:39+00:00","dateModified":"2025-12-22T12:10:29+00:00","breadcrumb":{"@id":"https:\/\/kolasin.me\/price-i-legende\/#breadcrumb"},"inLanguage":"bs-BA","potentialAction":[{"@type":"ReadAction","target":["https:\/\/kolasin.me\/price-i-legende\/"]}]},{"@type":"BreadcrumbList","@id":"https:\/\/kolasin.me\/price-i-legende\/#breadcrumb","itemListElement":[{"@type":"ListItem","position":1,"name":"Home","item":"https:\/\/kolasin.me\/"},{"@type":"ListItem","position":2,"name":"Pri\u010de i legende"}]},{"@type":"WebSite","@id":"https:\/\/kolasin.me\/#website","url":"https:\/\/kolasin.me\/","name":"TO Kola\u0161in","description":"Turisti\u010dka Organizacija Kola\u0161in","publisher":{"@id":"https:\/\/kolasin.me\/#organization"},"alternateName":"Turisti\u010dka Organizacija Kola\u0161in","potentialAction":[{"@type":"SearchAction","target":{"@type":"EntryPoint","urlTemplate":"https:\/\/kolasin.me\/?s={search_term_string}"},"query-input":{"@type":"PropertyValueSpecification","valueRequired":true,"valueName":"search_term_string"}}],"inLanguage":"bs-BA"},{"@type":"Organization","@id":"https:\/\/kolasin.me\/#organization","name":"TO Kola\u0161in","alternateName":"Turisti\u010dka Organizacije Kola\u0161in","url":"https:\/\/kolasin.me\/","logo":{"@type":"ImageObject","inLanguage":"bs-BA","@id":"https:\/\/kolasin.me\/#\/schema\/logo\/image\/","url":"https:\/\/i0.wp.com\/kolasin.me\/wp-content\/uploads\/2025\/10\/tokolasin-logo.jpg?fit=800%2C515&ssl=1","contentUrl":"https:\/\/i0.wp.com\/kolasin.me\/wp-content\/uploads\/2025\/10\/tokolasin-logo.jpg?fit=800%2C515&ssl=1","width":800,"height":515,"caption":"TO Kola\u0161in"},"image":{"@id":"https:\/\/kolasin.me\/#\/schema\/logo\/image\/"},"sameAs":["https:\/\/www.facebook.com\/profile.php?id=61577932100861#","https:\/\/www.instagram.com\/to.kolasin\/?hl=en"]}]}},"jetpack_sharing_enabled":true,"jetpack_shortlink":"https:\/\/wp.me\/Pgiv2T-aE","_links":{"self":[{"href":"https:\/\/kolasin.me\/me\/wp-json\/wp\/v2\/pages\/660","targetHints":{"allow":["GET"]}}],"collection":[{"href":"https:\/\/kolasin.me\/me\/wp-json\/wp\/v2\/pages"}],"about":[{"href":"https:\/\/kolasin.me\/me\/wp-json\/wp\/v2\/types\/page"}],"author":[{"embeddable":true,"href":"https:\/\/kolasin.me\/me\/wp-json\/wp\/v2\/users\/209674362"}],"replies":[{"embeddable":true,"href":"https:\/\/kolasin.me\/me\/wp-json\/wp\/v2\/comments?post=660"}],"version-history":[{"count":3,"href":"https:\/\/kolasin.me\/me\/wp-json\/wp\/v2\/pages\/660\/revisions"}],"predecessor-version":[{"id":3716,"href":"https:\/\/kolasin.me\/me\/wp-json\/wp\/v2\/pages\/660\/revisions\/3716"}],"wp:attachment":[{"href":"https:\/\/kolasin.me\/me\/wp-json\/wp\/v2\/media?parent=660"}],"curies":[{"name":"wp","href":"https:\/\/api.w.org\/{rel}","templated":true}]}}