{"id":537,"date":"2025-06-30T21:37:28","date_gmt":"2025-06-30T21:37:28","guid":{"rendered":"https:\/\/kolasin.me\/?page_id=537"},"modified":"2025-10-29T13:16:54","modified_gmt":"2025-10-29T13:16:54","slug":"mape","status":"publish","type":"page","link":"https:\/\/kolasin.me\/me\/mape\/","title":{"rendered":"Mape"},"content":{"rendered":"\n<p class=\"wp-block-paragraph\">Mapa grada<\/p>\n\n\n\n<figure class=\"wp-block-image size-large\"><img data-recalc-dims=\"1\" loading=\"lazy\" decoding=\"async\" width=\"1024\" height=\"614\" data-attachment-id=\"538\" data-permalink=\"https:\/\/kolasin.me\/me\/mapa-kolasin-finalni-prikaz-1\/\" data-orig-file=\"https:\/\/i0.wp.com\/kolasin.me\/wp-content\/uploads\/2025\/06\/Mapa-Kolasin-FINALNI-PRIKAZ-1.jpg?fit=1417%2C850&amp;ssl=1\" data-orig-size=\"1417,850\" data-comments-opened=\"1\" data-image-meta=\"{&quot;aperture&quot;:&quot;0&quot;,&quot;credit&quot;:&quot;&quot;,&quot;camera&quot;:&quot;&quot;,&quot;caption&quot;:&quot;&quot;,&quot;created_timestamp&quot;:&quot;0&quot;,&quot;copyright&quot;:&quot;&quot;,&quot;focal_length&quot;:&quot;0&quot;,&quot;iso&quot;:&quot;0&quot;,&quot;shutter_speed&quot;:&quot;0&quot;,&quot;title&quot;:&quot;&quot;,&quot;orientation&quot;:&quot;0&quot;}\" data-image-title=\"Mapa Kolasin FINALNI PRIKAZ (1)\" data-image-description=\"\" data-image-caption=\"\" data-large-file=\"https:\/\/i0.wp.com\/kolasin.me\/wp-content\/uploads\/2025\/06\/Mapa-Kolasin-FINALNI-PRIKAZ-1.jpg?fit=1024%2C614&amp;ssl=1\" src=\"https:\/\/i0.wp.com\/kolasin.me\/wp-content\/uploads\/2025\/06\/Mapa-Kolasin-FINALNI-PRIKAZ-1.jpg?resize=1024%2C614&#038;ssl=1\" alt=\"\" class=\"wp-image-538\" srcset=\"https:\/\/i0.wp.com\/kolasin.me\/wp-content\/uploads\/2025\/06\/Mapa-Kolasin-FINALNI-PRIKAZ-1.jpg?resize=1024%2C614&amp;ssl=1 1024w, https:\/\/i0.wp.com\/kolasin.me\/wp-content\/uploads\/2025\/06\/Mapa-Kolasin-FINALNI-PRIKAZ-1.jpg?resize=300%2C180&amp;ssl=1 300w, https:\/\/i0.wp.com\/kolasin.me\/wp-content\/uploads\/2025\/06\/Mapa-Kolasin-FINALNI-PRIKAZ-1.jpg?resize=768%2C461&amp;ssl=1 768w, https:\/\/i0.wp.com\/kolasin.me\/wp-content\/uploads\/2025\/06\/Mapa-Kolasin-FINALNI-PRIKAZ-1.jpg?w=1417&amp;ssl=1 1417w\" sizes=\"auto, (max-width: 1000px) 100vw, 1000px\" \/><\/figure>\n\n\n\n<p class=\"wp-block-paragraph\"><\/p>\n","protected":false},"excerpt":{"rendered":"<p>Mapa grada<\/p>\n","protected":false},"author":209674362,"featured_media":0,"parent":0,"menu_order":0,"comment_status":"closed","ping_status":"closed","template":"","meta":{"_crdt_document":"","footnotes":""},"class_list":["post-537","page","type-page","status-publish","hentry"],"yoast_head":"<!-- This site is optimized with the Yoast SEO plugin v27.6 - https:\/\/yoast.com\/product\/yoast-seo-wordpress\/ -->\n<title>Mape - TO Kola\u0161in<\/title>\n<meta name=\"robots\" content=\"index, follow, max-snippet:-1, max-image-preview:large, max-video-preview:-1\" \/>\n<link rel=\"canonical\" href=\"https:\/\/kolasin.me\/me\/mape\/\" \/>\n<meta property=\"og:locale\" content=\"bs_BA\" \/>\n<meta property=\"og:type\" content=\"article\" \/>\n<meta property=\"og:title\" content=\"Mape - TO Kola\u0161in\" \/>\n<meta property=\"og:description\" content=\"Mapa grada\" \/>\n<meta property=\"og:url\" content=\"https:\/\/kolasin.me\/me\/mape\/\" \/>\n<meta property=\"og:site_name\" content=\"TO Kola\u0161in\" \/>\n<meta property=\"article:publisher\" content=\"https:\/\/www.facebook.com\/profile.php?id=61577932100861#\" \/>\n<meta property=\"article:modified_time\" content=\"2025-10-29T13:16:54+00:00\" \/>\n<meta property=\"og:image\" content=\"https:\/\/kolasin.me\/wp-content\/uploads\/2025\/06\/Mapa-Kolasin-FINALNI-PRIKAZ-1-1024x614.jpg\" \/>\n<meta name=\"twitter:card\" content=\"summary_large_image\" \/>\n<script type=\"application\/ld+json\" class=\"yoast-schema-graph\">{\"@context\":\"https:\\\/\\\/schema.org\",\"@graph\":[{\"@type\":\"WebPage\",\"@id\":\"https:\\\/\\\/kolasin.me\\\/mape\\\/\",\"url\":\"https:\\\/\\\/kolasin.me\\\/mape\\\/\",\"name\":\"Mape - TO Kola\u0161in\",\"isPartOf\":{\"@id\":\"https:\\\/\\\/kolasin.me\\\/#website\"},\"primaryImageOfPage\":{\"@id\":\"https:\\\/\\\/kolasin.me\\\/mape\\\/#primaryimage\"},\"image\":{\"@id\":\"https:\\\/\\\/kolasin.me\\\/mape\\\/#primaryimage\"},\"thumbnailUrl\":\"https:\\\/\\\/kolasin.me\\\/wp-content\\\/uploads\\\/2025\\\/06\\\/Mapa-Kolasin-FINALNI-PRIKAZ-1-1024x614.jpg\",\"datePublished\":\"2025-06-30T21:37:28+00:00\",\"dateModified\":\"2025-10-29T13:16:54+00:00\",\"breadcrumb\":{\"@id\":\"https:\\\/\\\/kolasin.me\\\/mape\\\/#breadcrumb\"},\"inLanguage\":\"bs-BA\",\"potentialAction\":[{\"@type\":\"ReadAction\",\"target\":[\"https:\\\/\\\/kolasin.me\\\/mape\\\/\"]}]},{\"@type\":\"ImageObject\",\"inLanguage\":\"bs-BA\",\"@id\":\"https:\\\/\\\/kolasin.me\\\/mape\\\/#primaryimage\",\"url\":\"https:\\\/\\\/kolasin.me\\\/wp-content\\\/uploads\\\/2025\\\/06\\\/Mapa-Kolasin-FINALNI-PRIKAZ-1-1024x614.jpg\",\"contentUrl\":\"https:\\\/\\\/kolasin.me\\\/wp-content\\\/uploads\\\/2025\\\/06\\\/Mapa-Kolasin-FINALNI-PRIKAZ-1-1024x614.jpg\"},{\"@type\":\"BreadcrumbList\",\"@id\":\"https:\\\/\\\/kolasin.me\\\/mape\\\/#breadcrumb\",\"itemListElement\":[{\"@type\":\"ListItem\",\"position\":1,\"name\":\"Home\",\"item\":\"https:\\\/\\\/kolasin.me\\\/\"},{\"@type\":\"ListItem\",\"position\":2,\"name\":\"Mape\"}]},{\"@type\":\"WebSite\",\"@id\":\"https:\\\/\\\/kolasin.me\\\/#website\",\"url\":\"https:\\\/\\\/kolasin.me\\\/\",\"name\":\"TO Kola\u0161in\",\"description\":\"Turisti\u010dka Organizacija Kola\u0161in\",\"publisher\":{\"@id\":\"https:\\\/\\\/kolasin.me\\\/#organization\"},\"alternateName\":\"Turisti\u010dka Organizacija Kola\u0161in\",\"potentialAction\":[{\"@type\":\"SearchAction\",\"target\":{\"@type\":\"EntryPoint\",\"urlTemplate\":\"https:\\\/\\\/kolasin.me\\\/?s={search_term_string}\"},\"query-input\":{\"@type\":\"PropertyValueSpecification\",\"valueRequired\":true,\"valueName\":\"search_term_string\"}}],\"inLanguage\":\"bs-BA\"},{\"@type\":\"Organization\",\"@id\":\"https:\\\/\\\/kolasin.me\\\/#organization\",\"name\":\"TO Kola\u0161in\",\"alternateName\":\"Turisti\u010dka Organizacije Kola\u0161in\",\"url\":\"https:\\\/\\\/kolasin.me\\\/\",\"logo\":{\"@type\":\"ImageObject\",\"inLanguage\":\"bs-BA\",\"@id\":\"https:\\\/\\\/kolasin.me\\\/#\\\/schema\\\/logo\\\/image\\\/\",\"url\":\"https:\\\/\\\/i0.wp.com\\\/kolasin.me\\\/wp-content\\\/uploads\\\/2025\\\/10\\\/tokolasin-logo.jpg?fit=800%2C515&ssl=1\",\"contentUrl\":\"https:\\\/\\\/i0.wp.com\\\/kolasin.me\\\/wp-content\\\/uploads\\\/2025\\\/10\\\/tokolasin-logo.jpg?fit=800%2C515&ssl=1\",\"width\":800,\"height\":515,\"caption\":\"TO Kola\u0161in\"},\"image\":{\"@id\":\"https:\\\/\\\/kolasin.me\\\/#\\\/schema\\\/logo\\\/image\\\/\"},\"sameAs\":[\"https:\\\/\\\/www.facebook.com\\\/profile.php?id=61577932100861#\",\"https:\\\/\\\/www.instagram.com\\\/to.kolasin\\\/?hl=en\"]}]}<\/script>\n<!-- \/ Yoast SEO plugin. -->","yoast_head_json":{"title":"Mape - TO Kola\u0161in","robots":{"index":"index","follow":"follow","max-snippet":"max-snippet:-1","max-image-preview":"max-image-preview:large","max-video-preview":"max-video-preview:-1"},"canonical":"https:\/\/kolasin.me\/me\/mape\/","og_locale":"bs_BA","og_type":"article","og_title":"Mape - TO Kola\u0161in","og_description":"Mapa grada","og_url":"https:\/\/kolasin.me\/me\/mape\/","og_site_name":"TO Kola\u0161in","article_publisher":"https:\/\/www.facebook.com\/profile.php?id=61577932100861#","article_modified_time":"2025-10-29T13:16:54+00:00","og_image":[{"url":"https:\/\/kolasin.me\/wp-content\/uploads\/2025\/06\/Mapa-Kolasin-FINALNI-PRIKAZ-1-1024x614.jpg","type":"","width":"","height":""}],"twitter_card":"summary_large_image","schema":{"@context":"https:\/\/schema.org","@graph":[{"@type":"WebPage","@id":"https:\/\/kolasin.me\/mape\/","url":"https:\/\/kolasin.me\/mape\/","name":"Mape - TO Kola\u0161in","isPartOf":{"@id":"https:\/\/kolasin.me\/#website"},"primaryImageOfPage":{"@id":"https:\/\/kolasin.me\/mape\/#primaryimage"},"image":{"@id":"https:\/\/kolasin.me\/mape\/#primaryimage"},"thumbnailUrl":"https:\/\/kolasin.me\/wp-content\/uploads\/2025\/06\/Mapa-Kolasin-FINALNI-PRIKAZ-1-1024x614.jpg","datePublished":"2025-06-30T21:37:28+00:00","dateModified":"2025-10-29T13:16:54+00:00","breadcrumb":{"@id":"https:\/\/kolasin.me\/mape\/#breadcrumb"},"inLanguage":"bs-BA","potentialAction":[{"@type":"ReadAction","target":["https:\/\/kolasin.me\/mape\/"]}]},{"@type":"ImageObject","inLanguage":"bs-BA","@id":"https:\/\/kolasin.me\/mape\/#primaryimage","url":"https:\/\/kolasin.me\/wp-content\/uploads\/2025\/06\/Mapa-Kolasin-FINALNI-PRIKAZ-1-1024x614.jpg","contentUrl":"https:\/\/kolasin.me\/wp-content\/uploads\/2025\/06\/Mapa-Kolasin-FINALNI-PRIKAZ-1-1024x614.jpg"},{"@type":"BreadcrumbList","@id":"https:\/\/kolasin.me\/mape\/#breadcrumb","itemListElement":[{"@type":"ListItem","position":1,"name":"Home","item":"https:\/\/kolasin.me\/"},{"@type":"ListItem","position":2,"name":"Mape"}]},{"@type":"WebSite","@id":"https:\/\/kolasin.me\/#website","url":"https:\/\/kolasin.me\/","name":"TO Kola\u0161in","description":"Turisti\u010dka Organizacija Kola\u0161in","publisher":{"@id":"https:\/\/kolasin.me\/#organization"},"alternateName":"Turisti\u010dka Organizacija Kola\u0161in","potentialAction":[{"@type":"SearchAction","target":{"@type":"EntryPoint","urlTemplate":"https:\/\/kolasin.me\/?s={search_term_string}"},"query-input":{"@type":"PropertyValueSpecification","valueRequired":true,"valueName":"search_term_string"}}],"inLanguage":"bs-BA"},{"@type":"Organization","@id":"https:\/\/kolasin.me\/#organization","name":"TO Kola\u0161in","alternateName":"Turisti\u010dka Organizacije Kola\u0161in","url":"https:\/\/kolasin.me\/","logo":{"@type":"ImageObject","inLanguage":"bs-BA","@id":"https:\/\/kolasin.me\/#\/schema\/logo\/image\/","url":"https:\/\/i0.wp.com\/kolasin.me\/wp-content\/uploads\/2025\/10\/tokolasin-logo.jpg?fit=800%2C515&ssl=1","contentUrl":"https:\/\/i0.wp.com\/kolasin.me\/wp-content\/uploads\/2025\/10\/tokolasin-logo.jpg?fit=800%2C515&ssl=1","width":800,"height":515,"caption":"TO Kola\u0161in"},"image":{"@id":"https:\/\/kolasin.me\/#\/schema\/logo\/image\/"},"sameAs":["https:\/\/www.facebook.com\/profile.php?id=61577932100861#","https:\/\/www.instagram.com\/to.kolasin\/?hl=en"]}]}},"jetpack_sharing_enabled":true,"jetpack_shortlink":"https:\/\/wp.me\/Pgiv2T-8F","_links":{"self":[{"href":"https:\/\/kolasin.me\/me\/wp-json\/wp\/v2\/pages\/537","targetHints":{"allow":["GET"]}}],"collection":[{"href":"https:\/\/kolasin.me\/me\/wp-json\/wp\/v2\/pages"}],"about":[{"href":"https:\/\/kolasin.me\/me\/wp-json\/wp\/v2\/types\/page"}],"author":[{"embeddable":true,"href":"https:\/\/kolasin.me\/me\/wp-json\/wp\/v2\/users\/209674362"}],"replies":[{"embeddable":true,"href":"https:\/\/kolasin.me\/me\/wp-json\/wp\/v2\/comments?post=537"}],"version-history":[{"count":4,"href":"https:\/\/kolasin.me\/me\/wp-json\/wp\/v2\/pages\/537\/revisions"}],"predecessor-version":[{"id":3239,"href":"https:\/\/kolasin.me\/me\/wp-json\/wp\/v2\/pages\/537\/revisions\/3239"}],"wp:attachment":[{"href":"https:\/\/kolasin.me\/me\/wp-json\/wp\/v2\/media?parent=537"}],"curies":[{"name":"wp","href":"https:\/\/api.w.org\/{rel}","templated":true}]}}