{"id":533,"date":"2025-06-30T21:35:57","date_gmt":"2025-06-30T21:35:57","guid":{"rendered":"https:\/\/kolasin.me\/?page_id=533"},"modified":"2025-12-24T11:59:33","modified_gmt":"2025-12-24T11:59:33","slug":"kako-do-nas","status":"publish","type":"page","link":"https:\/\/kolasin.me\/me\/kako-do-nas\/","title":{"rendered":"Kako do nas?"},"content":{"rendered":"\n<p class=\"wp-block-paragraph\">Do Kola\u0161ina mo\u017eete do\u0107i vozom, autobusom ili u svojoj re\u017eiji \u2013 automobilom.<br>Voz mo\u017ee biti izbor dolaska do Kola\u0161ina, jer do njega saobra\u0107a pruga Beograd\u2013Bar.\u00a0\u017delje\u017eni\u010dka stanica je od grada udaljena 1.5 km.<\/p>\n\n\n\n<p class=\"wp-block-paragraph\"><strong>Avionom<\/strong><\/p>\n\n\n\n<p class=\"wp-block-paragraph\">Najbli\u017ei aerodrom Kola\u0161inu je me\u0111unarodni aerodrom Podgorica, udaljen 80 km, dok je aerodrom u Tivtu udaljen 154 km.<\/p>\n\n\n\n<p class=\"wp-block-paragraph\">Aerodrom Podgorica (TGD)<br>Tel.: +382 (0) 20 444 244<br>e-mail: info@apm.co.me<br>Website:\u00a0www.montenegroairports.com<\/p>\n\n\n\n<p class=\"wp-block-paragraph\">Aerodrom Tivat (TIV)<br>Tel.: +382 (0) 32 671 337 , 670 930<br>e-mail: info.tivat@apm.co.me<br>Website:\u00a0www.montenegroairports.com<\/p>\n\n\n\n<p class=\"wp-block-paragraph\"><strong>Autobusom<\/strong><\/p>\n\n\n\n<p class=\"wp-block-paragraph\">Autobuska stanica Kola\u0161in<br>Adresa: Junaka Mojkova\u010dke Bitke, Kola\u0161in 81210<br>Tel.: +382 81 864 033<\/p>\n\n\n\n<p class=\"wp-block-paragraph\">Ve\u0107ina aktuelnih autobuskih linija vode kroz Kola\u0161in.<\/p>\n\n\n\n<p class=\"wp-block-paragraph\">Website:&nbsp;www.busterminal.me<\/p>\n\n\n\n<p class=\"wp-block-paragraph\"><strong>Automobilom<\/strong><\/p>\n\n\n\n<p class=\"wp-block-paragraph\">Do Kola\u0161ina se mo\u017ee sti\u0107i magistralnim putem preko Podgorice (75 km), autoputem Princeza Ksenija (41 km)  ili Bijelog Polja od kojeg je Kola\u0161in udaljen 54 km.<\/p>\n\n\n\n<p class=\"wp-block-paragraph\">Auto moto savez Crne Gore<br>Tel.: +382 19807, +382 20 234 999<br>e-mail: amscg@t-com.me<br>Website:\u00a0www.amscg.org<br>Eurohelp: +382 19812<\/p>\n","protected":false},"excerpt":{"rendered":"<p>Do Kola\u0161ina mo\u017eete do\u0107i vozom, autobusom ili u svojoj re\u017eiji \u2013 automobilom.Voz mo\u017ee biti izbor dolaska do Kola\u0161ina, jer do njega saobra\u0107a pruga Beograd\u2013Bar.\u00a0\u017delje\u017eni\u010dka stanica je od grada udaljena 1.5 km. Avionom Najbli\u017ei aerodrom Kola\u0161inu je me\u0111unarodni aerodrom Podgorica, udaljen 80 km, dok je aerodrom u Tivtu udaljen 154 km. Aerodrom Podgorica (TGD)Tel.: +382 (0)<a href=\"https:\/\/kolasin.me\/me\/kako-do-nas\/\">Continue reading <span class=\"sr-only\">&#8220;Kako do nas?&#8221;<\/span><\/a><\/p>\n","protected":false},"author":209674362,"featured_media":0,"parent":0,"menu_order":0,"comment_status":"closed","ping_status":"closed","template":"","meta":{"_crdt_document":"","footnotes":""},"class_list":["post-533","page","type-page","status-publish","hentry"],"yoast_head":"<!-- This site is optimized with the Yoast SEO plugin v27.5 - https:\/\/yoast.com\/product\/yoast-seo-wordpress\/ -->\n<title>Kako do nas? - TO Kola\u0161in<\/title>\n<meta name=\"robots\" content=\"index, follow, max-snippet:-1, max-image-preview:large, max-video-preview:-1\" \/>\n<link rel=\"canonical\" href=\"https:\/\/kolasin.me\/me\/kako-do-nas\/\" \/>\n<meta property=\"og:locale\" content=\"bs_BA\" \/>\n<meta property=\"og:type\" content=\"article\" \/>\n<meta property=\"og:title\" content=\"Kako do nas? - TO Kola\u0161in\" \/>\n<meta property=\"og:description\" content=\"Do Kola\u0161ina mo\u017eete do\u0107i vozom, autobusom ili u svojoj re\u017eiji \u2013 automobilom.Voz mo\u017ee biti izbor dolaska do Kola\u0161ina, jer do njega saobra\u0107a pruga Beograd\u2013Bar.\u00a0\u017delje\u017eni\u010dka stanica je od grada udaljena 1.5 km. Avionom Najbli\u017ei aerodrom Kola\u0161inu je me\u0111unarodni aerodrom Podgorica, udaljen 80 km, dok je aerodrom u Tivtu udaljen 154 km. Aerodrom Podgorica (TGD)Tel.: +382 (0)Continue reading &quot;Kako do nas?&quot;\" \/>\n<meta property=\"og:url\" content=\"https:\/\/kolasin.me\/me\/kako-do-nas\/\" \/>\n<meta property=\"og:site_name\" content=\"TO Kola\u0161in\" \/>\n<meta property=\"article:publisher\" content=\"https:\/\/www.facebook.com\/profile.php?id=61577932100861#\" \/>\n<meta property=\"article:modified_time\" content=\"2025-12-24T11:59:33+00:00\" \/>\n<meta property=\"og:image\" content=\"https:\/\/i0.wp.com\/kolasin.me\/wp-content\/uploads\/2025\/10\/tokolasin-logo.jpg?fit=800%2C515&ssl=1\" \/>\n\t<meta property=\"og:image:width\" content=\"800\" \/>\n\t<meta property=\"og:image:height\" content=\"515\" \/>\n\t<meta property=\"og:image:type\" content=\"image\/jpeg\" \/>\n<meta name=\"twitter:card\" content=\"summary_large_image\" \/>\n<meta name=\"twitter:label1\" content=\"Est. reading time\" \/>\n\t<meta name=\"twitter:data1\" content=\"1 minuta\" \/>\n<script type=\"application\/ld+json\" class=\"yoast-schema-graph\">{\"@context\":\"https:\\\/\\\/schema.org\",\"@graph\":[{\"@type\":\"WebPage\",\"@id\":\"https:\\\/\\\/kolasin.me\\\/kako-do-nas\\\/\",\"url\":\"https:\\\/\\\/kolasin.me\\\/kako-do-nas\\\/\",\"name\":\"Kako do nas? - TO Kola\u0161in\",\"isPartOf\":{\"@id\":\"https:\\\/\\\/kolasin.me\\\/#website\"},\"datePublished\":\"2025-06-30T21:35:57+00:00\",\"dateModified\":\"2025-12-24T11:59:33+00:00\",\"breadcrumb\":{\"@id\":\"https:\\\/\\\/kolasin.me\\\/kako-do-nas\\\/#breadcrumb\"},\"inLanguage\":\"bs-BA\",\"potentialAction\":[{\"@type\":\"ReadAction\",\"target\":[\"https:\\\/\\\/kolasin.me\\\/kako-do-nas\\\/\"]}]},{\"@type\":\"BreadcrumbList\",\"@id\":\"https:\\\/\\\/kolasin.me\\\/kako-do-nas\\\/#breadcrumb\",\"itemListElement\":[{\"@type\":\"ListItem\",\"position\":1,\"name\":\"Home\",\"item\":\"https:\\\/\\\/kolasin.me\\\/\"},{\"@type\":\"ListItem\",\"position\":2,\"name\":\"Kako do nas?\"}]},{\"@type\":\"WebSite\",\"@id\":\"https:\\\/\\\/kolasin.me\\\/#website\",\"url\":\"https:\\\/\\\/kolasin.me\\\/\",\"name\":\"TO Kola\u0161in\",\"description\":\"Turisti\u010dka Organizacija Kola\u0161in\",\"publisher\":{\"@id\":\"https:\\\/\\\/kolasin.me\\\/#organization\"},\"alternateName\":\"Turisti\u010dka Organizacija Kola\u0161in\",\"potentialAction\":[{\"@type\":\"SearchAction\",\"target\":{\"@type\":\"EntryPoint\",\"urlTemplate\":\"https:\\\/\\\/kolasin.me\\\/?s={search_term_string}\"},\"query-input\":{\"@type\":\"PropertyValueSpecification\",\"valueRequired\":true,\"valueName\":\"search_term_string\"}}],\"inLanguage\":\"bs-BA\"},{\"@type\":\"Organization\",\"@id\":\"https:\\\/\\\/kolasin.me\\\/#organization\",\"name\":\"TO Kola\u0161in\",\"alternateName\":\"Turisti\u010dka Organizacije Kola\u0161in\",\"url\":\"https:\\\/\\\/kolasin.me\\\/\",\"logo\":{\"@type\":\"ImageObject\",\"inLanguage\":\"bs-BA\",\"@id\":\"https:\\\/\\\/kolasin.me\\\/#\\\/schema\\\/logo\\\/image\\\/\",\"url\":\"https:\\\/\\\/i0.wp.com\\\/kolasin.me\\\/wp-content\\\/uploads\\\/2025\\\/10\\\/tokolasin-logo.jpg?fit=800%2C515&ssl=1\",\"contentUrl\":\"https:\\\/\\\/i0.wp.com\\\/kolasin.me\\\/wp-content\\\/uploads\\\/2025\\\/10\\\/tokolasin-logo.jpg?fit=800%2C515&ssl=1\",\"width\":800,\"height\":515,\"caption\":\"TO Kola\u0161in\"},\"image\":{\"@id\":\"https:\\\/\\\/kolasin.me\\\/#\\\/schema\\\/logo\\\/image\\\/\"},\"sameAs\":[\"https:\\\/\\\/www.facebook.com\\\/profile.php?id=61577932100861#\",\"https:\\\/\\\/www.instagram.com\\\/to.kolasin\\\/?hl=en\"]}]}<\/script>\n<!-- \/ Yoast SEO plugin. -->","yoast_head_json":{"title":"Kako do nas? - TO Kola\u0161in","robots":{"index":"index","follow":"follow","max-snippet":"max-snippet:-1","max-image-preview":"max-image-preview:large","max-video-preview":"max-video-preview:-1"},"canonical":"https:\/\/kolasin.me\/me\/kako-do-nas\/","og_locale":"bs_BA","og_type":"article","og_title":"Kako do nas? - TO Kola\u0161in","og_description":"Do Kola\u0161ina mo\u017eete do\u0107i vozom, autobusom ili u svojoj re\u017eiji \u2013 automobilom.Voz mo\u017ee biti izbor dolaska do Kola\u0161ina, jer do njega saobra\u0107a pruga Beograd\u2013Bar.\u00a0\u017delje\u017eni\u010dka stanica je od grada udaljena 1.5 km. Avionom Najbli\u017ei aerodrom Kola\u0161inu je me\u0111unarodni aerodrom Podgorica, udaljen 80 km, dok je aerodrom u Tivtu udaljen 154 km. Aerodrom Podgorica (TGD)Tel.: +382 (0)Continue reading \"Kako do nas?\"","og_url":"https:\/\/kolasin.me\/me\/kako-do-nas\/","og_site_name":"TO Kola\u0161in","article_publisher":"https:\/\/www.facebook.com\/profile.php?id=61577932100861#","article_modified_time":"2025-12-24T11:59:33+00:00","og_image":[{"width":800,"height":515,"url":"https:\/\/i0.wp.com\/kolasin.me\/wp-content\/uploads\/2025\/10\/tokolasin-logo.jpg?fit=800%2C515&ssl=1","type":"image\/jpeg"}],"twitter_card":"summary_large_image","twitter_misc":{"Est. reading time":"1 minuta"},"schema":{"@context":"https:\/\/schema.org","@graph":[{"@type":"WebPage","@id":"https:\/\/kolasin.me\/kako-do-nas\/","url":"https:\/\/kolasin.me\/kako-do-nas\/","name":"Kako do nas? - TO Kola\u0161in","isPartOf":{"@id":"https:\/\/kolasin.me\/#website"},"datePublished":"2025-06-30T21:35:57+00:00","dateModified":"2025-12-24T11:59:33+00:00","breadcrumb":{"@id":"https:\/\/kolasin.me\/kako-do-nas\/#breadcrumb"},"inLanguage":"bs-BA","potentialAction":[{"@type":"ReadAction","target":["https:\/\/kolasin.me\/kako-do-nas\/"]}]},{"@type":"BreadcrumbList","@id":"https:\/\/kolasin.me\/kako-do-nas\/#breadcrumb","itemListElement":[{"@type":"ListItem","position":1,"name":"Home","item":"https:\/\/kolasin.me\/"},{"@type":"ListItem","position":2,"name":"Kako do nas?"}]},{"@type":"WebSite","@id":"https:\/\/kolasin.me\/#website","url":"https:\/\/kolasin.me\/","name":"TO Kola\u0161in","description":"Turisti\u010dka Organizacija Kola\u0161in","publisher":{"@id":"https:\/\/kolasin.me\/#organization"},"alternateName":"Turisti\u010dka Organizacija Kola\u0161in","potentialAction":[{"@type":"SearchAction","target":{"@type":"EntryPoint","urlTemplate":"https:\/\/kolasin.me\/?s={search_term_string}"},"query-input":{"@type":"PropertyValueSpecification","valueRequired":true,"valueName":"search_term_string"}}],"inLanguage":"bs-BA"},{"@type":"Organization","@id":"https:\/\/kolasin.me\/#organization","name":"TO Kola\u0161in","alternateName":"Turisti\u010dka Organizacije Kola\u0161in","url":"https:\/\/kolasin.me\/","logo":{"@type":"ImageObject","inLanguage":"bs-BA","@id":"https:\/\/kolasin.me\/#\/schema\/logo\/image\/","url":"https:\/\/i0.wp.com\/kolasin.me\/wp-content\/uploads\/2025\/10\/tokolasin-logo.jpg?fit=800%2C515&ssl=1","contentUrl":"https:\/\/i0.wp.com\/kolasin.me\/wp-content\/uploads\/2025\/10\/tokolasin-logo.jpg?fit=800%2C515&ssl=1","width":800,"height":515,"caption":"TO Kola\u0161in"},"image":{"@id":"https:\/\/kolasin.me\/#\/schema\/logo\/image\/"},"sameAs":["https:\/\/www.facebook.com\/profile.php?id=61577932100861#","https:\/\/www.instagram.com\/to.kolasin\/?hl=en"]}]}},"jetpack_sharing_enabled":true,"jetpack_shortlink":"https:\/\/wp.me\/Pgiv2T-8B","_links":{"self":[{"href":"https:\/\/kolasin.me\/me\/wp-json\/wp\/v2\/pages\/533","targetHints":{"allow":["GET"]}}],"collection":[{"href":"https:\/\/kolasin.me\/me\/wp-json\/wp\/v2\/pages"}],"about":[{"href":"https:\/\/kolasin.me\/me\/wp-json\/wp\/v2\/types\/page"}],"author":[{"embeddable":true,"href":"https:\/\/kolasin.me\/me\/wp-json\/wp\/v2\/users\/209674362"}],"replies":[{"embeddable":true,"href":"https:\/\/kolasin.me\/me\/wp-json\/wp\/v2\/comments?post=533"}],"version-history":[{"count":4,"href":"https:\/\/kolasin.me\/me\/wp-json\/wp\/v2\/pages\/533\/revisions"}],"predecessor-version":[{"id":3786,"href":"https:\/\/kolasin.me\/me\/wp-json\/wp\/v2\/pages\/533\/revisions\/3786"}],"wp:attachment":[{"href":"https:\/\/kolasin.me\/me\/wp-json\/wp\/v2\/media?parent=533"}],"curies":[{"name":"wp","href":"https:\/\/api.w.org\/{rel}","templated":true}]}}