{"id":3523,"date":"2025-11-11T12:05:35","date_gmt":"2025-11-11T12:05:35","guid":{"rendered":"https:\/\/kolasin.me\/?page_id=3523"},"modified":"2025-11-18T07:51:40","modified_gmt":"2025-11-18T07:51:40","slug":"pjesacke-staze","status":"publish","type":"page","link":"https:\/\/kolasin.me\/me\/pjesacke-staze\/","title":{"rendered":"Pje\u0161a\u010dke staze &#8211; istra\u017ei prirodu na korak od grada!"},"content":{"rendered":"\n<details class=\"wp-block-stackable-accordion stk-block-accordion stk-inner-blocks stk-block-content stk-block stk-c63003f is-style-plain\" data-block-id=\"c63003f\"><style>.stk-c63003f {border-style:solid !important;border-color:#dfdad1 !important;border-top-width:0px !important;border-right-width:0px !important;border-bottom-width:1px !important;border-left-width:0px !important;padding-bottom:24px !important;}<\/style>\n<summary class=\"wp-block-stackable-column stk-block-column stk-column stk-block stk-4f9af51 stk--container-small stk-block-accordion__heading\" data-v=\"4\" data-block-id=\"4f9af51\"><div class=\"stk-column-wrapper stk-block-column__content stk-container stk-4f9af51-container stk--no-background stk--no-padding\"><div class=\"stk-block-content stk-inner-blocks stk-4f9af51-inner-blocks\">\n<div class=\"wp-block-stackable-icon-label stk-block-icon-label stk-block stk-ecf3a00\" data-block-id=\"ecf3a00\"><div class=\"stk-row stk-inner-blocks stk-block-content\">\n<div class=\"wp-block-stackable-heading stk-block-heading stk-block-heading--v2 stk-block stk-b3160b5\" id=\"trim-staza-vodenica-kolasin-basanje-brdo-i-nazad\" data-block-id=\"b3160b5\"><h3 class=\"stk-block-heading__text\">Trim staza Vodenica Kola\u0161in-Ba\u0161anje brdo i nazad<\/h3><\/div>\n\n\n\n<div class=\"wp-block-stackable-icon stk-block-icon stk-block stk-998e792\" data-block-id=\"998e792\"><span class=\"stk--svg-wrapper\"><div class=\"stk--inner-svg\"><svg style=\"height:0;width:0\"><defs><linearGradient id=\"linear-gradient-998e792\" x1=\"0\" x2=\"100%\" y1=\"0\" y2=\"0\"><stop offset=\"0%\" style=\"stop-opacity:1;stop-color:var(--linear-gradient-998-e-792-color-1)\"><\/stop><stop offset=\"100%\" style=\"stop-opacity:1;stop-color:var(--linear-gradient-998-e-792-color-2)\"><\/stop><\/linearGradient><\/defs><\/svg><svg data-prefix=\"fas\" data-icon=\"chevron-down\" class=\"svg-inline--fa fa-chevron-down fa-w-14\" xmlns=\"http:\/\/www.w3.org\/2000\/svg\" viewBox=\"0 0 448 512\" aria-hidden=\"true\" width=\"32\" height=\"32\"><path fill=\"currentColor\" d=\"M207.029 381.476L12.686 187.132c-9.373-9.373-9.373-24.569 0-33.941l22.667-22.667c9.357-9.357 24.522-9.375 33.901-.04L224 284.505l154.745-154.021c9.379-9.335 24.544-9.317 33.901.04l22.667 22.667c9.373 9.373 9.373 24.569 0 33.941L240.971 381.476c-9.373 9.372-24.569 9.372-33.942 0z\"><\/path><\/svg><\/div><\/span><\/div>\n<\/div><\/div>\n<\/div><\/div><\/summary>\n\n\n\n<div class=\"wp-block-stackable-column stk-block-column stk-column stk-block stk-b2cf0d3 stk-block-accordion__content\" data-v=\"4\" data-block-id=\"b2cf0d3\"><style>.stk-b2cf0d3-container{padding-top:0px !important;padding-right:0px !important;padding-bottom:0px !important;padding-left:0px !important;}<\/style><div class=\"stk-column-wrapper stk-block-column__content stk-container stk-b2cf0d3-container stk--no-background stk--no-padding\"><div class=\"stk-block-content stk-inner-blocks stk-b2cf0d3-inner-blocks\">\n<div class=\"wp-block-stackable-text stk-block-text stk-block stk-1c4e7ce\" data-block-id=\"1c4e7ce\"><p class=\"stk-block-text__text\">Du\u017eina staze: 2,10 km<br>Visinska razlika: 113 m<br>Vrijeme potrebno za prolaz: 30 min<\/p><\/div>\n\n\n\n<figure class=\"wp-block-image size-large\"><img data-recalc-dims=\"1\" loading=\"lazy\" decoding=\"async\" width=\"1024\" height=\"683\" data-attachment-id=\"3544\" data-permalink=\"https:\/\/kolasin.me\/me\/pjesacke-staze\/pjesacke-staze-kolasin-basanje-brdo01-1\/\" data-orig-file=\"https:\/\/i0.wp.com\/kolasin.me\/wp-content\/uploads\/2025\/11\/pjesacke-staze-kolasin-basanje-brdo01-1.jpg?fit=2048%2C1365&amp;ssl=1\" data-orig-size=\"2048,1365\" data-comments-opened=\"1\" data-image-meta=\"{&quot;aperture&quot;:&quot;0&quot;,&quot;credit&quot;:&quot;&quot;,&quot;camera&quot;:&quot;&quot;,&quot;caption&quot;:&quot;&quot;,&quot;created_timestamp&quot;:&quot;0&quot;,&quot;copyright&quot;:&quot;&quot;,&quot;focal_length&quot;:&quot;0&quot;,&quot;iso&quot;:&quot;0&quot;,&quot;shutter_speed&quot;:&quot;0&quot;,&quot;title&quot;:&quot;&quot;,&quot;orientation&quot;:&quot;0&quot;}\" data-image-title=\"pjesacke-staze-kolasin-basanje-brdo01 (1)\" data-image-description=\"\" data-image-caption=\"\" data-large-file=\"https:\/\/i0.wp.com\/kolasin.me\/wp-content\/uploads\/2025\/11\/pjesacke-staze-kolasin-basanje-brdo01-1.jpg?fit=1024%2C683&amp;ssl=1\" src=\"https:\/\/i0.wp.com\/kolasin.me\/wp-content\/uploads\/2025\/11\/pjesacke-staze-kolasin-basanje-brdo01-1.jpg?resize=1024%2C683&#038;ssl=1\" alt=\"\" class=\"wp-image-3544\" srcset=\"https:\/\/i0.wp.com\/kolasin.me\/wp-content\/uploads\/2025\/11\/pjesacke-staze-kolasin-basanje-brdo01-1.jpg?resize=1024%2C683&amp;ssl=1 1024w, https:\/\/i0.wp.com\/kolasin.me\/wp-content\/uploads\/2025\/11\/pjesacke-staze-kolasin-basanje-brdo01-1.jpg?resize=300%2C200&amp;ssl=1 300w, https:\/\/i0.wp.com\/kolasin.me\/wp-content\/uploads\/2025\/11\/pjesacke-staze-kolasin-basanje-brdo01-1.jpg?resize=768%2C512&amp;ssl=1 768w, https:\/\/i0.wp.com\/kolasin.me\/wp-content\/uploads\/2025\/11\/pjesacke-staze-kolasin-basanje-brdo01-1.jpg?resize=1536%2C1024&amp;ssl=1 1536w, https:\/\/i0.wp.com\/kolasin.me\/wp-content\/uploads\/2025\/11\/pjesacke-staze-kolasin-basanje-brdo01-1.jpg?resize=18%2C12&amp;ssl=1 18w, https:\/\/i0.wp.com\/kolasin.me\/wp-content\/uploads\/2025\/11\/pjesacke-staze-kolasin-basanje-brdo01-1.jpg?resize=1200%2C800&amp;ssl=1 1200w, https:\/\/i0.wp.com\/kolasin.me\/wp-content\/uploads\/2025\/11\/pjesacke-staze-kolasin-basanje-brdo01-1.jpg?w=2048&amp;ssl=1 2048w\" sizes=\"auto, (max-width: 1000px) 100vw, 1000px\" \/><\/figure>\n\n\n\n<p class=\"wp-block-paragraph\">Opis: Staza kre\u0107e iz Kola\u0161ina, od restorana Vodenica i u po\u010detku ide asfaltnim putem, zatim se, u naselju Breza, penje kroz bukovu i borovu \u0161umu do lokaliteta Voltica. Od Voltice staza dalje navi\u0161e kru\u017eno ide trim stazom a potom se nakon povratka na Volticu, vra\u0107a istom putanjom, kroz \u0161umu na asfaltni put i po\u010detak staze. Na Voltici postoje sprave za vje\u017ebanje i klupa za odmor. Staza je idealna za jogging.<\/p>\n\n\n\n<div class=\"wp-block-stackable-button-group stk-block-button-group stk-block stk-8fae8e8\" data-block-id=\"8fae8e8\"><div class=\"stk-row stk-inner-blocks stk-block-content stk-button-group\">\n<div class=\"wp-block-stackable-button stk-block-button stk-block stk-b89aeda\" data-block-id=\"b89aeda\"><a class=\"stk-link stk-button stk--hover-effect-darken\" href=\"\"><span class=\"stk-button__inner-text\">Preuzmi kod<\/span><\/a><\/div>\n<\/div><\/div>\n<\/div><\/div><\/div>\n<\/details>\n","protected":false},"excerpt":{"rendered":"<p>Trim staza Vodenica Kola\u0161in-Ba\u0161anje brdo i nazad Du\u017eina staze: 2,10 kmVisinska razlika: 113 mVrijeme potrebno za prolaz: 30 min Opis: Staza kre\u0107e iz Kola\u0161ina, od restorana Vodenica i u po\u010detku ide asfaltnim putem, zatim se, u naselju Breza, penje kroz bukovu i borovu \u0161umu do lokaliteta Voltica. Od Voltice staza dalje navi\u0161e kru\u017eno ide trim<a href=\"https:\/\/kolasin.me\/me\/pjesacke-staze\/\">Continue reading <span class=\"sr-only\">&#8220;Pje\u0161a\u010dke staze &#8211; istra\u017ei prirodu na korak od grada!&#8221;<\/span><\/a><\/p>\n","protected":false},"author":209674362,"featured_media":0,"parent":0,"menu_order":0,"comment_status":"closed","ping_status":"closed","template":"","meta":{"_crdt_document":"","footnotes":""},"class_list":["post-3523","page","type-page","status-publish","hentry"],"yoast_head":"<!-- This site is optimized with the Yoast SEO plugin v27.4 - https:\/\/yoast.com\/product\/yoast-seo-wordpress\/ -->\n<title>Pje\u0161a\u010dke staze - istra\u017ei prirodu na korak od grada! - TO Kola\u0161in<\/title>\n<meta name=\"robots\" content=\"index, follow, max-snippet:-1, max-image-preview:large, max-video-preview:-1\" \/>\n<link rel=\"canonical\" href=\"https:\/\/kolasin.me\/me\/pjesacke-staze\/\" \/>\n<meta property=\"og:locale\" content=\"bs_BA\" \/>\n<meta property=\"og:type\" content=\"article\" \/>\n<meta property=\"og:title\" content=\"Pje\u0161a\u010dke staze - istra\u017ei prirodu na korak od grada! - TO Kola\u0161in\" \/>\n<meta property=\"og:description\" content=\"Trim staza Vodenica Kola\u0161in-Ba\u0161anje brdo i nazad Du\u017eina staze: 2,10 kmVisinska razlika: 113 mVrijeme potrebno za prolaz: 30 min Opis: Staza kre\u0107e iz Kola\u0161ina, od restorana Vodenica i u po\u010detku ide asfaltnim putem, zatim se, u naselju Breza, penje kroz bukovu i borovu \u0161umu do lokaliteta Voltica. Od Voltice staza dalje navi\u0161e kru\u017eno ide trimContinue reading &quot;Pje\u0161a\u010dke staze &#8211; istra\u017ei prirodu na korak od grada!&quot;\" \/>\n<meta property=\"og:url\" content=\"https:\/\/kolasin.me\/me\/pjesacke-staze\/\" \/>\n<meta property=\"og:site_name\" content=\"TO Kola\u0161in\" \/>\n<meta property=\"article:publisher\" content=\"https:\/\/www.facebook.com\/profile.php?id=61577932100861#\" \/>\n<meta property=\"article:modified_time\" content=\"2025-11-18T07:51:40+00:00\" \/>\n<meta property=\"og:image\" content=\"https:\/\/kolasin.me\/wp-content\/uploads\/2025\/11\/pjesacke-staze-kolasin-basanje-brdo01-1-1024x683.jpg\" \/>\n<meta name=\"twitter:card\" content=\"summary_large_image\" \/>\n<script type=\"application\/ld+json\" class=\"yoast-schema-graph\">{\"@context\":\"https:\\\/\\\/schema.org\",\"@graph\":[{\"@type\":\"WebPage\",\"@id\":\"https:\\\/\\\/kolasin.me\\\/pjesacke-staze\\\/\",\"url\":\"https:\\\/\\\/kolasin.me\\\/pjesacke-staze\\\/\",\"name\":\"Pje\u0161a\u010dke staze - istra\u017ei prirodu na korak od grada! - TO Kola\u0161in\",\"isPartOf\":{\"@id\":\"https:\\\/\\\/kolasin.me\\\/#website\"},\"primaryImageOfPage\":{\"@id\":\"https:\\\/\\\/kolasin.me\\\/pjesacke-staze\\\/#primaryimage\"},\"image\":{\"@id\":\"https:\\\/\\\/kolasin.me\\\/pjesacke-staze\\\/#primaryimage\"},\"thumbnailUrl\":\"https:\\\/\\\/kolasin.me\\\/wp-content\\\/uploads\\\/2025\\\/11\\\/pjesacke-staze-kolasin-basanje-brdo01-1-1024x683.jpg\",\"datePublished\":\"2025-11-11T12:05:35+00:00\",\"dateModified\":\"2025-11-18T07:51:40+00:00\",\"breadcrumb\":{\"@id\":\"https:\\\/\\\/kolasin.me\\\/pjesacke-staze\\\/#breadcrumb\"},\"inLanguage\":\"bs-BA\",\"potentialAction\":[{\"@type\":\"ReadAction\",\"target\":[\"https:\\\/\\\/kolasin.me\\\/pjesacke-staze\\\/\"]}]},{\"@type\":\"ImageObject\",\"inLanguage\":\"bs-BA\",\"@id\":\"https:\\\/\\\/kolasin.me\\\/pjesacke-staze\\\/#primaryimage\",\"url\":\"https:\\\/\\\/kolasin.me\\\/wp-content\\\/uploads\\\/2025\\\/11\\\/pjesacke-staze-kolasin-basanje-brdo01-1-1024x683.jpg\",\"contentUrl\":\"https:\\\/\\\/kolasin.me\\\/wp-content\\\/uploads\\\/2025\\\/11\\\/pjesacke-staze-kolasin-basanje-brdo01-1-1024x683.jpg\"},{\"@type\":\"BreadcrumbList\",\"@id\":\"https:\\\/\\\/kolasin.me\\\/pjesacke-staze\\\/#breadcrumb\",\"itemListElement\":[{\"@type\":\"ListItem\",\"position\":1,\"name\":\"Home\",\"item\":\"https:\\\/\\\/kolasin.me\\\/\"},{\"@type\":\"ListItem\",\"position\":2,\"name\":\"Pje\u0161a\u010dke staze &#8211; istra\u017ei prirodu na korak od grada!\"}]},{\"@type\":\"WebSite\",\"@id\":\"https:\\\/\\\/kolasin.me\\\/#website\",\"url\":\"https:\\\/\\\/kolasin.me\\\/\",\"name\":\"TO Kola\u0161in\",\"description\":\"Turisti\u010dka Organizacija Kola\u0161in\",\"publisher\":{\"@id\":\"https:\\\/\\\/kolasin.me\\\/#organization\"},\"alternateName\":\"Turisti\u010dka Organizacija Kola\u0161in\",\"potentialAction\":[{\"@type\":\"SearchAction\",\"target\":{\"@type\":\"EntryPoint\",\"urlTemplate\":\"https:\\\/\\\/kolasin.me\\\/?s={search_term_string}\"},\"query-input\":{\"@type\":\"PropertyValueSpecification\",\"valueRequired\":true,\"valueName\":\"search_term_string\"}}],\"inLanguage\":\"bs-BA\"},{\"@type\":\"Organization\",\"@id\":\"https:\\\/\\\/kolasin.me\\\/#organization\",\"name\":\"TO Kola\u0161in\",\"alternateName\":\"Turisti\u010dka Organizacije Kola\u0161in\",\"url\":\"https:\\\/\\\/kolasin.me\\\/\",\"logo\":{\"@type\":\"ImageObject\",\"inLanguage\":\"bs-BA\",\"@id\":\"https:\\\/\\\/kolasin.me\\\/#\\\/schema\\\/logo\\\/image\\\/\",\"url\":\"https:\\\/\\\/i0.wp.com\\\/kolasin.me\\\/wp-content\\\/uploads\\\/2025\\\/10\\\/tokolasin-logo.jpg?fit=800%2C515&ssl=1\",\"contentUrl\":\"https:\\\/\\\/i0.wp.com\\\/kolasin.me\\\/wp-content\\\/uploads\\\/2025\\\/10\\\/tokolasin-logo.jpg?fit=800%2C515&ssl=1\",\"width\":800,\"height\":515,\"caption\":\"TO Kola\u0161in\"},\"image\":{\"@id\":\"https:\\\/\\\/kolasin.me\\\/#\\\/schema\\\/logo\\\/image\\\/\"},\"sameAs\":[\"https:\\\/\\\/www.facebook.com\\\/profile.php?id=61577932100861#\",\"https:\\\/\\\/www.instagram.com\\\/to.kolasin\\\/?hl=en\"]}]}<\/script>\n<!-- \/ Yoast SEO plugin. -->","yoast_head_json":{"title":"Pje\u0161a\u010dke staze - istra\u017ei prirodu na korak od grada! - TO Kola\u0161in","robots":{"index":"index","follow":"follow","max-snippet":"max-snippet:-1","max-image-preview":"max-image-preview:large","max-video-preview":"max-video-preview:-1"},"canonical":"https:\/\/kolasin.me\/me\/pjesacke-staze\/","og_locale":"bs_BA","og_type":"article","og_title":"Pje\u0161a\u010dke staze - istra\u017ei prirodu na korak od grada! - TO Kola\u0161in","og_description":"Trim staza Vodenica Kola\u0161in-Ba\u0161anje brdo i nazad Du\u017eina staze: 2,10 kmVisinska razlika: 113 mVrijeme potrebno za prolaz: 30 min Opis: Staza kre\u0107e iz Kola\u0161ina, od restorana Vodenica i u po\u010detku ide asfaltnim putem, zatim se, u naselju Breza, penje kroz bukovu i borovu \u0161umu do lokaliteta Voltica. Od Voltice staza dalje navi\u0161e kru\u017eno ide trimContinue reading \"Pje\u0161a\u010dke staze &#8211; istra\u017ei prirodu na korak od grada!\"","og_url":"https:\/\/kolasin.me\/me\/pjesacke-staze\/","og_site_name":"TO Kola\u0161in","article_publisher":"https:\/\/www.facebook.com\/profile.php?id=61577932100861#","article_modified_time":"2025-11-18T07:51:40+00:00","og_image":[{"url":"https:\/\/kolasin.me\/wp-content\/uploads\/2025\/11\/pjesacke-staze-kolasin-basanje-brdo01-1-1024x683.jpg","type":"","width":"","height":""}],"twitter_card":"summary_large_image","schema":{"@context":"https:\/\/schema.org","@graph":[{"@type":"WebPage","@id":"https:\/\/kolasin.me\/pjesacke-staze\/","url":"https:\/\/kolasin.me\/pjesacke-staze\/","name":"Pje\u0161a\u010dke staze - istra\u017ei prirodu na korak od grada! - TO Kola\u0161in","isPartOf":{"@id":"https:\/\/kolasin.me\/#website"},"primaryImageOfPage":{"@id":"https:\/\/kolasin.me\/pjesacke-staze\/#primaryimage"},"image":{"@id":"https:\/\/kolasin.me\/pjesacke-staze\/#primaryimage"},"thumbnailUrl":"https:\/\/kolasin.me\/wp-content\/uploads\/2025\/11\/pjesacke-staze-kolasin-basanje-brdo01-1-1024x683.jpg","datePublished":"2025-11-11T12:05:35+00:00","dateModified":"2025-11-18T07:51:40+00:00","breadcrumb":{"@id":"https:\/\/kolasin.me\/pjesacke-staze\/#breadcrumb"},"inLanguage":"bs-BA","potentialAction":[{"@type":"ReadAction","target":["https:\/\/kolasin.me\/pjesacke-staze\/"]}]},{"@type":"ImageObject","inLanguage":"bs-BA","@id":"https:\/\/kolasin.me\/pjesacke-staze\/#primaryimage","url":"https:\/\/kolasin.me\/wp-content\/uploads\/2025\/11\/pjesacke-staze-kolasin-basanje-brdo01-1-1024x683.jpg","contentUrl":"https:\/\/kolasin.me\/wp-content\/uploads\/2025\/11\/pjesacke-staze-kolasin-basanje-brdo01-1-1024x683.jpg"},{"@type":"BreadcrumbList","@id":"https:\/\/kolasin.me\/pjesacke-staze\/#breadcrumb","itemListElement":[{"@type":"ListItem","position":1,"name":"Home","item":"https:\/\/kolasin.me\/"},{"@type":"ListItem","position":2,"name":"Pje\u0161a\u010dke staze &#8211; istra\u017ei prirodu na korak od grada!"}]},{"@type":"WebSite","@id":"https:\/\/kolasin.me\/#website","url":"https:\/\/kolasin.me\/","name":"TO Kola\u0161in","description":"Turisti\u010dka Organizacija Kola\u0161in","publisher":{"@id":"https:\/\/kolasin.me\/#organization"},"alternateName":"Turisti\u010dka Organizacija Kola\u0161in","potentialAction":[{"@type":"SearchAction","target":{"@type":"EntryPoint","urlTemplate":"https:\/\/kolasin.me\/?s={search_term_string}"},"query-input":{"@type":"PropertyValueSpecification","valueRequired":true,"valueName":"search_term_string"}}],"inLanguage":"bs-BA"},{"@type":"Organization","@id":"https:\/\/kolasin.me\/#organization","name":"TO Kola\u0161in","alternateName":"Turisti\u010dka Organizacije Kola\u0161in","url":"https:\/\/kolasin.me\/","logo":{"@type":"ImageObject","inLanguage":"bs-BA","@id":"https:\/\/kolasin.me\/#\/schema\/logo\/image\/","url":"https:\/\/i0.wp.com\/kolasin.me\/wp-content\/uploads\/2025\/10\/tokolasin-logo.jpg?fit=800%2C515&ssl=1","contentUrl":"https:\/\/i0.wp.com\/kolasin.me\/wp-content\/uploads\/2025\/10\/tokolasin-logo.jpg?fit=800%2C515&ssl=1","width":800,"height":515,"caption":"TO Kola\u0161in"},"image":{"@id":"https:\/\/kolasin.me\/#\/schema\/logo\/image\/"},"sameAs":["https:\/\/www.facebook.com\/profile.php?id=61577932100861#","https:\/\/www.instagram.com\/to.kolasin\/?hl=en"]}]}},"jetpack_sharing_enabled":true,"jetpack_shortlink":"https:\/\/wp.me\/Pgiv2T-UP","_links":{"self":[{"href":"https:\/\/kolasin.me\/me\/wp-json\/wp\/v2\/pages\/3523","targetHints":{"allow":["GET"]}}],"collection":[{"href":"https:\/\/kolasin.me\/me\/wp-json\/wp\/v2\/pages"}],"about":[{"href":"https:\/\/kolasin.me\/me\/wp-json\/wp\/v2\/types\/page"}],"author":[{"embeddable":true,"href":"https:\/\/kolasin.me\/me\/wp-json\/wp\/v2\/users\/209674362"}],"replies":[{"embeddable":true,"href":"https:\/\/kolasin.me\/me\/wp-json\/wp\/v2\/comments?post=3523"}],"version-history":[{"count":16,"href":"https:\/\/kolasin.me\/me\/wp-json\/wp\/v2\/pages\/3523\/revisions"}],"predecessor-version":[{"id":3590,"href":"https:\/\/kolasin.me\/me\/wp-json\/wp\/v2\/pages\/3523\/revisions\/3590"}],"wp:attachment":[{"href":"https:\/\/kolasin.me\/me\/wp-json\/wp\/v2\/media?parent=3523"}],"curies":[{"name":"wp","href":"https:\/\/api.w.org\/{rel}","templated":true}]}}