{"id":123,"date":"2025-01-24T16:36:19","date_gmt":"2025-01-24T16:36:19","guid":{"rendered":"https:\/\/kolasin.me\/?page_id=123"},"modified":"2025-01-28T12:38:00","modified_gmt":"2025-01-28T12:38:00","slug":"tango-kamp","status":"publish","type":"page","link":"https:\/\/kolasin.me\/me\/tango-kamp\/","title":{"rendered":"Tango kamp"},"content":{"rendered":"\n<p class=\"wp-block-paragraph\">Tango Kamp u Kola\u0161inu je festival&nbsp; za sve koji vole argentinski tango, planine, avanture i zabavu.<\/p>\n\n\n\n<p class=\"wp-block-paragraph\">Ovaj doga\u0111aj u trajanju od 15 dana u toku mjeseca jula okuplja skoro hiljadu u\u010desnika iz 35 zemalja svijeta koji ple\u0161u i u\u010de tango od profesionalnih instruktora instituta Tango Natural, kao i druge programe posve\u0107ene duhu i tijelu,&nbsp; razne aktivnosti na otvorenom uz svje\u017ei planinski vazduh i dobru doma\u0107u hranu.<\/p>\n\n\n\n<p class=\"wp-block-paragraph\">Tango kamp je dobitnik Wild beauty nagrade crnogorske Nacionalne turisti\u010dke organizacije i jedna od devet manifestacija koje je NTO stavila na spisak onih koje ne smijete propustiti ako dolazite u Crnu Goru.&nbsp;<\/p>\n\n\n\n<p class=\"wp-block-paragraph\">Fotografije i snimci koji kombinuju ljepote Crne Gore sa masovnim plesnim scenama obi\u0161le su svijet privla\u010de\u0107i veliku pa\u017enju na ovaj rijetko atraktivan doga\u0111aj.<\/p>\n\n\n\n<p class=\"wp-block-paragraph\">Kako se pokazalo tokom devet godina postojanja manifestacije, Tango kamp je mnogo vi\u0161e od plesnog doga\u0111aja. Osim plesnih i muzi\u010dkih sadr\u017eaja vezanih za argentinski tango, svakodnevno uklju\u010duje razli\u010dite izlete, mnogo planinarenja, \u010dasove joge, relaks i antistres programe, biciklizam, penjanje, jahanje, streli\u010darstvo, kreativne radionice za djecu, muzi\u010dke radionice, predavanja, projekcije, argentinske folklorne plesove&#8230; Za vrijeme doga\u0111aja, svakog dana radi i \u0161kola tanga za potpune po\u010detnike. I to sve je besplatno za kola\u0161ince i sve turiste, neplesa\u010de koji posjete Kola\u0161in.<\/p>\n\n\n\n<p class=\"wp-block-paragraph\">Kao i u prethodnim izdanjima, Tango kamp \u0107e i narednog ljeta ugostiti neke od vrhunskih argentinskih tango muzi\u010dara, kao i poznate evropske instruktore, plesa\u010de i DJ-eve.<\/p>\n","protected":false},"excerpt":{"rendered":"<p>Tango Kamp u Kola\u0161inu je festival&nbsp; za sve koji vole argentinski tango, planine, avanture i zabavu. Ovaj doga\u0111aj u trajanju od 15 dana u toku mjeseca jula okuplja skoro hiljadu u\u010desnika iz 35 zemalja svijeta koji ple\u0161u i u\u010de tango od profesionalnih instruktora instituta Tango Natural, kao i druge programe posve\u0107ene duhu i tijelu,&nbsp; razne<a href=\"https:\/\/kolasin.me\/me\/tango-kamp\/\">Continue reading <span class=\"sr-only\">&#8220;Tango kamp&#8221;<\/span><\/a><\/p>\n","protected":false},"author":209674362,"featured_media":151,"parent":0,"menu_order":0,"comment_status":"closed","ping_status":"closed","template":"","meta":{"_crdt_document":"","footnotes":""},"class_list":["post-123","page","type-page","status-publish","has-post-thumbnail","hentry"],"yoast_head":"<!-- This site is optimized with the Yoast SEO plugin v27.3 - https:\/\/yoast.com\/product\/yoast-seo-wordpress\/ -->\n<title>Tango kamp - TO Kola\u0161in<\/title>\n<meta name=\"robots\" content=\"index, follow, max-snippet:-1, max-image-preview:large, max-video-preview:-1\" \/>\n<link rel=\"canonical\" href=\"https:\/\/kolasin.me\/me\/tango-kamp\/\" \/>\n<meta property=\"og:locale\" content=\"bs_BA\" \/>\n<meta property=\"og:type\" content=\"article\" \/>\n<meta property=\"og:title\" content=\"Tango kamp - TO Kola\u0161in\" \/>\n<meta property=\"og:description\" content=\"Tango Kamp u Kola\u0161inu je festival&nbsp; za sve koji vole argentinski tango, planine, avanture i zabavu. Ovaj doga\u0111aj u trajanju od 15 dana u toku mjeseca jula okuplja skoro hiljadu u\u010desnika iz 35 zemalja svijeta koji ple\u0161u i u\u010de tango od profesionalnih instruktora instituta Tango Natural, kao i druge programe posve\u0107ene duhu i tijelu,&nbsp; razneContinue reading &quot;Tango kamp&quot;\" \/>\n<meta property=\"og:url\" content=\"https:\/\/kolasin.me\/me\/tango-kamp\/\" \/>\n<meta property=\"og:site_name\" content=\"TO Kola\u0161in\" \/>\n<meta property=\"article:publisher\" content=\"https:\/\/www.facebook.com\/profile.php?id=61577932100861#\" \/>\n<meta property=\"article:modified_time\" content=\"2025-01-28T12:38:00+00:00\" \/>\n<meta property=\"og:image\" content=\"https:\/\/i0.wp.com\/kolasin.me\/wp-content\/uploads\/2025\/01\/Tango-kamp-7.jpeg?fit=2048%2C1360&ssl=1\" \/>\n\t<meta property=\"og:image:width\" content=\"2048\" \/>\n\t<meta property=\"og:image:height\" content=\"1360\" \/>\n\t<meta property=\"og:image:type\" content=\"image\/jpeg\" \/>\n<meta name=\"twitter:card\" content=\"summary_large_image\" \/>\n<meta name=\"twitter:label1\" content=\"Est. reading time\" \/>\n\t<meta name=\"twitter:data1\" content=\"1 minuta\" \/>\n<script type=\"application\/ld+json\" class=\"yoast-schema-graph\">{\"@context\":\"https:\\\/\\\/schema.org\",\"@graph\":[{\"@type\":\"WebPage\",\"@id\":\"https:\\\/\\\/kolasin.me\\\/tango-kamp\\\/\",\"url\":\"https:\\\/\\\/kolasin.me\\\/tango-kamp\\\/\",\"name\":\"Tango kamp - TO Kola\u0161in\",\"isPartOf\":{\"@id\":\"https:\\\/\\\/kolasin.me\\\/#website\"},\"primaryImageOfPage\":{\"@id\":\"https:\\\/\\\/kolasin.me\\\/tango-kamp\\\/#primaryimage\"},\"image\":{\"@id\":\"https:\\\/\\\/kolasin.me\\\/tango-kamp\\\/#primaryimage\"},\"thumbnailUrl\":\"https:\\\/\\\/i0.wp.com\\\/kolasin.me\\\/wp-content\\\/uploads\\\/2025\\\/01\\\/Tango-kamp-7.jpeg?fit=2048%2C1360&ssl=1\",\"datePublished\":\"2025-01-24T16:36:19+00:00\",\"dateModified\":\"2025-01-28T12:38:00+00:00\",\"breadcrumb\":{\"@id\":\"https:\\\/\\\/kolasin.me\\\/tango-kamp\\\/#breadcrumb\"},\"inLanguage\":\"bs-BA\",\"potentialAction\":[{\"@type\":\"ReadAction\",\"target\":[\"https:\\\/\\\/kolasin.me\\\/tango-kamp\\\/\"]}]},{\"@type\":\"ImageObject\",\"inLanguage\":\"bs-BA\",\"@id\":\"https:\\\/\\\/kolasin.me\\\/tango-kamp\\\/#primaryimage\",\"url\":\"https:\\\/\\\/i0.wp.com\\\/kolasin.me\\\/wp-content\\\/uploads\\\/2025\\\/01\\\/Tango-kamp-7.jpeg?fit=2048%2C1360&ssl=1\",\"contentUrl\":\"https:\\\/\\\/i0.wp.com\\\/kolasin.me\\\/wp-content\\\/uploads\\\/2025\\\/01\\\/Tango-kamp-7.jpeg?fit=2048%2C1360&ssl=1\",\"width\":2048,\"height\":1360},{\"@type\":\"BreadcrumbList\",\"@id\":\"https:\\\/\\\/kolasin.me\\\/tango-kamp\\\/#breadcrumb\",\"itemListElement\":[{\"@type\":\"ListItem\",\"position\":1,\"name\":\"Home\",\"item\":\"https:\\\/\\\/kolasin.me\\\/\"},{\"@type\":\"ListItem\",\"position\":2,\"name\":\"Tango kamp\"}]},{\"@type\":\"WebSite\",\"@id\":\"https:\\\/\\\/kolasin.me\\\/#website\",\"url\":\"https:\\\/\\\/kolasin.me\\\/\",\"name\":\"TO Kola\u0161in\",\"description\":\"Turisti\u010dka Organizacija Kola\u0161in\",\"publisher\":{\"@id\":\"https:\\\/\\\/kolasin.me\\\/#organization\"},\"alternateName\":\"Turisti\u010dka Organizacija Kola\u0161in\",\"potentialAction\":[{\"@type\":\"SearchAction\",\"target\":{\"@type\":\"EntryPoint\",\"urlTemplate\":\"https:\\\/\\\/kolasin.me\\\/?s={search_term_string}\"},\"query-input\":{\"@type\":\"PropertyValueSpecification\",\"valueRequired\":true,\"valueName\":\"search_term_string\"}}],\"inLanguage\":\"bs-BA\"},{\"@type\":\"Organization\",\"@id\":\"https:\\\/\\\/kolasin.me\\\/#organization\",\"name\":\"TO Kola\u0161in\",\"alternateName\":\"Turisti\u010dka Organizacije Kola\u0161in\",\"url\":\"https:\\\/\\\/kolasin.me\\\/\",\"logo\":{\"@type\":\"ImageObject\",\"inLanguage\":\"bs-BA\",\"@id\":\"https:\\\/\\\/kolasin.me\\\/#\\\/schema\\\/logo\\\/image\\\/\",\"url\":\"https:\\\/\\\/i0.wp.com\\\/kolasin.me\\\/wp-content\\\/uploads\\\/2025\\\/10\\\/tokolasin-logo.jpg?fit=800%2C515&ssl=1\",\"contentUrl\":\"https:\\\/\\\/i0.wp.com\\\/kolasin.me\\\/wp-content\\\/uploads\\\/2025\\\/10\\\/tokolasin-logo.jpg?fit=800%2C515&ssl=1\",\"width\":800,\"height\":515,\"caption\":\"TO Kola\u0161in\"},\"image\":{\"@id\":\"https:\\\/\\\/kolasin.me\\\/#\\\/schema\\\/logo\\\/image\\\/\"},\"sameAs\":[\"https:\\\/\\\/www.facebook.com\\\/profile.php?id=61577932100861#\",\"https:\\\/\\\/www.instagram.com\\\/to.kolasin\\\/?hl=en\"]}]}<\/script>\n<!-- \/ Yoast SEO plugin. -->","yoast_head_json":{"title":"Tango kamp - TO Kola\u0161in","robots":{"index":"index","follow":"follow","max-snippet":"max-snippet:-1","max-image-preview":"max-image-preview:large","max-video-preview":"max-video-preview:-1"},"canonical":"https:\/\/kolasin.me\/me\/tango-kamp\/","og_locale":"bs_BA","og_type":"article","og_title":"Tango kamp - TO Kola\u0161in","og_description":"Tango Kamp u Kola\u0161inu je festival&nbsp; za sve koji vole argentinski tango, planine, avanture i zabavu. Ovaj doga\u0111aj u trajanju od 15 dana u toku mjeseca jula okuplja skoro hiljadu u\u010desnika iz 35 zemalja svijeta koji ple\u0161u i u\u010de tango od profesionalnih instruktora instituta Tango Natural, kao i druge programe posve\u0107ene duhu i tijelu,&nbsp; razneContinue reading \"Tango kamp\"","og_url":"https:\/\/kolasin.me\/me\/tango-kamp\/","og_site_name":"TO Kola\u0161in","article_publisher":"https:\/\/www.facebook.com\/profile.php?id=61577932100861#","article_modified_time":"2025-01-28T12:38:00+00:00","og_image":[{"width":2048,"height":1360,"url":"https:\/\/i0.wp.com\/kolasin.me\/wp-content\/uploads\/2025\/01\/Tango-kamp-7.jpeg?fit=2048%2C1360&ssl=1","type":"image\/jpeg"}],"twitter_card":"summary_large_image","twitter_misc":{"Est. reading time":"1 minuta"},"schema":{"@context":"https:\/\/schema.org","@graph":[{"@type":"WebPage","@id":"https:\/\/kolasin.me\/tango-kamp\/","url":"https:\/\/kolasin.me\/tango-kamp\/","name":"Tango kamp - TO Kola\u0161in","isPartOf":{"@id":"https:\/\/kolasin.me\/#website"},"primaryImageOfPage":{"@id":"https:\/\/kolasin.me\/tango-kamp\/#primaryimage"},"image":{"@id":"https:\/\/kolasin.me\/tango-kamp\/#primaryimage"},"thumbnailUrl":"https:\/\/i0.wp.com\/kolasin.me\/wp-content\/uploads\/2025\/01\/Tango-kamp-7.jpeg?fit=2048%2C1360&ssl=1","datePublished":"2025-01-24T16:36:19+00:00","dateModified":"2025-01-28T12:38:00+00:00","breadcrumb":{"@id":"https:\/\/kolasin.me\/tango-kamp\/#breadcrumb"},"inLanguage":"bs-BA","potentialAction":[{"@type":"ReadAction","target":["https:\/\/kolasin.me\/tango-kamp\/"]}]},{"@type":"ImageObject","inLanguage":"bs-BA","@id":"https:\/\/kolasin.me\/tango-kamp\/#primaryimage","url":"https:\/\/i0.wp.com\/kolasin.me\/wp-content\/uploads\/2025\/01\/Tango-kamp-7.jpeg?fit=2048%2C1360&ssl=1","contentUrl":"https:\/\/i0.wp.com\/kolasin.me\/wp-content\/uploads\/2025\/01\/Tango-kamp-7.jpeg?fit=2048%2C1360&ssl=1","width":2048,"height":1360},{"@type":"BreadcrumbList","@id":"https:\/\/kolasin.me\/tango-kamp\/#breadcrumb","itemListElement":[{"@type":"ListItem","position":1,"name":"Home","item":"https:\/\/kolasin.me\/"},{"@type":"ListItem","position":2,"name":"Tango kamp"}]},{"@type":"WebSite","@id":"https:\/\/kolasin.me\/#website","url":"https:\/\/kolasin.me\/","name":"TO Kola\u0161in","description":"Turisti\u010dka Organizacija Kola\u0161in","publisher":{"@id":"https:\/\/kolasin.me\/#organization"},"alternateName":"Turisti\u010dka Organizacija Kola\u0161in","potentialAction":[{"@type":"SearchAction","target":{"@type":"EntryPoint","urlTemplate":"https:\/\/kolasin.me\/?s={search_term_string}"},"query-input":{"@type":"PropertyValueSpecification","valueRequired":true,"valueName":"search_term_string"}}],"inLanguage":"bs-BA"},{"@type":"Organization","@id":"https:\/\/kolasin.me\/#organization","name":"TO Kola\u0161in","alternateName":"Turisti\u010dka Organizacije Kola\u0161in","url":"https:\/\/kolasin.me\/","logo":{"@type":"ImageObject","inLanguage":"bs-BA","@id":"https:\/\/kolasin.me\/#\/schema\/logo\/image\/","url":"https:\/\/i0.wp.com\/kolasin.me\/wp-content\/uploads\/2025\/10\/tokolasin-logo.jpg?fit=800%2C515&ssl=1","contentUrl":"https:\/\/i0.wp.com\/kolasin.me\/wp-content\/uploads\/2025\/10\/tokolasin-logo.jpg?fit=800%2C515&ssl=1","width":800,"height":515,"caption":"TO Kola\u0161in"},"image":{"@id":"https:\/\/kolasin.me\/#\/schema\/logo\/image\/"},"sameAs":["https:\/\/www.facebook.com\/profile.php?id=61577932100861#","https:\/\/www.instagram.com\/to.kolasin\/?hl=en"]}]}},"jetpack_sharing_enabled":true,"jetpack_shortlink":"https:\/\/wp.me\/Pgiv2T-1Z","_links":{"self":[{"href":"https:\/\/kolasin.me\/me\/wp-json\/wp\/v2\/pages\/123","targetHints":{"allow":["GET"]}}],"collection":[{"href":"https:\/\/kolasin.me\/me\/wp-json\/wp\/v2\/pages"}],"about":[{"href":"https:\/\/kolasin.me\/me\/wp-json\/wp\/v2\/types\/page"}],"author":[{"embeddable":true,"href":"https:\/\/kolasin.me\/me\/wp-json\/wp\/v2\/users\/209674362"}],"replies":[{"embeddable":true,"href":"https:\/\/kolasin.me\/me\/wp-json\/wp\/v2\/comments?post=123"}],"version-history":[{"count":1,"href":"https:\/\/kolasin.me\/me\/wp-json\/wp\/v2\/pages\/123\/revisions"}],"predecessor-version":[{"id":124,"href":"https:\/\/kolasin.me\/me\/wp-json\/wp\/v2\/pages\/123\/revisions\/124"}],"wp:featuredmedia":[{"embeddable":true,"href":"https:\/\/kolasin.me\/me\/wp-json\/wp\/v2\/media\/151"}],"wp:attachment":[{"href":"https:\/\/kolasin.me\/me\/wp-json\/wp\/v2\/media?parent=123"}],"curies":[{"name":"wp","href":"https:\/\/api.w.org\/{rel}","templated":true}]}}