{"id":660,"date":"2025-07-01T12:34:39","date_gmt":"2025-07-01T12:34:39","guid":{"rendered":"https:\/\/kolasin.me\/?page_id=660"},"modified":"2025-12-22T12:10:29","modified_gmt":"2025-12-22T12:10:29","slug":"stories-and-legends","status":"publish","type":"page","link":"https:\/\/kolasin.me\/en\/price-i-legende\/","title":{"rendered":"Stories and legends"},"content":{"rendered":"<p class=\"wp-block-paragraph\">Kola\u0161in, although a small town, offers a rich experience full of legends, traditions and magical nature. Spend an hour exploring it and you will immediately discover the strange stories and customs that bring this town to life.<\/p>\n\n\n\n<p class=\"wp-block-paragraph\"><strong>Legends about fairies:<\/strong><\/p>\n\n\n\n<ul class=\"wp-block-list\">\n<li><strong>Pe\u0161i\u0107a Lake:<\/strong> According to legend, a fairy lives in the lake and enchants people with her song and dance. Her presence is said to bring happiness and love to those who see her.<\/li>\n\n\n\n<li><strong>Captain&#039;s Lake:<\/strong> This lake was named after Captain Mu\u0161ovi\u0107, where the fairies would bathe and drink water. When they were done, they would close the spring and leave. One night the fairies forgot to close the spring and the lake flooded the katun where the captain lived.<\/li>\n\n\n\n<li><strong>Mrtvica River Canyon:<\/strong> In this canyon, according to legend, you meet fairies who dance to the sounds of the Dead and fulfill wishes.<\/li>\n<\/ul>\n\n\n\n<p class=\"wp-block-paragraph\"><strong>Legend of Biograd Lake:<\/strong><\/p>\n\n\n\n<p class=\"wp-block-paragraph\">This legend tells about two brothers who quarreled over the division of grain. In his rage, one brother killed the other. Their mother, overcome with grief, cursed her son, and her curse created a lake at the place where the accident happened.&nbsp;<\/p>\n\n\n\n<p class=\"wp-block-paragraph\"><strong>The legend of the &quot;Wedding Cemetery&quot;:<\/strong><\/p>\n\n\n\n<p class=\"wp-block-paragraph\">There is also a legend that can be heard when passing by the &quot;Svatovsko groblje&quot;, a place that remains famous for how the wedding party who went to pick up the bride, with several horses, was left stranded in a blizzard. And indeed, every time it stops at this place, tourists are advised to warm up well before getting out of the vehicle, because of the strong northerly wind that is constant in this part of the mountain.<\/p>\n\n\n\n<p class=\"wp-block-paragraph\"><strong>Traditional games:<\/strong><\/p>\n\n\n\n<p class=\"wp-block-paragraph\">Kola\u0161in is famous for its traditional games, there are 42 of them and 14 of them are protected as intangible cultural heritage. Each of these games has a rich history. It is a unique opportunity to get acquainted with the old customs and culture of this region.<\/p>\n\n\n\n<p class=\"wp-block-paragraph\">This is just a small introduction to what Kola\u0161in has to offer. Come and explore for yourself and discover the hidden legends and stories of this area!<\/p>","protected":false},"excerpt":{"rendered":"<p>Kola\u0161in, although a small town, offers a rich experience full of legends, traditions and magical nature. Spend an hour exploring it and you will immediately discover the strange stories and customs that bring this town to life. Legends about fairies: The Legend of Biograd Lake: This legend tells of two brothers who quarreled over the division of grain. In its<a href=\"https:\/\/kolasin.me\/en\/price-i-legende\/\">Continue reading <span class=\"sr-only\">\u201cStories and Legends\u201d<\/span><\/a><\/p>","protected":false},"author":209674362,"featured_media":0,"parent":0,"menu_order":0,"comment_status":"closed","ping_status":"closed","template":"","meta":{"_crdt_document":"","footnotes":""},"class_list":["post-660","page","type-page","status-publish","hentry"],"yoast_head":"<!-- This site is optimized with the Yoast SEO plugin v27.3 - https:\/\/yoast.com\/product\/yoast-seo-wordpress\/ -->\n<title>Pri\u010de i legende - TO Kola\u0161in<\/title>\n<meta name=\"robots\" content=\"index, follow, max-snippet:-1, max-image-preview:large, max-video-preview:-1\" \/>\n<link rel=\"canonical\" href=\"https:\/\/kolasin.me\/en\/stories-and-legends\/\" \/>\n<meta property=\"og:locale\" content=\"en_GB\" \/>\n<meta property=\"og:type\" content=\"article\" \/>\n<meta property=\"og:title\" content=\"Pri\u010de i legende - TO Kola\u0161in\" \/>\n<meta property=\"og:description\" content=\"Kola\u0161in, iako mali grad, nudi bogato iskustvo puno legendi, tradicije i \u010darobne prirode. Dovoljno je da provedete sat vremena istra\u017euju\u0107i ga i odmah \u0107ete otkriti \u010dudne pri\u010de i obi\u010daje koji o\u017eivljavaju ovaj gradi\u0107. Legende o vilama: Legenda o Biogradskom jezeru: Ova legenda govori o dva brata koji su se posva\u0111ali oko podjele \u017eita. U svomContinue reading &quot;Pri\u010de i legende&quot;\" \/>\n<meta property=\"og:url\" content=\"https:\/\/kolasin.me\/en\/stories-and-legends\/\" \/>\n<meta property=\"og:site_name\" content=\"TO Kola\u0161in\" \/>\n<meta property=\"article:publisher\" content=\"https:\/\/www.facebook.com\/profile.php?id=61577932100861#\" \/>\n<meta property=\"article:modified_time\" content=\"2025-12-22T12:10:29+00:00\" \/>\n<meta property=\"og:image\" content=\"https:\/\/i0.wp.com\/kolasin.me\/wp-content\/uploads\/2025\/10\/tokolasin-logo.jpg?fit=800%2C515&ssl=1\" \/>\n\t<meta property=\"og:image:width\" content=\"800\" \/>\n\t<meta property=\"og:image:height\" content=\"515\" \/>\n\t<meta property=\"og:image:type\" content=\"image\/jpeg\" \/>\n<meta name=\"twitter:card\" content=\"summary_large_image\" \/>\n<meta name=\"twitter:label1\" content=\"Estimated reading time\" \/>\n\t<meta name=\"twitter:data1\" content=\"2 minutes\" \/>\n<script type=\"application\/ld+json\" class=\"yoast-schema-graph\">{\"@context\":\"https:\\\/\\\/schema.org\",\"@graph\":[{\"@type\":\"WebPage\",\"@id\":\"https:\\\/\\\/kolasin.me\\\/price-i-legende\\\/\",\"url\":\"https:\\\/\\\/kolasin.me\\\/price-i-legende\\\/\",\"name\":\"Pri\u010de i legende - TO Kola\u0161in\",\"isPartOf\":{\"@id\":\"https:\\\/\\\/kolasin.me\\\/#website\"},\"datePublished\":\"2025-07-01T12:34:39+00:00\",\"dateModified\":\"2025-12-22T12:10:29+00:00\",\"breadcrumb\":{\"@id\":\"https:\\\/\\\/kolasin.me\\\/price-i-legende\\\/#breadcrumb\"},\"inLanguage\":\"en-GB\",\"potentialAction\":[{\"@type\":\"ReadAction\",\"target\":[\"https:\\\/\\\/kolasin.me\\\/price-i-legende\\\/\"]}]},{\"@type\":\"BreadcrumbList\",\"@id\":\"https:\\\/\\\/kolasin.me\\\/price-i-legende\\\/#breadcrumb\",\"itemListElement\":[{\"@type\":\"ListItem\",\"position\":1,\"name\":\"Home\",\"item\":\"https:\\\/\\\/kolasin.me\\\/\"},{\"@type\":\"ListItem\",\"position\":2,\"name\":\"Pri\u010de i legende\"}]},{\"@type\":\"WebSite\",\"@id\":\"https:\\\/\\\/kolasin.me\\\/#website\",\"url\":\"https:\\\/\\\/kolasin.me\\\/\",\"name\":\"TO Kola\u0161in\",\"description\":\"Turisti\u010dka Organizacija Kola\u0161in\",\"publisher\":{\"@id\":\"https:\\\/\\\/kolasin.me\\\/#organization\"},\"alternateName\":\"Turisti\u010dka Organizacija Kola\u0161in\",\"potentialAction\":[{\"@type\":\"SearchAction\",\"target\":{\"@type\":\"EntryPoint\",\"urlTemplate\":\"https:\\\/\\\/kolasin.me\\\/?s={search_term_string}\"},\"query-input\":{\"@type\":\"PropertyValueSpecification\",\"valueRequired\":true,\"valueName\":\"search_term_string\"}}],\"inLanguage\":\"en-GB\"},{\"@type\":\"Organization\",\"@id\":\"https:\\\/\\\/kolasin.me\\\/#organization\",\"name\":\"TO Kola\u0161in\",\"alternateName\":\"Turisti\u010dka Organizacije Kola\u0161in\",\"url\":\"https:\\\/\\\/kolasin.me\\\/\",\"logo\":{\"@type\":\"ImageObject\",\"inLanguage\":\"en-GB\",\"@id\":\"https:\\\/\\\/kolasin.me\\\/#\\\/schema\\\/logo\\\/image\\\/\",\"url\":\"https:\\\/\\\/i0.wp.com\\\/kolasin.me\\\/wp-content\\\/uploads\\\/2025\\\/10\\\/tokolasin-logo.jpg?fit=800%2C515&ssl=1\",\"contentUrl\":\"https:\\\/\\\/i0.wp.com\\\/kolasin.me\\\/wp-content\\\/uploads\\\/2025\\\/10\\\/tokolasin-logo.jpg?fit=800%2C515&ssl=1\",\"width\":800,\"height\":515,\"caption\":\"TO Kola\u0161in\"},\"image\":{\"@id\":\"https:\\\/\\\/kolasin.me\\\/#\\\/schema\\\/logo\\\/image\\\/\"},\"sameAs\":[\"https:\\\/\\\/www.facebook.com\\\/profile.php?id=61577932100861#\",\"https:\\\/\\\/www.instagram.com\\\/to.kolasin\\\/?hl=en\"]}]}<\/script>\n<!-- \/ Yoast SEO plugin. -->","yoast_head_json":{"title":"Stories and legends - TO Kola\u0161in","robots":{"index":"index","follow":"follow","max-snippet":"max-snippet:-1","max-image-preview":"max-image-preview:large","max-video-preview":"max-video-preview:-1"},"canonical":"https:\/\/kolasin.me\/en\/stories-and-legends\/","og_locale":"en_GB","og_type":"article","og_title":"Pri\u010de i legende - TO Kola\u0161in","og_description":"Kola\u0161in, iako mali grad, nudi bogato iskustvo puno legendi, tradicije i \u010darobne prirode. Dovoljno je da provedete sat vremena istra\u017euju\u0107i ga i odmah \u0107ete otkriti \u010dudne pri\u010de i obi\u010daje koji o\u017eivljavaju ovaj gradi\u0107. Legende o vilama: Legenda o Biogradskom jezeru: Ova legenda govori o dva brata koji su se posva\u0111ali oko podjele \u017eita. U svomContinue reading \"Pri\u010de i legende\"","og_url":"https:\/\/kolasin.me\/en\/stories-and-legends\/","og_site_name":"TO Kola\u0161in","article_publisher":"https:\/\/www.facebook.com\/profile.php?id=61577932100861#","article_modified_time":"2025-12-22T12:10:29+00:00","og_image":[{"width":800,"height":515,"url":"https:\/\/i0.wp.com\/kolasin.me\/wp-content\/uploads\/2025\/10\/tokolasin-logo.jpg?fit=800%2C515&ssl=1","type":"image\/jpeg"}],"twitter_card":"summary_large_image","twitter_misc":{"Estimated reading time":"2 minutes"},"schema":{"@context":"https:\/\/schema.org","@graph":[{"@type":"WebPage","@id":"https:\/\/kolasin.me\/price-i-legende\/","url":"https:\/\/kolasin.me\/price-i-legende\/","name":"Stories and legends - TO Kola\u0161in","isPartOf":{"@id":"https:\/\/kolasin.me\/#website"},"datePublished":"2025-07-01T12:34:39+00:00","dateModified":"2025-12-22T12:10:29+00:00","breadcrumb":{"@id":"https:\/\/kolasin.me\/price-i-legende\/#breadcrumb"},"inLanguage":"en-GB","potentialAction":[{"@type":"ReadAction","target":["https:\/\/kolasin.me\/price-i-legende\/"]}]},{"@type":"BreadcrumbList","@id":"https:\/\/kolasin.me\/price-i-legende\/#breadcrumb","itemListElement":[{"@type":"ListItem","position":1,"name":"Home","item":"https:\/\/kolasin.me\/"},{"@type":"ListItem","position":2,"name":"Pri\u010de i legende"}]},{"@type":"WebSite","@id":"https:\/\/kolasin.me\/#website","url":"https:\/\/kolasin.me\/","name":"TO Kolasin","description":"Tourist Organization Kola\u0161in","publisher":{"@id":"https:\/\/kolasin.me\/#organization"},"alternateName":"Turisti\u010dka Organizacija Kola\u0161in","potentialAction":[{"@type":"SearchAction","target":{"@type":"EntryPoint","urlTemplate":"https:\/\/kolasin.me\/?s={search_term_string}"},"query-input":{"@type":"PropertyValueSpecification","valueRequired":true,"valueName":"search_term_string"}}],"inLanguage":"en-GB"},{"@type":"Organization","@id":"https:\/\/kolasin.me\/#organization","name":"TO Kolasin","alternateName":"Turisti\u010dka Organizacije Kola\u0161in","url":"https:\/\/kolasin.me\/","logo":{"@type":"ImageObject","inLanguage":"en-GB","@id":"https:\/\/kolasin.me\/#\/schema\/logo\/image\/","url":"https:\/\/i0.wp.com\/kolasin.me\/wp-content\/uploads\/2025\/10\/tokolasin-logo.jpg?fit=800%2C515&ssl=1","contentUrl":"https:\/\/i0.wp.com\/kolasin.me\/wp-content\/uploads\/2025\/10\/tokolasin-logo.jpg?fit=800%2C515&ssl=1","width":800,"height":515,"caption":"TO Kola\u0161in"},"image":{"@id":"https:\/\/kolasin.me\/#\/schema\/logo\/image\/"},"sameAs":["https:\/\/www.facebook.com\/profile.php?id=61577932100861#","https:\/\/www.instagram.com\/to.kolasin\/?hl=en"]}]}},"jetpack_sharing_enabled":true,"jetpack_shortlink":"https:\/\/wp.me\/Pgiv2T-aE","_links":{"self":[{"href":"https:\/\/kolasin.me\/en\/wp-json\/wp\/v2\/pages\/660","targetHints":{"allow":["GET"]}}],"collection":[{"href":"https:\/\/kolasin.me\/en\/wp-json\/wp\/v2\/pages"}],"about":[{"href":"https:\/\/kolasin.me\/en\/wp-json\/wp\/v2\/types\/page"}],"author":[{"embeddable":true,"href":"https:\/\/kolasin.me\/en\/wp-json\/wp\/v2\/users\/209674362"}],"replies":[{"embeddable":true,"href":"https:\/\/kolasin.me\/en\/wp-json\/wp\/v2\/comments?post=660"}],"version-history":[{"count":3,"href":"https:\/\/kolasin.me\/en\/wp-json\/wp\/v2\/pages\/660\/revisions"}],"predecessor-version":[{"id":3716,"href":"https:\/\/kolasin.me\/en\/wp-json\/wp\/v2\/pages\/660\/revisions\/3716"}],"wp:attachment":[{"href":"https:\/\/kolasin.me\/en\/wp-json\/wp\/v2\/media?parent=660"}],"curies":[{"name":"wp","href":"https:\/\/api.w.org\/{rel}","templated":true}]}}