{"id":635,"date":"2025-07-01T12:25:13","date_gmt":"2025-07-01T12:25:13","guid":{"rendered":"https:\/\/kolasin.me\/?page_id=635"},"modified":"2026-03-20T12:24:32","modified_gmt":"2026-03-20T12:24:32","slug":"history","status":"publish","type":"page","link":"https:\/\/kolasin.me\/en\/istorijat\/","title":{"rendered":"History"},"content":{"rendered":"<p class=\"wp-block-paragraph\">There are many assumptions about how the city of Kola\u0161in got its name. According to some data, since this area was very attractive for the Turks (the reason for better control of the surrounding tribes), they stationed their unit of 50 soldiers there. At the head was a kolasija \u2013 corporal, hence the name after this Turkish rank. On the other hand, there are opinions that after the founding of the city of Kola\u0161in, as well as the entire area on the banks of the Tara River, it was called Kola\u0161inovi\u0107i. What we can say with certainty is that the city is of Turkish origin. <\/p>\n\n\n\n<p class=\"wp-block-paragraph\">Archaeological research has established that the area of the Kola\u0161in municipality was inhabited as early as the Bronze Age. A bronze axe dating from 1200\u2013800 BC was found in the vicinity of Kola\u0161in. Later, this area was inhabited by the Illyrian tribe Autoriati. The Romanization of the Illyrians began in the 3rd century BC. During the 7th century, the process of settlement of the Slavs in this area began.<\/p>\n\n\n\n<figure class=\"wp-block-image size-large\"><img data-recalc-dims=\"1\" loading=\"lazy\" decoding=\"async\" width=\"1024\" height=\"683\" data-attachment-id=\"636\" data-permalink=\"https:\/\/kolasin.me\/en\/istorijat\/kolasin\/\" data-orig-file=\"https:\/\/i0.wp.com\/kolasin.me\/wp-content\/uploads\/2025\/07\/Kolasin.jpg?fit=1620%2C1080&amp;ssl=1\" data-orig-size=\"1620,1080\" data-comments-opened=\"1\" data-image-meta=\"{&quot;aperture&quot;:&quot;0&quot;,&quot;credit&quot;:&quot;&quot;,&quot;camera&quot;:&quot;&quot;,&quot;caption&quot;:&quot;&quot;,&quot;created_timestamp&quot;:&quot;0&quot;,&quot;copyright&quot;:&quot;&quot;,&quot;focal_length&quot;:&quot;0&quot;,&quot;iso&quot;:&quot;0&quot;,&quot;shutter_speed&quot;:&quot;0&quot;,&quot;title&quot;:&quot;&quot;,&quot;orientation&quot;:&quot;0&quot;}\" data-image-title=\"Kolasin\" data-image-description=\"\" data-image-caption=\"\" data-large-file=\"https:\/\/i0.wp.com\/kolasin.me\/wp-content\/uploads\/2025\/07\/Kolasin.jpg?fit=1024%2C683&amp;ssl=1\" src=\"https:\/\/i0.wp.com\/kolasin.me\/wp-content\/uploads\/2025\/07\/Kolasin.jpg?resize=1024%2C683&#038;ssl=1\" alt=\"\" class=\"wp-image-636\" srcset=\"https:\/\/i0.wp.com\/kolasin.me\/wp-content\/uploads\/2025\/07\/Kolasin.jpg?resize=1024%2C683&amp;ssl=1 1024w, https:\/\/i0.wp.com\/kolasin.me\/wp-content\/uploads\/2025\/07\/Kolasin.jpg?resize=300%2C200&amp;ssl=1 300w, https:\/\/i0.wp.com\/kolasin.me\/wp-content\/uploads\/2025\/07\/Kolasin.jpg?resize=768%2C512&amp;ssl=1 768w, https:\/\/i0.wp.com\/kolasin.me\/wp-content\/uploads\/2025\/07\/Kolasin.jpg?resize=1536%2C1024&amp;ssl=1 1536w, https:\/\/i0.wp.com\/kolasin.me\/wp-content\/uploads\/2025\/07\/Kolasin.jpg?w=1620&amp;ssl=1 1620w\" sizes=\"auto, (max-width: 1000px) 100vw, 1000px\" \/><\/figure>\n\n\n\n<p class=\"wp-block-paragraph\">In the Middle Ages, this area belonged to Duklja, and later to medieval Serbia. During the 15th century, the Turks invaded these regions, which influenced the demographic structure of this area, which at that time was inhabited by the Mora\u010da and Rovaci tribes. The only urban settlement in the municipality was built by the Turks in the mid-17th century, on the site of a village settlement of the same name. According to the chronicle from the Holy Trinity Monastery near Pljevlja, the city&#039;s fortifications were built in 1651. The fortress had a favorable position on the road between Bijelo Polje and Podgorica, and its function was initially military. Only at the end of the 17th and beginning of the 18th centuries, in addition to military and strategic, did Kola\u0161in take on some economic functions. Then the city began to be inhabited by craftsmen and merchants. Trade in livestock and livestock products was mainly developed. Trade ties were maintained with Podgorica and partly with Dubrovnik. The physiognomy of the city had Islamic characteristics, as the population consisted of Islamized immigrants from neighboring regions and Turks.<\/p>\n\n\n\n<p class=\"wp-block-paragraph\">As a result of changes among the great powers, the Ottoman Empire and Austria-Hungary, the population continually resisted and thereby had a positive influence on the Orthodox inhabitants of Bijelo Polje and Pljevlja, who were under Turkish rule.<\/p>\n\n\n\n<p class=\"wp-block-paragraph\">The defeat of the Turkish army in 1820 at Gornja Mora\u010da led to the consolidation of power in Montenegro under the organization of Peter I. In 1858, the Montenegrin army won a major victory over the Turks at Grahovac, followed by the battles for Kola\u0161in, which led to great destruction.<\/p>\n\n\n\n<p class=\"wp-block-paragraph\">Although the Turks rebuilt it in 1864, the decision of the Berlin Congress in 1878 recognized the independence of Montenegro, which expanded its borders and made Kola\u0161in an integral part of Montenegro. In the future, Kola\u0161in will take on political and administrative functions, which will lead to an increase in the population.<\/p>\n\n\n\n<p class=\"wp-block-paragraph\">For a long time, the area of Kola\u0161in was a district and included the area of Mojkovac. Therefore, the area of Kola\u0161in previously included a wider area called Gornji and Donji Kola\u0161in.<\/p>\n\n\n\n<p class=\"wp-block-paragraph\">The city played a significant role in the battles of Montenegro in the Balkan Wars and World War I, with a special role in the Battle of Mojkovac in 1916, in which the role of the Kola\u0161in Brigade is well known.<\/p>\n\n\n\n<p class=\"wp-block-paragraph\">During World War II, this region made a significant contribution to the People&#039;s Liberation Struggle against fascism from 1941 to 1945. From November 1943 to August 1944, Kola\u0161in served as the war capital of Montenegro. In 1943, the National Anti-Fascist Council for the National Liberation of Montenegro and Boka Ko\u0161ice (ZAVNO) was established there, as the first and highest legislative body of Montenegro. In February 1944, the Second and Third Sessions of ZAVNO were held, and in July, the Third Sessions. After several more occupations and liberations, the city was liberated in 1944.<\/p>\n\n\n\n<p class=\"wp-block-paragraph\">We can confidently confirm and rank the city of Kola\u0161in among the most attractive regions of our country.&nbsp;<\/p>\n\n\n\n<p class=\"wp-block-paragraph\">In support of this claim are the Biogradska Gora National Park and the must-see Mora\u010da Monastery, which represent invaluable natural values as well as cultural and historical heritage. This area is also home to numerous cultural and historical monuments as well as memorials (the Turkish Powder Magazine on Vini\u0107a Hill, the First World War Students\u201e Monument, and the churches of Kola\u0161in).<\/p>","protected":false},"excerpt":{"rendered":"<p>Postoje mnoge pretpostavke kako je grad Kola\u0161in dobio ime. Prema nekim podacima, po\u0161to je za Turke ova oblast bila veoma primamljiva (razlog bolje kontrole okolnih plemena), oni su tu stacionirali svoju jedinicu od 50 vojnika. Na \u010delu je bio kolasija \u2013 desetar, pa otuda ime po tom turskom \u010dinu. Sa druge strane, postoje mi\u0161ljenja da<a href=\"https:\/\/kolasin.me\/en\/istorijat\/\">Continue reading <span class=\"sr-only\">\u201cHistory\u201d<\/span><\/a><\/p>","protected":false},"author":209674362,"featured_media":0,"parent":0,"menu_order":0,"comment_status":"closed","ping_status":"closed","template":"","meta":{"_crdt_document":"","footnotes":""},"class_list":["post-635","page","type-page","status-publish","hentry"],"yoast_head":"<!-- This site is optimized with the Yoast SEO plugin v27.3 - https:\/\/yoast.com\/product\/yoast-seo-wordpress\/ -->\n<title>Istorijat - TO Kola\u0161in<\/title>\n<meta name=\"robots\" content=\"index, follow, max-snippet:-1, max-image-preview:large, max-video-preview:-1\" \/>\n<link rel=\"canonical\" href=\"https:\/\/kolasin.me\/en\/history\/\" \/>\n<meta property=\"og:locale\" content=\"en_GB\" \/>\n<meta property=\"og:type\" content=\"article\" \/>\n<meta property=\"og:title\" content=\"Istorijat - TO Kola\u0161in\" \/>\n<meta property=\"og:description\" content=\"Postoje mnoge pretpostavke kako je grad Kola\u0161in dobio ime. Prema nekim podacima, po\u0161to je za Turke ova oblast bila veoma primamljiva (razlog bolje kontrole okolnih plemena), oni su tu stacionirali svoju jedinicu od 50 vojnika. Na \u010delu je bio kolasija \u2013 desetar, pa otuda ime po tom turskom \u010dinu. Sa druge strane, postoje mi\u0161ljenja daContinue reading &quot;Istorijat&quot;\" \/>\n<meta property=\"og:url\" content=\"https:\/\/kolasin.me\/en\/history\/\" \/>\n<meta property=\"og:site_name\" content=\"TO Kola\u0161in\" \/>\n<meta property=\"article:publisher\" content=\"https:\/\/www.facebook.com\/profile.php?id=61577932100861#\" \/>\n<meta property=\"article:modified_time\" content=\"2026-03-20T12:24:32+00:00\" \/>\n<meta property=\"og:image\" content=\"https:\/\/kolasin.me\/wp-content\/uploads\/2025\/07\/Kolasin-1024x683.jpg\" \/>\n<meta name=\"twitter:card\" content=\"summary_large_image\" \/>\n<meta name=\"twitter:label1\" content=\"Estimated reading time\" \/>\n\t<meta name=\"twitter:data1\" content=\"3 minutes\" \/>\n<script type=\"application\/ld+json\" class=\"yoast-schema-graph\">{\"@context\":\"https:\\\/\\\/schema.org\",\"@graph\":[{\"@type\":\"WebPage\",\"@id\":\"https:\\\/\\\/kolasin.me\\\/istorijat\\\/\",\"url\":\"https:\\\/\\\/kolasin.me\\\/istorijat\\\/\",\"name\":\"Istorijat - TO Kola\u0161in\",\"isPartOf\":{\"@id\":\"https:\\\/\\\/kolasin.me\\\/#website\"},\"primaryImageOfPage\":{\"@id\":\"https:\\\/\\\/kolasin.me\\\/istorijat\\\/#primaryimage\"},\"image\":{\"@id\":\"https:\\\/\\\/kolasin.me\\\/istorijat\\\/#primaryimage\"},\"thumbnailUrl\":\"https:\\\/\\\/kolasin.me\\\/wp-content\\\/uploads\\\/2025\\\/07\\\/Kolasin-1024x683.jpg\",\"datePublished\":\"2025-07-01T12:25:13+00:00\",\"dateModified\":\"2026-03-20T12:24:32+00:00\",\"breadcrumb\":{\"@id\":\"https:\\\/\\\/kolasin.me\\\/istorijat\\\/#breadcrumb\"},\"inLanguage\":\"en-GB\",\"potentialAction\":[{\"@type\":\"ReadAction\",\"target\":[\"https:\\\/\\\/kolasin.me\\\/istorijat\\\/\"]}]},{\"@type\":\"ImageObject\",\"inLanguage\":\"en-GB\",\"@id\":\"https:\\\/\\\/kolasin.me\\\/istorijat\\\/#primaryimage\",\"url\":\"https:\\\/\\\/kolasin.me\\\/wp-content\\\/uploads\\\/2025\\\/07\\\/Kolasin-1024x683.jpg\",\"contentUrl\":\"https:\\\/\\\/kolasin.me\\\/wp-content\\\/uploads\\\/2025\\\/07\\\/Kolasin-1024x683.jpg\"},{\"@type\":\"BreadcrumbList\",\"@id\":\"https:\\\/\\\/kolasin.me\\\/istorijat\\\/#breadcrumb\",\"itemListElement\":[{\"@type\":\"ListItem\",\"position\":1,\"name\":\"Home\",\"item\":\"https:\\\/\\\/kolasin.me\\\/\"},{\"@type\":\"ListItem\",\"position\":2,\"name\":\"Istorijat\"}]},{\"@type\":\"WebSite\",\"@id\":\"https:\\\/\\\/kolasin.me\\\/#website\",\"url\":\"https:\\\/\\\/kolasin.me\\\/\",\"name\":\"TO Kola\u0161in\",\"description\":\"Turisti\u010dka Organizacija Kola\u0161in\",\"publisher\":{\"@id\":\"https:\\\/\\\/kolasin.me\\\/#organization\"},\"alternateName\":\"Turisti\u010dka Organizacija Kola\u0161in\",\"potentialAction\":[{\"@type\":\"SearchAction\",\"target\":{\"@type\":\"EntryPoint\",\"urlTemplate\":\"https:\\\/\\\/kolasin.me\\\/?s={search_term_string}\"},\"query-input\":{\"@type\":\"PropertyValueSpecification\",\"valueRequired\":true,\"valueName\":\"search_term_string\"}}],\"inLanguage\":\"en-GB\"},{\"@type\":\"Organization\",\"@id\":\"https:\\\/\\\/kolasin.me\\\/#organization\",\"name\":\"TO Kola\u0161in\",\"alternateName\":\"Turisti\u010dka Organizacije Kola\u0161in\",\"url\":\"https:\\\/\\\/kolasin.me\\\/\",\"logo\":{\"@type\":\"ImageObject\",\"inLanguage\":\"en-GB\",\"@id\":\"https:\\\/\\\/kolasin.me\\\/#\\\/schema\\\/logo\\\/image\\\/\",\"url\":\"https:\\\/\\\/i0.wp.com\\\/kolasin.me\\\/wp-content\\\/uploads\\\/2025\\\/10\\\/tokolasin-logo.jpg?fit=800%2C515&ssl=1\",\"contentUrl\":\"https:\\\/\\\/i0.wp.com\\\/kolasin.me\\\/wp-content\\\/uploads\\\/2025\\\/10\\\/tokolasin-logo.jpg?fit=800%2C515&ssl=1\",\"width\":800,\"height\":515,\"caption\":\"TO Kola\u0161in\"},\"image\":{\"@id\":\"https:\\\/\\\/kolasin.me\\\/#\\\/schema\\\/logo\\\/image\\\/\"},\"sameAs\":[\"https:\\\/\\\/www.facebook.com\\\/profile.php?id=61577932100861#\",\"https:\\\/\\\/www.instagram.com\\\/to.kolasin\\\/?hl=en\"]}]}<\/script>\n<!-- \/ Yoast SEO plugin. -->","yoast_head_json":{"title":"History - TO Kola\u0161in","robots":{"index":"index","follow":"follow","max-snippet":"max-snippet:-1","max-image-preview":"max-image-preview:large","max-video-preview":"max-video-preview:-1"},"canonical":"https:\/\/kolasin.me\/en\/history\/","og_locale":"en_GB","og_type":"article","og_title":"Istorijat - TO Kola\u0161in","og_description":"Postoje mnoge pretpostavke kako je grad Kola\u0161in dobio ime. Prema nekim podacima, po\u0161to je za Turke ova oblast bila veoma primamljiva (razlog bolje kontrole okolnih plemena), oni su tu stacionirali svoju jedinicu od 50 vojnika. Na \u010delu je bio kolasija \u2013 desetar, pa otuda ime po tom turskom \u010dinu. Sa druge strane, postoje mi\u0161ljenja daContinue reading \"Istorijat\"","og_url":"https:\/\/kolasin.me\/en\/history\/","og_site_name":"TO Kola\u0161in","article_publisher":"https:\/\/www.facebook.com\/profile.php?id=61577932100861#","article_modified_time":"2026-03-20T12:24:32+00:00","og_image":[{"url":"https:\/\/kolasin.me\/wp-content\/uploads\/2025\/07\/Kolasin-1024x683.jpg","type":"","width":"","height":""}],"twitter_card":"summary_large_image","twitter_misc":{"Estimated reading time":"3 minutes"},"schema":{"@context":"https:\/\/schema.org","@graph":[{"@type":"WebPage","@id":"https:\/\/kolasin.me\/istorijat\/","url":"https:\/\/kolasin.me\/istorijat\/","name":"History - TO Kola\u0161in","isPartOf":{"@id":"https:\/\/kolasin.me\/#website"},"primaryImageOfPage":{"@id":"https:\/\/kolasin.me\/istorijat\/#primaryimage"},"image":{"@id":"https:\/\/kolasin.me\/istorijat\/#primaryimage"},"thumbnailUrl":"https:\/\/kolasin.me\/wp-content\/uploads\/2025\/07\/Kolasin-1024x683.jpg","datePublished":"2025-07-01T12:25:13+00:00","dateModified":"2026-03-20T12:24:32+00:00","breadcrumb":{"@id":"https:\/\/kolasin.me\/istorijat\/#breadcrumb"},"inLanguage":"en-GB","potentialAction":[{"@type":"ReadAction","target":["https:\/\/kolasin.me\/istorijat\/"]}]},{"@type":"ImageObject","inLanguage":"en-GB","@id":"https:\/\/kolasin.me\/istorijat\/#primaryimage","url":"https:\/\/kolasin.me\/wp-content\/uploads\/2025\/07\/Kolasin-1024x683.jpg","contentUrl":"https:\/\/kolasin.me\/wp-content\/uploads\/2025\/07\/Kolasin-1024x683.jpg"},{"@type":"BreadcrumbList","@id":"https:\/\/kolasin.me\/istorijat\/#breadcrumb","itemListElement":[{"@type":"ListItem","position":1,"name":"Home","item":"https:\/\/kolasin.me\/"},{"@type":"ListItem","position":2,"name":"Istorijat"}]},{"@type":"WebSite","@id":"https:\/\/kolasin.me\/#website","url":"https:\/\/kolasin.me\/","name":"TO Kolasin","description":"Tourist Organization Kola\u0161in","publisher":{"@id":"https:\/\/kolasin.me\/#organization"},"alternateName":"Turisti\u010dka Organizacija Kola\u0161in","potentialAction":[{"@type":"SearchAction","target":{"@type":"EntryPoint","urlTemplate":"https:\/\/kolasin.me\/?s={search_term_string}"},"query-input":{"@type":"PropertyValueSpecification","valueRequired":true,"valueName":"search_term_string"}}],"inLanguage":"en-GB"},{"@type":"Organization","@id":"https:\/\/kolasin.me\/#organization","name":"TO Kolasin","alternateName":"Turisti\u010dka Organizacije Kola\u0161in","url":"https:\/\/kolasin.me\/","logo":{"@type":"ImageObject","inLanguage":"en-GB","@id":"https:\/\/kolasin.me\/#\/schema\/logo\/image\/","url":"https:\/\/i0.wp.com\/kolasin.me\/wp-content\/uploads\/2025\/10\/tokolasin-logo.jpg?fit=800%2C515&ssl=1","contentUrl":"https:\/\/i0.wp.com\/kolasin.me\/wp-content\/uploads\/2025\/10\/tokolasin-logo.jpg?fit=800%2C515&ssl=1","width":800,"height":515,"caption":"TO Kola\u0161in"},"image":{"@id":"https:\/\/kolasin.me\/#\/schema\/logo\/image\/"},"sameAs":["https:\/\/www.facebook.com\/profile.php?id=61577932100861#","https:\/\/www.instagram.com\/to.kolasin\/?hl=en"]}]}},"jetpack_sharing_enabled":true,"jetpack_shortlink":"https:\/\/wp.me\/Pgiv2T-af","_links":{"self":[{"href":"https:\/\/kolasin.me\/en\/wp-json\/wp\/v2\/pages\/635","targetHints":{"allow":["GET"]}}],"collection":[{"href":"https:\/\/kolasin.me\/en\/wp-json\/wp\/v2\/pages"}],"about":[{"href":"https:\/\/kolasin.me\/en\/wp-json\/wp\/v2\/types\/page"}],"author":[{"embeddable":true,"href":"https:\/\/kolasin.me\/en\/wp-json\/wp\/v2\/users\/209674362"}],"replies":[{"embeddable":true,"href":"https:\/\/kolasin.me\/en\/wp-json\/wp\/v2\/comments?post=635"}],"version-history":[{"count":7,"href":"https:\/\/kolasin.me\/en\/wp-json\/wp\/v2\/pages\/635\/revisions"}],"predecessor-version":[{"id":4164,"href":"https:\/\/kolasin.me\/en\/wp-json\/wp\/v2\/pages\/635\/revisions\/4164"}],"wp:attachment":[{"href":"https:\/\/kolasin.me\/en\/wp-json\/wp\/v2\/media?parent=635"}],"curies":[{"name":"wp","href":"https:\/\/api.w.org\/{rel}","templated":true}]}}