{"id":583,"date":"2025-07-01T10:35:47","date_gmt":"2025-07-01T10:35:47","guid":{"rendered":"https:\/\/kolasin.me\/?page_id=583"},"modified":"2025-12-22T12:27:00","modified_gmt":"2025-12-22T12:27:00","slug":"fishing","status":"publish","type":"page","link":"https:\/\/kolasin.me\/en\/ribolov\/","title":{"rendered":"Fishing"},"content":{"rendered":"<p class=\"wp-block-paragraph\">Fishing in Kola\u0161in is a real treat and an unforgettable experience for all lovers. The Tara River is rich in fish of the solomoid (noble) species. Considering that fishing also takes place in the Durmitor National Park zone, and that the Tara River Canyon is the second largest in the world (the highest point of the canyon is 1,300 m), combined with wild, untouched nature and beautiful landscapes, it makes fishing a true adventure. Fishing on the Tara is allowed only with artificial baits.<\/p>\n\n\n\n<p class=\"wp-block-paragraph\">The most common fish species are: Brown trout, average size: 0.5\u20135 kg \u201310 kg; Trout,<\/p>\n\n\n\n<p class=\"wp-block-paragraph\">average size: 15\u201320 kg\u201340 kg; Lipljan \u2013 average size 0.3\u20132 kg.<\/p>\n\n\n\n<p class=\"wp-block-paragraph\">Fishing on Tara takes place in three areas:<\/p>\n\n\n\n<ul class=\"wp-block-list\">\n<li>Fishing ban \u2013 from Kola\u0161in, downstream along the Tara River for a length of 6km;<\/li>\n\n\n\n<li>Hunting outside the bans \u2013 Kola\u0161in-Mojkovac, 30 km long;<\/li>\n\n\n\n<li>Hunting in Durmitor National Park.&nbsp;<\/li>\n<\/ul>\n\n\n\n<p class=\"wp-block-paragraph\"><strong>Fishing on the Mora\u010da River<\/strong><\/p>\n\n\n\n<p class=\"wp-block-paragraph\">The Mora\u010da Canyon, 38 km long and 1,050 m deep, is a real challenge for the eye with its beautiful landscapes, flora and erosive forms. All this, combined with the beautiful river, provides an ideal fishing experience. The river is rich in: brown trout, grayling, bream (especially the capital species - glavatica). Fishing is allowed only with artificial baits (lures, flies).<\/p>\n\n\n\n<p class=\"wp-block-paragraph\"><strong>Fishing on Biograd Lake<\/strong><\/p>\n\n\n\n<p class=\"wp-block-paragraph\">Lake Biograd, of glacial origin, one of the most beautiful lakes in the Balkans, located at an altitude of 1,094 m above sea level, 1,100 m long with an average depth of 4.5 m, is not only a beautiful and peaceful place for fishing, but a kind of reserve of beauty and relaxation for all the senses.<\/p>\n\n\n\n<p class=\"wp-block-paragraph\">The lake is located 18 km from Kola\u0161in. The lake is rich in trout (California, lake, brown, and brook trout). Fishing is permitted only with artificial baits (lures, flies).<\/p>\n\n\n\n<p class=\"wp-block-paragraph\">Fishing is allowed from 01. 05.-22. 06. between 07:00 and 19:00, fishing days: Tuesday, Sunday and public holidays.<\/p>\n\n\n\n<p class=\"wp-block-paragraph\">A maximum of 4 trout are allowed to be caught.<\/p>\n\n\n\n<figure class=\"wp-block-image\"><img data-recalc-dims=\"1\" loading=\"lazy\" decoding=\"async\" width=\"600\" height=\"450\" data-attachment-id=\"585\" data-permalink=\"https:\/\/kolasin.me\/en\/ribolov\/139472472585_slika6_kanjon-1\/\" data-orig-file=\"https:\/\/i0.wp.com\/kolasin.me\/wp-content\/uploads\/2025\/07\/139472472585_slika6_kanjon-1.jpg?fit=600%2C450&amp;ssl=1\" data-orig-size=\"600,450\" data-comments-opened=\"1\" data-image-meta=\"{&quot;aperture&quot;:&quot;0&quot;,&quot;credit&quot;:&quot;&quot;,&quot;camera&quot;:&quot;&quot;,&quot;caption&quot;:&quot;&quot;,&quot;created_timestamp&quot;:&quot;0&quot;,&quot;copyright&quot;:&quot;&quot;,&quot;focal_length&quot;:&quot;0&quot;,&quot;iso&quot;:&quot;0&quot;,&quot;shutter_speed&quot;:&quot;0&quot;,&quot;title&quot;:&quot;&quot;,&quot;orientation&quot;:&quot;0&quot;}\" data-image-title=\"139472472585_slika6_kanjon-1\" data-image-description=\"\" data-image-caption=\"\" data-large-file=\"https:\/\/i0.wp.com\/kolasin.me\/wp-content\/uploads\/2025\/07\/139472472585_slika6_kanjon-1.jpg?fit=600%2C450&amp;ssl=1\" src=\"https:\/\/i0.wp.com\/kolasin.me\/wp-content\/uploads\/2025\/07\/139472472585_slika6_kanjon-1.jpg?resize=600%2C450&#038;ssl=1\" alt=\"\" class=\"wp-image-585\" srcset=\"https:\/\/i0.wp.com\/kolasin.me\/wp-content\/uploads\/2025\/07\/139472472585_slika6_kanjon-1.jpg?w=600&amp;ssl=1 600w, https:\/\/i0.wp.com\/kolasin.me\/wp-content\/uploads\/2025\/07\/139472472585_slika6_kanjon-1.jpg?resize=300%2C225&amp;ssl=1 300w\" sizes=\"auto, (max-width: 600px) 100vw, 600px\" \/><\/figure>","protected":false},"excerpt":{"rendered":"<p>Fishing in Kola\u0161in is a real treat and an unforgettable experience for all lovers. The Tara River is rich in fish of the solomoid (noble) species. Considering that fishing also takes place in the Durmitor National Park zone, and that the Tara River Canyon is the second largest in the world (the highest point of the canyon is 1,300 m), in combination with wild, untouched nature and<a href=\"https:\/\/kolasin.me\/en\/ribolov\/\">Continue reading <span class=\"sr-only\">\u201cFishing\u201d<\/span><\/a><\/p>","protected":false},"author":209674362,"featured_media":0,"parent":0,"menu_order":0,"comment_status":"closed","ping_status":"closed","template":"","meta":{"_crdt_document":"","footnotes":""},"class_list":["post-583","page","type-page","status-publish","hentry"],"yoast_head":"<!-- This site is optimized with the Yoast SEO plugin v27.5 - https:\/\/yoast.com\/product\/yoast-seo-wordpress\/ -->\n<title>Ribolov - TO Kola\u0161in<\/title>\n<meta name=\"robots\" content=\"index, follow, max-snippet:-1, max-image-preview:large, max-video-preview:-1\" \/>\n<link rel=\"canonical\" href=\"https:\/\/kolasin.me\/en\/fishing\/\" \/>\n<meta property=\"og:locale\" content=\"en_GB\" \/>\n<meta property=\"og:type\" content=\"article\" \/>\n<meta property=\"og:title\" content=\"Ribolov - TO Kola\u0161in\" \/>\n<meta property=\"og:description\" content=\"Ribolov u Kola\u0161inu predstavlja pravu poslasticu\u00a0i nezaboravno iskustvo za sve ljubitelje. Rijeka Tara, bogata je ribom solomoidnih (plemenitih) vrsta. Obzirom da se ribolov odvija i u zoni nacionalnog parka Durmitor, te da je kanjon rijeke Tare drugi po veli\u010dini u svijetu (najvi\u0161a ta\u010dka kanjona je 1.300 m ), u kombinaciji sa divljom, netaknutom prirodom iContinue reading &quot;Ribolov&quot;\" \/>\n<meta property=\"og:url\" content=\"https:\/\/kolasin.me\/en\/fishing\/\" \/>\n<meta property=\"og:site_name\" content=\"TO Kola\u0161in\" \/>\n<meta property=\"article:publisher\" content=\"https:\/\/www.facebook.com\/profile.php?id=61577932100861#\" \/>\n<meta property=\"article:modified_time\" content=\"2025-12-22T12:27:00+00:00\" \/>\n<meta property=\"og:image\" content=\"https:\/\/kolasin.me\/wp-content\/uploads\/2025\/07\/139472472585_slika6_kanjon-1.jpg\" \/>\n<meta name=\"twitter:card\" content=\"summary_large_image\" \/>\n<meta name=\"twitter:label1\" content=\"Estimated reading time\" \/>\n\t<meta name=\"twitter:data1\" content=\"2 minutes\" \/>\n<script type=\"application\/ld+json\" class=\"yoast-schema-graph\">{\"@context\":\"https:\\\/\\\/schema.org\",\"@graph\":[{\"@type\":\"WebPage\",\"@id\":\"https:\\\/\\\/kolasin.me\\\/ribolov\\\/\",\"url\":\"https:\\\/\\\/kolasin.me\\\/ribolov\\\/\",\"name\":\"Ribolov - TO Kola\u0161in\",\"isPartOf\":{\"@id\":\"https:\\\/\\\/kolasin.me\\\/#website\"},\"primaryImageOfPage\":{\"@id\":\"https:\\\/\\\/kolasin.me\\\/ribolov\\\/#primaryimage\"},\"image\":{\"@id\":\"https:\\\/\\\/kolasin.me\\\/ribolov\\\/#primaryimage\"},\"thumbnailUrl\":\"https:\\\/\\\/kolasin.me\\\/wp-content\\\/uploads\\\/2025\\\/07\\\/139472472585_slika6_kanjon-1.jpg\",\"datePublished\":\"2025-07-01T10:35:47+00:00\",\"dateModified\":\"2025-12-22T12:27:00+00:00\",\"breadcrumb\":{\"@id\":\"https:\\\/\\\/kolasin.me\\\/ribolov\\\/#breadcrumb\"},\"inLanguage\":\"en-GB\",\"potentialAction\":[{\"@type\":\"ReadAction\",\"target\":[\"https:\\\/\\\/kolasin.me\\\/ribolov\\\/\"]}]},{\"@type\":\"ImageObject\",\"inLanguage\":\"en-GB\",\"@id\":\"https:\\\/\\\/kolasin.me\\\/ribolov\\\/#primaryimage\",\"url\":\"https:\\\/\\\/kolasin.me\\\/wp-content\\\/uploads\\\/2025\\\/07\\\/139472472585_slika6_kanjon-1.jpg\",\"contentUrl\":\"https:\\\/\\\/kolasin.me\\\/wp-content\\\/uploads\\\/2025\\\/07\\\/139472472585_slika6_kanjon-1.jpg\"},{\"@type\":\"BreadcrumbList\",\"@id\":\"https:\\\/\\\/kolasin.me\\\/ribolov\\\/#breadcrumb\",\"itemListElement\":[{\"@type\":\"ListItem\",\"position\":1,\"name\":\"Home\",\"item\":\"https:\\\/\\\/kolasin.me\\\/\"},{\"@type\":\"ListItem\",\"position\":2,\"name\":\"Ribolov\"}]},{\"@type\":\"WebSite\",\"@id\":\"https:\\\/\\\/kolasin.me\\\/#website\",\"url\":\"https:\\\/\\\/kolasin.me\\\/\",\"name\":\"TO Kola\u0161in\",\"description\":\"Turisti\u010dka Organizacija Kola\u0161in\",\"publisher\":{\"@id\":\"https:\\\/\\\/kolasin.me\\\/#organization\"},\"alternateName\":\"Turisti\u010dka Organizacija Kola\u0161in\",\"potentialAction\":[{\"@type\":\"SearchAction\",\"target\":{\"@type\":\"EntryPoint\",\"urlTemplate\":\"https:\\\/\\\/kolasin.me\\\/?s={search_term_string}\"},\"query-input\":{\"@type\":\"PropertyValueSpecification\",\"valueRequired\":true,\"valueName\":\"search_term_string\"}}],\"inLanguage\":\"en-GB\"},{\"@type\":\"Organization\",\"@id\":\"https:\\\/\\\/kolasin.me\\\/#organization\",\"name\":\"TO Kola\u0161in\",\"alternateName\":\"Turisti\u010dka Organizacije Kola\u0161in\",\"url\":\"https:\\\/\\\/kolasin.me\\\/\",\"logo\":{\"@type\":\"ImageObject\",\"inLanguage\":\"en-GB\",\"@id\":\"https:\\\/\\\/kolasin.me\\\/#\\\/schema\\\/logo\\\/image\\\/\",\"url\":\"https:\\\/\\\/i0.wp.com\\\/kolasin.me\\\/wp-content\\\/uploads\\\/2025\\\/10\\\/tokolasin-logo.jpg?fit=800%2C515&ssl=1\",\"contentUrl\":\"https:\\\/\\\/i0.wp.com\\\/kolasin.me\\\/wp-content\\\/uploads\\\/2025\\\/10\\\/tokolasin-logo.jpg?fit=800%2C515&ssl=1\",\"width\":800,\"height\":515,\"caption\":\"TO Kola\u0161in\"},\"image\":{\"@id\":\"https:\\\/\\\/kolasin.me\\\/#\\\/schema\\\/logo\\\/image\\\/\"},\"sameAs\":[\"https:\\\/\\\/www.facebook.com\\\/profile.php?id=61577932100861#\",\"https:\\\/\\\/www.instagram.com\\\/to.kolasin\\\/?hl=en\"]}]}<\/script>\n<!-- \/ Yoast SEO plugin. -->","yoast_head_json":{"title":"Fishing - TO Kola\u0161in","robots":{"index":"index","follow":"follow","max-snippet":"max-snippet:-1","max-image-preview":"max-image-preview:large","max-video-preview":"max-video-preview:-1"},"canonical":"https:\/\/kolasin.me\/en\/fishing\/","og_locale":"en_GB","og_type":"article","og_title":"Ribolov - TO Kola\u0161in","og_description":"Ribolov u Kola\u0161inu predstavlja pravu poslasticu\u00a0i nezaboravno iskustvo za sve ljubitelje. Rijeka Tara, bogata je ribom solomoidnih (plemenitih) vrsta. Obzirom da se ribolov odvija i u zoni nacionalnog parka Durmitor, te da je kanjon rijeke Tare drugi po veli\u010dini u svijetu (najvi\u0161a ta\u010dka kanjona je 1.300 m ), u kombinaciji sa divljom, netaknutom prirodom iContinue reading \"Ribolov\"","og_url":"https:\/\/kolasin.me\/en\/fishing\/","og_site_name":"TO Kola\u0161in","article_publisher":"https:\/\/www.facebook.com\/profile.php?id=61577932100861#","article_modified_time":"2025-12-22T12:27:00+00:00","og_image":[{"url":"https:\/\/kolasin.me\/wp-content\/uploads\/2025\/07\/139472472585_slika6_kanjon-1.jpg","type":"","width":"","height":""}],"twitter_card":"summary_large_image","twitter_misc":{"Estimated reading time":"2 minutes"},"schema":{"@context":"https:\/\/schema.org","@graph":[{"@type":"WebPage","@id":"https:\/\/kolasin.me\/ribolov\/","url":"https:\/\/kolasin.me\/ribolov\/","name":"Fishing - TO Kola\u0161in","isPartOf":{"@id":"https:\/\/kolasin.me\/#website"},"primaryImageOfPage":{"@id":"https:\/\/kolasin.me\/ribolov\/#primaryimage"},"image":{"@id":"https:\/\/kolasin.me\/ribolov\/#primaryimage"},"thumbnailUrl":"https:\/\/kolasin.me\/wp-content\/uploads\/2025\/07\/139472472585_slika6_kanjon-1.jpg","datePublished":"2025-07-01T10:35:47+00:00","dateModified":"2025-12-22T12:27:00+00:00","breadcrumb":{"@id":"https:\/\/kolasin.me\/ribolov\/#breadcrumb"},"inLanguage":"en-GB","potentialAction":[{"@type":"ReadAction","target":["https:\/\/kolasin.me\/ribolov\/"]}]},{"@type":"ImageObject","inLanguage":"en-GB","@id":"https:\/\/kolasin.me\/ribolov\/#primaryimage","url":"https:\/\/kolasin.me\/wp-content\/uploads\/2025\/07\/139472472585_slika6_kanjon-1.jpg","contentUrl":"https:\/\/kolasin.me\/wp-content\/uploads\/2025\/07\/139472472585_slika6_kanjon-1.jpg"},{"@type":"BreadcrumbList","@id":"https:\/\/kolasin.me\/ribolov\/#breadcrumb","itemListElement":[{"@type":"ListItem","position":1,"name":"Home","item":"https:\/\/kolasin.me\/"},{"@type":"ListItem","position":2,"name":"Ribolov"}]},{"@type":"WebSite","@id":"https:\/\/kolasin.me\/#website","url":"https:\/\/kolasin.me\/","name":"TO Kolasin","description":"Tourist Organization Kola\u0161in","publisher":{"@id":"https:\/\/kolasin.me\/#organization"},"alternateName":"Turisti\u010dka Organizacija Kola\u0161in","potentialAction":[{"@type":"SearchAction","target":{"@type":"EntryPoint","urlTemplate":"https:\/\/kolasin.me\/?s={search_term_string}"},"query-input":{"@type":"PropertyValueSpecification","valueRequired":true,"valueName":"search_term_string"}}],"inLanguage":"en-GB"},{"@type":"Organization","@id":"https:\/\/kolasin.me\/#organization","name":"TO Kolasin","alternateName":"Turisti\u010dka Organizacije Kola\u0161in","url":"https:\/\/kolasin.me\/","logo":{"@type":"ImageObject","inLanguage":"en-GB","@id":"https:\/\/kolasin.me\/#\/schema\/logo\/image\/","url":"https:\/\/i0.wp.com\/kolasin.me\/wp-content\/uploads\/2025\/10\/tokolasin-logo.jpg?fit=800%2C515&ssl=1","contentUrl":"https:\/\/i0.wp.com\/kolasin.me\/wp-content\/uploads\/2025\/10\/tokolasin-logo.jpg?fit=800%2C515&ssl=1","width":800,"height":515,"caption":"TO Kola\u0161in"},"image":{"@id":"https:\/\/kolasin.me\/#\/schema\/logo\/image\/"},"sameAs":["https:\/\/www.facebook.com\/profile.php?id=61577932100861#","https:\/\/www.instagram.com\/to.kolasin\/?hl=en"]}]}},"jetpack_sharing_enabled":true,"jetpack_shortlink":"https:\/\/wp.me\/Pgiv2T-9p","_links":{"self":[{"href":"https:\/\/kolasin.me\/en\/wp-json\/wp\/v2\/pages\/583","targetHints":{"allow":["GET"]}}],"collection":[{"href":"https:\/\/kolasin.me\/en\/wp-json\/wp\/v2\/pages"}],"about":[{"href":"https:\/\/kolasin.me\/en\/wp-json\/wp\/v2\/types\/page"}],"author":[{"embeddable":true,"href":"https:\/\/kolasin.me\/en\/wp-json\/wp\/v2\/users\/209674362"}],"replies":[{"embeddable":true,"href":"https:\/\/kolasin.me\/en\/wp-json\/wp\/v2\/comments?post=583"}],"version-history":[{"count":3,"href":"https:\/\/kolasin.me\/en\/wp-json\/wp\/v2\/pages\/583\/revisions"}],"predecessor-version":[{"id":3726,"href":"https:\/\/kolasin.me\/en\/wp-json\/wp\/v2\/pages\/583\/revisions\/3726"}],"wp:attachment":[{"href":"https:\/\/kolasin.me\/en\/wp-json\/wp\/v2\/media?parent=583"}],"curies":[{"name":"wp","href":"https:\/\/api.w.org\/{rel}","templated":true}]}}