{"id":540,"date":"2025-06-30T21:38:00","date_gmt":"2025-06-30T21:38:00","guid":{"rendered":"https:\/\/kolasin.me\/?page_id=540"},"modified":"2025-11-20T08:49:50","modified_gmt":"2025-11-20T08:49:50","slug":"important-phones","status":"publish","type":"page","link":"https:\/\/kolasin.me\/en\/vazni-telefoni\/","title":{"rendered":"Important phones"},"content":{"rendered":"<p class=\"wp-block-paragraph\"><strong>Bus station:<\/strong><br>+ 382 (0) 20 864-033<\/p>\n\n\n\n<p class=\"wp-block-paragraph\"><strong>Train station:<\/strong><br>+382 (0) 20 441-492<\/p>\n\n\n\n<p class=\"wp-block-paragraph\"><strong>National Tourism Organization Call Center:&nbsp;<\/strong>0 8000 1300<\/p>\n\n\n\n<p class=\"wp-block-paragraph\"><strong>Home<\/strong>&nbsp;<strong>Health Kola\u0161in<\/strong>:<\/p>\n\n\n\n<p class=\"wp-block-paragraph\">+382 (0) 20 865-140<br>+382 (0) 20 865-160<br>+382 (0) 20 865-120<br>Address: Dunje \u0110oki\u0107 Street bb. 81210 Kola\u0161in<\/p>\n\n\n\n<p class=\"wp-block-paragraph\"><strong>Police Department:<\/strong><\/p>\n\n\n\n<p class=\"wp-block-paragraph\">+382 (0) 20 865-002<br>+382 20 122<\/p>\n\n\n\n<p class=\"wp-block-paragraph\"><strong>Fire department:<\/strong><br>+382 (0) 20 865-938<br>+382 20 123<\/p>\n\n\n\n<p class=\"wp-block-paragraph\"><strong>Emergency medical assistance:<\/strong><br>+382 20 124<br>Address: Dunje \u0110oki\u0107 Street bb. 81210 Kola\u0161in<br>tel: +382 20 865 304<\/p>\n\n\n\n<p class=\"wp-block-paragraph\"><strong>Montefarm Pharmacy:<\/strong><br>+382 (0) 20 865-118<br>Address: Trg Boraca 5, 81210 Kola\u0161in<\/p>\n\n\n\n<p class=\"wp-block-paragraph\"><strong>Pharmacy &quot;Kalina&quot;:<\/strong><br>+382 (0) 20 864 055<\/p>\n\n\n\n<p class=\"wp-block-paragraph\"><strong>Municipality of Kolasin:<\/strong><br>+382 (0) 20 865 760<\/p>\n\n\n\n<p class=\"wp-block-paragraph\"><strong>Mail:<\/strong><br>+382 (0) 20 865-031<\/p>\n\n\n\n<p class=\"wp-block-paragraph\"><strong>Cultural Center:<\/strong><br>+382 (0) 20 864-582<br>Address: Trg Borca bb 81210 Kola\u0161in<\/p>\n\n\n\n<p class=\"wp-block-paragraph\"><strong>Municipal police:<\/strong><br>tel: 069 308 721<br>Address: Trg Borca (old Veletrgovina building)<\/p>\n\n\n\n<p class=\"wp-block-paragraph\"><strong>Utility company:<\/strong><br>Address: Mirka Ve\u0161ovi\u0107a Street No. 2A<br>phone\/fax: 020 865 455<\/p>\n\n\n\n<p class=\"wp-block-paragraph\"><strong>Water supply and sewage:<\/strong><br>Address: ul. Fallen partizans bb.<br>phone\/fax: 020 865 467<\/p>\n\n\n\n<p class=\"wp-block-paragraph\"><strong>Center for social work - regional unit Kola\u0161in:<\/strong><br>Address: Ul. Palih Partizanki, bb. 81210 Kola\u0161in<br>phone\/fax: +382 20 865-645; +382 20 864-645<\/p>\n\n\n\n<p class=\"wp-block-paragraph\"><strong>Security service:<\/strong><br>tel: 069 068 931<br>Address: Mojkova\u010dka Street bb 81210 Kola\u0161in<\/p>\n\n\n\n<p class=\"wp-block-paragraph\"><strong>Veterinary clinic Kola\u0161in doo<\/strong><br>Address: 27A Junaka Mojkova\u010dke bitke Street<br>Phone: 020\/ 865-179<\/p>\n\n\n\n<p class=\"wp-block-paragraph\"><strong>Veterinary clinic &quot;Dr Sa\u0161a Drljevi\u0107&quot; doo<\/strong><br>Address: Dunje Djoki\u0107 Street<br>Phone: 068\/ 168-149<\/p>\n\n\n\n<p class=\"wp-block-paragraph\"><strong>Car towing service Kola\u0161in:<\/strong><br>Address: Mojkova\u010dka 20<br>Phone: 068\/ 013-356<\/p>\n\n\n\n<p class=\"wp-block-paragraph\"><strong>DOO KUJOVI\u0106 SERVICE \u2013 KOLA\u0160IN<\/strong><br>Address: Bakovi\u0107i bb<br>Phone: 069\/ 012-606<\/p>\n\n\n\n<p class=\"wp-block-paragraph\"><strong>Dental clinics<\/strong><br>PZU General Dental Clinic &quot;Djurovi\u0107&quot; - Kola\u0161in<br>Address: Bo\u0161ka Ra\u0161ovi\u0107a bb<br>Phone: 067\/271-423<\/p>\n\n\n\n<p class=\"wp-block-paragraph\"><strong>General dental practice &quot;JOVANA DENT&quot;<\/strong><br>Address: Dom zdravlja, ul. Dunje \u0110oki\u0107 bb<br>Phone: 067\/817-930<\/p>\n\n\n\n<p class=\"wp-block-paragraph\"><strong>Dental clinic &quot;Miladinovi\u0107&quot;<\/strong><br>Address: Dom zdravlja, ul. Dunje \u0110oki\u0107 bb.<br>Phone: 067\/857-279<br>020\/865-444<\/p>\n\n\n\n<p class=\"wp-block-paragraph\"><strong>PZU General Dental Clinic &quot;Vlahovi\u0107&quot;<\/strong><br>Address: Elementary School \u201cRisto Manojlovi\u0107\u201d \u2013 Kola\u0161in<br>Phone: 067\/ 888-965<\/p>\n\n\n\n<p class=\"wp-block-paragraph\">Taxi Kojo 19508<\/p>\n\n\n\n<p class=\"wp-block-paragraph\">Lux Taxi 19501&nbsp;<\/p>\n\n\n\n<p class=\"wp-block-paragraph\">City Taxi 19910<\/p>\n\n\n\n<p class=\"wp-block-paragraph\">Njoba Taxi +38268 881 808; +38268 881 809<\/p>\n\n\n\n<p class=\"wp-block-paragraph\"><\/p>","protected":false},"excerpt":{"rendered":"<p>Bus station:+ 382 (0) 20 864-033 Train station:+382 (0) 20 441-492 National Tourist Organization Call Center: 0 8000 1300 Health Center Kola\u0161in: +382 (0) 20 865-140+382 (0) 20 865-160+382 (0) 20 865-120Address: Ul. Dunje \u0110oki\u0107 bb. 81210 Kola\u0161in Police Department: +382 (0) 20 865-002+382 20 122 Fire Department:+382 (0) 20 865-938+382 20 123 Emergency medical care:+382 20 124Address: Ul.<a href=\"https:\/\/kolasin.me\/en\/vazni-telefoni\/\">Continue reading <span class=\"sr-only\">\u201cImportant Phones\u201d<\/span><\/a><\/p>","protected":false},"author":209674362,"featured_media":0,"parent":0,"menu_order":0,"comment_status":"closed","ping_status":"closed","template":"","meta":{"_crdt_document":"","footnotes":""},"class_list":["post-540","page","type-page","status-publish","hentry"],"yoast_head":"<!-- This site is optimized with the Yoast SEO plugin v27.4 - https:\/\/yoast.com\/product\/yoast-seo-wordpress\/ -->\n<title>Va\u017eni telefoni - TO Kola\u0161in<\/title>\n<meta name=\"robots\" content=\"index, follow, max-snippet:-1, max-image-preview:large, max-video-preview:-1\" \/>\n<link rel=\"canonical\" href=\"https:\/\/kolasin.me\/en\/important-phones\/\" \/>\n<meta property=\"og:locale\" content=\"en_GB\" \/>\n<meta property=\"og:type\" content=\"article\" \/>\n<meta property=\"og:title\" content=\"Va\u017eni telefoni - TO Kola\u0161in\" \/>\n<meta property=\"og:description\" content=\"Autobuska stanica:+ 382 (0) 20 864-033 \u017deljezni\u010dka stanica:+382 (0) 20 441-492 Call centar Nacionalne turisti\u010dke organizacije:&nbsp;0 8000 1300 Dom&nbsp;Zdravlja&nbsp;Kola\u0161in: +382 (0) 20 865-140+382 (0) 20 865-160+382 (0) 20 865-120Adresa: Ul. Dunje \u0110oki\u0107 bb. 81210 Kola\u0161in Uprava policije: +382 (0) 20 865-002+382 20 122 Vatrogasna:+382 (0) 20 865-938+382 20 123 Hitna medicinska pomo\u0107:+382 20 124Adresa: Ul.Continue reading &quot;Va\u017eni telefoni&quot;\" \/>\n<meta property=\"og:url\" content=\"https:\/\/kolasin.me\/en\/important-phones\/\" \/>\n<meta property=\"og:site_name\" content=\"TO Kola\u0161in\" \/>\n<meta property=\"article:publisher\" content=\"https:\/\/www.facebook.com\/profile.php?id=61577932100861#\" \/>\n<meta property=\"article:modified_time\" content=\"2025-11-20T08:49:50+00:00\" \/>\n<meta property=\"og:image\" content=\"https:\/\/i0.wp.com\/kolasin.me\/wp-content\/uploads\/2025\/10\/tokolasin-logo.jpg?fit=800%2C515&ssl=1\" \/>\n\t<meta property=\"og:image:width\" content=\"800\" \/>\n\t<meta property=\"og:image:height\" content=\"515\" \/>\n\t<meta property=\"og:image:type\" content=\"image\/jpeg\" \/>\n<meta name=\"twitter:card\" content=\"summary_large_image\" \/>\n<meta name=\"twitter:label1\" content=\"Estimated reading time\" \/>\n\t<meta name=\"twitter:data1\" content=\"1 minute\" \/>\n<script type=\"application\/ld+json\" class=\"yoast-schema-graph\">{\"@context\":\"https:\\\/\\\/schema.org\",\"@graph\":[{\"@type\":\"WebPage\",\"@id\":\"https:\\\/\\\/kolasin.me\\\/vazni-telefoni\\\/\",\"url\":\"https:\\\/\\\/kolasin.me\\\/vazni-telefoni\\\/\",\"name\":\"Va\u017eni telefoni - TO Kola\u0161in\",\"isPartOf\":{\"@id\":\"https:\\\/\\\/kolasin.me\\\/#website\"},\"datePublished\":\"2025-06-30T21:38:00+00:00\",\"dateModified\":\"2025-11-20T08:49:50+00:00\",\"breadcrumb\":{\"@id\":\"https:\\\/\\\/kolasin.me\\\/vazni-telefoni\\\/#breadcrumb\"},\"inLanguage\":\"en-GB\",\"potentialAction\":[{\"@type\":\"ReadAction\",\"target\":[\"https:\\\/\\\/kolasin.me\\\/vazni-telefoni\\\/\"]}]},{\"@type\":\"BreadcrumbList\",\"@id\":\"https:\\\/\\\/kolasin.me\\\/vazni-telefoni\\\/#breadcrumb\",\"itemListElement\":[{\"@type\":\"ListItem\",\"position\":1,\"name\":\"Home\",\"item\":\"https:\\\/\\\/kolasin.me\\\/\"},{\"@type\":\"ListItem\",\"position\":2,\"name\":\"Va\u017eni telefoni\"}]},{\"@type\":\"WebSite\",\"@id\":\"https:\\\/\\\/kolasin.me\\\/#website\",\"url\":\"https:\\\/\\\/kolasin.me\\\/\",\"name\":\"TO Kola\u0161in\",\"description\":\"Turisti\u010dka Organizacija Kola\u0161in\",\"publisher\":{\"@id\":\"https:\\\/\\\/kolasin.me\\\/#organization\"},\"alternateName\":\"Turisti\u010dka Organizacija Kola\u0161in\",\"potentialAction\":[{\"@type\":\"SearchAction\",\"target\":{\"@type\":\"EntryPoint\",\"urlTemplate\":\"https:\\\/\\\/kolasin.me\\\/?s={search_term_string}\"},\"query-input\":{\"@type\":\"PropertyValueSpecification\",\"valueRequired\":true,\"valueName\":\"search_term_string\"}}],\"inLanguage\":\"en-GB\"},{\"@type\":\"Organization\",\"@id\":\"https:\\\/\\\/kolasin.me\\\/#organization\",\"name\":\"TO Kola\u0161in\",\"alternateName\":\"Turisti\u010dka Organizacije Kola\u0161in\",\"url\":\"https:\\\/\\\/kolasin.me\\\/\",\"logo\":{\"@type\":\"ImageObject\",\"inLanguage\":\"en-GB\",\"@id\":\"https:\\\/\\\/kolasin.me\\\/#\\\/schema\\\/logo\\\/image\\\/\",\"url\":\"https:\\\/\\\/i0.wp.com\\\/kolasin.me\\\/wp-content\\\/uploads\\\/2025\\\/10\\\/tokolasin-logo.jpg?fit=800%2C515&ssl=1\",\"contentUrl\":\"https:\\\/\\\/i0.wp.com\\\/kolasin.me\\\/wp-content\\\/uploads\\\/2025\\\/10\\\/tokolasin-logo.jpg?fit=800%2C515&ssl=1\",\"width\":800,\"height\":515,\"caption\":\"TO Kola\u0161in\"},\"image\":{\"@id\":\"https:\\\/\\\/kolasin.me\\\/#\\\/schema\\\/logo\\\/image\\\/\"},\"sameAs\":[\"https:\\\/\\\/www.facebook.com\\\/profile.php?id=61577932100861#\",\"https:\\\/\\\/www.instagram.com\\\/to.kolasin\\\/?hl=en\"]}]}<\/script>\n<!-- \/ Yoast SEO plugin. -->","yoast_head_json":{"title":"Important telephone numbers - TO Kola\u0161in","robots":{"index":"index","follow":"follow","max-snippet":"max-snippet:-1","max-image-preview":"max-image-preview:large","max-video-preview":"max-video-preview:-1"},"canonical":"https:\/\/kolasin.me\/en\/important-phones\/","og_locale":"en_GB","og_type":"article","og_title":"Va\u017eni telefoni - TO Kola\u0161in","og_description":"Autobuska stanica:+ 382 (0) 20 864-033 \u017deljezni\u010dka stanica:+382 (0) 20 441-492 Call centar Nacionalne turisti\u010dke organizacije:&nbsp;0 8000 1300 Dom&nbsp;Zdravlja&nbsp;Kola\u0161in: +382 (0) 20 865-140+382 (0) 20 865-160+382 (0) 20 865-120Adresa: Ul. Dunje \u0110oki\u0107 bb. 81210 Kola\u0161in Uprava policije: +382 (0) 20 865-002+382 20 122 Vatrogasna:+382 (0) 20 865-938+382 20 123 Hitna medicinska pomo\u0107:+382 20 124Adresa: Ul.Continue reading \"Va\u017eni telefoni\"","og_url":"https:\/\/kolasin.me\/en\/important-phones\/","og_site_name":"TO Kola\u0161in","article_publisher":"https:\/\/www.facebook.com\/profile.php?id=61577932100861#","article_modified_time":"2025-11-20T08:49:50+00:00","og_image":[{"width":800,"height":515,"url":"https:\/\/i0.wp.com\/kolasin.me\/wp-content\/uploads\/2025\/10\/tokolasin-logo.jpg?fit=800%2C515&ssl=1","type":"image\/jpeg"}],"twitter_card":"summary_large_image","twitter_misc":{"Estimated reading time":"1 minute"},"schema":{"@context":"https:\/\/schema.org","@graph":[{"@type":"WebPage","@id":"https:\/\/kolasin.me\/vazni-telefoni\/","url":"https:\/\/kolasin.me\/vazni-telefoni\/","name":"Important telephone numbers - TO Kola\u0161in","isPartOf":{"@id":"https:\/\/kolasin.me\/#website"},"datePublished":"2025-06-30T21:38:00+00:00","dateModified":"2025-11-20T08:49:50+00:00","breadcrumb":{"@id":"https:\/\/kolasin.me\/vazni-telefoni\/#breadcrumb"},"inLanguage":"en-GB","potentialAction":[{"@type":"ReadAction","target":["https:\/\/kolasin.me\/vazni-telefoni\/"]}]},{"@type":"BreadcrumbList","@id":"https:\/\/kolasin.me\/vazni-telefoni\/#breadcrumb","itemListElement":[{"@type":"ListItem","position":1,"name":"Home","item":"https:\/\/kolasin.me\/"},{"@type":"ListItem","position":2,"name":"Va\u017eni telefoni"}]},{"@type":"WebSite","@id":"https:\/\/kolasin.me\/#website","url":"https:\/\/kolasin.me\/","name":"TO Kolasin","description":"Tourist Organization Kola\u0161in","publisher":{"@id":"https:\/\/kolasin.me\/#organization"},"alternateName":"Turisti\u010dka Organizacija Kola\u0161in","potentialAction":[{"@type":"SearchAction","target":{"@type":"EntryPoint","urlTemplate":"https:\/\/kolasin.me\/?s={search_term_string}"},"query-input":{"@type":"PropertyValueSpecification","valueRequired":true,"valueName":"search_term_string"}}],"inLanguage":"en-GB"},{"@type":"Organization","@id":"https:\/\/kolasin.me\/#organization","name":"TO Kolasin","alternateName":"Turisti\u010dka Organizacije Kola\u0161in","url":"https:\/\/kolasin.me\/","logo":{"@type":"ImageObject","inLanguage":"en-GB","@id":"https:\/\/kolasin.me\/#\/schema\/logo\/image\/","url":"https:\/\/i0.wp.com\/kolasin.me\/wp-content\/uploads\/2025\/10\/tokolasin-logo.jpg?fit=800%2C515&ssl=1","contentUrl":"https:\/\/i0.wp.com\/kolasin.me\/wp-content\/uploads\/2025\/10\/tokolasin-logo.jpg?fit=800%2C515&ssl=1","width":800,"height":515,"caption":"TO Kola\u0161in"},"image":{"@id":"https:\/\/kolasin.me\/#\/schema\/logo\/image\/"},"sameAs":["https:\/\/www.facebook.com\/profile.php?id=61577932100861#","https:\/\/www.instagram.com\/to.kolasin\/?hl=en"]}]}},"jetpack_sharing_enabled":true,"jetpack_shortlink":"https:\/\/wp.me\/Pgiv2T-8I","_links":{"self":[{"href":"https:\/\/kolasin.me\/en\/wp-json\/wp\/v2\/pages\/540","targetHints":{"allow":["GET"]}}],"collection":[{"href":"https:\/\/kolasin.me\/en\/wp-json\/wp\/v2\/pages"}],"about":[{"href":"https:\/\/kolasin.me\/en\/wp-json\/wp\/v2\/types\/page"}],"author":[{"embeddable":true,"href":"https:\/\/kolasin.me\/en\/wp-json\/wp\/v2\/users\/209674362"}],"replies":[{"embeddable":true,"href":"https:\/\/kolasin.me\/en\/wp-json\/wp\/v2\/comments?post=540"}],"version-history":[{"count":2,"href":"https:\/\/kolasin.me\/en\/wp-json\/wp\/v2\/pages\/540\/revisions"}],"predecessor-version":[{"id":3613,"href":"https:\/\/kolasin.me\/en\/wp-json\/wp\/v2\/pages\/540\/revisions\/3613"}],"wp:attachment":[{"href":"https:\/\/kolasin.me\/en\/wp-json\/wp\/v2\/media?parent=540"}],"curies":[{"name":"wp","href":"https:\/\/api.w.org\/{rel}","templated":true}]}}