{"id":3661,"date":"2025-12-02T09:31:55","date_gmt":"2025-12-02T09:31:55","guid":{"rendered":"https:\/\/kolasin.me\/?page_id=3661"},"modified":"2025-12-02T09:31:56","modified_gmt":"2025-12-02T09:31:56","slug":"bicycle-paths","status":"publish","type":"page","link":"https:\/\/kolasin.me\/en\/biciklisticke-staze\/","title":{"rendered":"Bicycle paths"},"content":{"rendered":"","protected":false},"excerpt":{"rendered":"","protected":false},"author":209674362,"featured_media":0,"parent":0,"menu_order":0,"comment_status":"closed","ping_status":"closed","template":"","meta":{"_crdt_document":"","footnotes":""},"class_list":["post-3661","page","type-page","status-publish","hentry"],"yoast_head":"<!-- This site is optimized with the Yoast SEO plugin v27.3 - https:\/\/yoast.com\/product\/yoast-seo-wordpress\/ -->\n<title>Biciklisti\u010dke staze - TO Kola\u0161in<\/title>\n<meta name=\"description\" content=\"Otkrijte najljep\u0161e biciklisti\u010dke rute Kola\u0161ina uz iskusne vodi\u010de i do\u017eivite nezaboravnu avanturu!\" \/>\n<meta name=\"robots\" content=\"index, follow, max-snippet:-1, max-image-preview:large, max-video-preview:-1\" \/>\n<link rel=\"canonical\" href=\"https:\/\/kolasin.me\/en\/bicycle-paths\/\" \/>\n<meta property=\"og:locale\" content=\"en_GB\" \/>\n<meta property=\"og:type\" content=\"article\" \/>\n<meta property=\"og:title\" content=\"Biciklisti\u010dke staze - TO Kola\u0161in\" \/>\n<meta property=\"og:description\" content=\"Otkrijte najljep\u0161e biciklisti\u010dke rute Kola\u0161ina uz iskusne vodi\u010de i do\u017eivite nezaboravnu avanturu!\" \/>\n<meta property=\"og:url\" content=\"https:\/\/kolasin.me\/en\/bicycle-paths\/\" \/>\n<meta property=\"og:site_name\" content=\"TO Kola\u0161in\" \/>\n<meta property=\"article:publisher\" content=\"https:\/\/www.facebook.com\/profile.php?id=61577932100861#\" \/>\n<meta property=\"article:modified_time\" content=\"2025-12-02T09:31:56+00:00\" \/>\n<meta property=\"og:image\" content=\"https:\/\/i0.wp.com\/kolasin.me\/wp-content\/uploads\/2025\/10\/tokolasin-logo.jpg?fit=800%2C515&ssl=1\" \/>\n\t<meta property=\"og:image:width\" content=\"800\" \/>\n\t<meta property=\"og:image:height\" content=\"515\" \/>\n\t<meta property=\"og:image:type\" content=\"image\/jpeg\" \/>\n<meta name=\"twitter:card\" content=\"summary_large_image\" \/>\n<script type=\"application\/ld+json\" class=\"yoast-schema-graph\">{\"@context\":\"https:\\\/\\\/schema.org\",\"@graph\":[{\"@type\":\"WebPage\",\"@id\":\"https:\\\/\\\/kolasin.me\\\/biciklisticke-staze\\\/\",\"url\":\"https:\\\/\\\/kolasin.me\\\/biciklisticke-staze\\\/\",\"name\":\"Biciklisti\u010dke staze - TO Kola\u0161in\",\"isPartOf\":{\"@id\":\"https:\\\/\\\/kolasin.me\\\/#website\"},\"datePublished\":\"2025-12-02T09:31:55+00:00\",\"dateModified\":\"2025-12-02T09:31:56+00:00\",\"description\":\"Otkrijte najljep\u0161e biciklisti\u010dke rute Kola\u0161ina uz iskusne vodi\u010de i do\u017eivite nezaboravnu avanturu!\",\"breadcrumb\":{\"@id\":\"https:\\\/\\\/kolasin.me\\\/biciklisticke-staze\\\/#breadcrumb\"},\"inLanguage\":\"en-GB\",\"potentialAction\":[{\"@type\":\"ReadAction\",\"target\":[\"https:\\\/\\\/kolasin.me\\\/biciklisticke-staze\\\/\"]}]},{\"@type\":\"BreadcrumbList\",\"@id\":\"https:\\\/\\\/kolasin.me\\\/biciklisticke-staze\\\/#breadcrumb\",\"itemListElement\":[{\"@type\":\"ListItem\",\"position\":1,\"name\":\"Home\",\"item\":\"https:\\\/\\\/kolasin.me\\\/\"},{\"@type\":\"ListItem\",\"position\":2,\"name\":\"Biciklisti\u010dke staze\"}]},{\"@type\":\"WebSite\",\"@id\":\"https:\\\/\\\/kolasin.me\\\/#website\",\"url\":\"https:\\\/\\\/kolasin.me\\\/\",\"name\":\"TO Kola\u0161in\",\"description\":\"Turisti\u010dka Organizacija Kola\u0161in\",\"publisher\":{\"@id\":\"https:\\\/\\\/kolasin.me\\\/#organization\"},\"alternateName\":\"Turisti\u010dka Organizacija Kola\u0161in\",\"potentialAction\":[{\"@type\":\"SearchAction\",\"target\":{\"@type\":\"EntryPoint\",\"urlTemplate\":\"https:\\\/\\\/kolasin.me\\\/?s={search_term_string}\"},\"query-input\":{\"@type\":\"PropertyValueSpecification\",\"valueRequired\":true,\"valueName\":\"search_term_string\"}}],\"inLanguage\":\"en-GB\"},{\"@type\":\"Organization\",\"@id\":\"https:\\\/\\\/kolasin.me\\\/#organization\",\"name\":\"TO Kola\u0161in\",\"alternateName\":\"Turisti\u010dka Organizacije Kola\u0161in\",\"url\":\"https:\\\/\\\/kolasin.me\\\/\",\"logo\":{\"@type\":\"ImageObject\",\"inLanguage\":\"en-GB\",\"@id\":\"https:\\\/\\\/kolasin.me\\\/#\\\/schema\\\/logo\\\/image\\\/\",\"url\":\"https:\\\/\\\/i0.wp.com\\\/kolasin.me\\\/wp-content\\\/uploads\\\/2025\\\/10\\\/tokolasin-logo.jpg?fit=800%2C515&ssl=1\",\"contentUrl\":\"https:\\\/\\\/i0.wp.com\\\/kolasin.me\\\/wp-content\\\/uploads\\\/2025\\\/10\\\/tokolasin-logo.jpg?fit=800%2C515&ssl=1\",\"width\":800,\"height\":515,\"caption\":\"TO Kola\u0161in\"},\"image\":{\"@id\":\"https:\\\/\\\/kolasin.me\\\/#\\\/schema\\\/logo\\\/image\\\/\"},\"sameAs\":[\"https:\\\/\\\/www.facebook.com\\\/profile.php?id=61577932100861#\",\"https:\\\/\\\/www.instagram.com\\\/to.kolasin\\\/?hl=en\"]}]}<\/script>\n<!-- \/ Yoast SEO plugin. -->","yoast_head_json":{"title":"Bicycle paths - TO Kola\u0161in","description":"Discover the most beautiful cycling routes in Kola\u0161in with experienced guides and experience an unforgettable adventure!","robots":{"index":"index","follow":"follow","max-snippet":"max-snippet:-1","max-image-preview":"max-image-preview:large","max-video-preview":"max-video-preview:-1"},"canonical":"https:\/\/kolasin.me\/en\/bicycle-paths\/","og_locale":"en_GB","og_type":"article","og_title":"Biciklisti\u010dke staze - TO Kola\u0161in","og_description":"Otkrijte najljep\u0161e biciklisti\u010dke rute Kola\u0161ina uz iskusne vodi\u010de i do\u017eivite nezaboravnu avanturu!","og_url":"https:\/\/kolasin.me\/en\/bicycle-paths\/","og_site_name":"TO Kola\u0161in","article_publisher":"https:\/\/www.facebook.com\/profile.php?id=61577932100861#","article_modified_time":"2025-12-02T09:31:56+00:00","og_image":[{"width":800,"height":515,"url":"https:\/\/i0.wp.com\/kolasin.me\/wp-content\/uploads\/2025\/10\/tokolasin-logo.jpg?fit=800%2C515&ssl=1","type":"image\/jpeg"}],"twitter_card":"summary_large_image","schema":{"@context":"https:\/\/schema.org","@graph":[{"@type":"WebPage","@id":"https:\/\/kolasin.me\/biciklisticke-staze\/","url":"https:\/\/kolasin.me\/biciklisticke-staze\/","name":"Bicycle paths - TO Kola\u0161in","isPartOf":{"@id":"https:\/\/kolasin.me\/#website"},"datePublished":"2025-12-02T09:31:55+00:00","dateModified":"2025-12-02T09:31:56+00:00","description":"Discover the most beautiful cycling routes in Kola\u0161in with experienced guides and experience an unforgettable adventure!","breadcrumb":{"@id":"https:\/\/kolasin.me\/biciklisticke-staze\/#breadcrumb"},"inLanguage":"en-GB","potentialAction":[{"@type":"ReadAction","target":["https:\/\/kolasin.me\/biciklisticke-staze\/"]}]},{"@type":"BreadcrumbList","@id":"https:\/\/kolasin.me\/biciklisticke-staze\/#breadcrumb","itemListElement":[{"@type":"ListItem","position":1,"name":"Home","item":"https:\/\/kolasin.me\/"},{"@type":"ListItem","position":2,"name":"Biciklisti\u010dke staze"}]},{"@type":"WebSite","@id":"https:\/\/kolasin.me\/#website","url":"https:\/\/kolasin.me\/","name":"TO Kolasin","description":"Tourist Organization Kola\u0161in","publisher":{"@id":"https:\/\/kolasin.me\/#organization"},"alternateName":"Turisti\u010dka Organizacija Kola\u0161in","potentialAction":[{"@type":"SearchAction","target":{"@type":"EntryPoint","urlTemplate":"https:\/\/kolasin.me\/?s={search_term_string}"},"query-input":{"@type":"PropertyValueSpecification","valueRequired":true,"valueName":"search_term_string"}}],"inLanguage":"en-GB"},{"@type":"Organization","@id":"https:\/\/kolasin.me\/#organization","name":"TO Kolasin","alternateName":"Turisti\u010dka Organizacije Kola\u0161in","url":"https:\/\/kolasin.me\/","logo":{"@type":"ImageObject","inLanguage":"en-GB","@id":"https:\/\/kolasin.me\/#\/schema\/logo\/image\/","url":"https:\/\/i0.wp.com\/kolasin.me\/wp-content\/uploads\/2025\/10\/tokolasin-logo.jpg?fit=800%2C515&ssl=1","contentUrl":"https:\/\/i0.wp.com\/kolasin.me\/wp-content\/uploads\/2025\/10\/tokolasin-logo.jpg?fit=800%2C515&ssl=1","width":800,"height":515,"caption":"TO Kola\u0161in"},"image":{"@id":"https:\/\/kolasin.me\/#\/schema\/logo\/image\/"},"sameAs":["https:\/\/www.facebook.com\/profile.php?id=61577932100861#","https:\/\/www.instagram.com\/to.kolasin\/?hl=en"]}]}},"jetpack_sharing_enabled":true,"jetpack_shortlink":"https:\/\/wp.me\/Pgiv2T-X3","_links":{"self":[{"href":"https:\/\/kolasin.me\/en\/wp-json\/wp\/v2\/pages\/3661","targetHints":{"allow":["GET"]}}],"collection":[{"href":"https:\/\/kolasin.me\/en\/wp-json\/wp\/v2\/pages"}],"about":[{"href":"https:\/\/kolasin.me\/en\/wp-json\/wp\/v2\/types\/page"}],"author":[{"embeddable":true,"href":"https:\/\/kolasin.me\/en\/wp-json\/wp\/v2\/users\/209674362"}],"replies":[{"embeddable":true,"href":"https:\/\/kolasin.me\/en\/wp-json\/wp\/v2\/comments?post=3661"}],"version-history":[{"count":1,"href":"https:\/\/kolasin.me\/en\/wp-json\/wp\/v2\/pages\/3661\/revisions"}],"predecessor-version":[{"id":3662,"href":"https:\/\/kolasin.me\/en\/wp-json\/wp\/v2\/pages\/3661\/revisions\/3662"}],"wp:attachment":[{"href":"https:\/\/kolasin.me\/en\/wp-json\/wp\/v2\/media?parent=3661"}],"curies":[{"name":"wp","href":"https:\/\/api.w.org\/{rel}","templated":true}]}}