{"id":273,"date":"2025-02-03T13:35:25","date_gmt":"2025-02-03T13:35:25","guid":{"rendered":"https:\/\/kolasin.me\/?page_id=273"},"modified":"2025-12-22T12:21:31","modified_gmt":"2025-12-22T12:21:31","slug":"canyoning","status":"publish","type":"page","link":"https:\/\/kolasin.me\/en\/kanjoning\/","title":{"rendered":"Canyoning"},"content":{"rendered":"<p class=\"wp-block-paragraph\">Canyoning is certainly among the most exciting adventurous and fun adrenaline activities that Montenegro has to offer, and it is a descent down river gorges (canyons). In order to overcome obstacles, it is necessary to descend using a rope down verticals (waterfalls), sometimes over 50 meters high, swim and jump. Currently, it is a form of tourism that is increasingly popular in the world. How rich Kola\u0161in is in canyons is also evidenced by the fact that its municipality has more than a dozen canyons, seven of which are extremely attractive. Unfortunately, they are still not available for commercial tours except for a small number of adventurers.<\/p>\n\n\n\n<div class=\"wp-block-stackable-text stk-block-text stk-block stk-12fe645\" data-block-id=\"12fe645\"><p class=\"stk-block-text__text\">Three canyons stand out: the source of the Mora\u010da River, the Bogutovski stream and the source of the Vi\u0161anj River.<\/p><\/div>\n\n\n\n<div class=\"wp-block-stackable-text stk-block-text stk-block stk-cb683b0\" data-block-id=\"cb683b0\"><p class=\"stk-block-text__text\">In order to increase the number of visitors to these canyons, it is first necessary to equip the canyons with safety signs. The source of the Mora\u010da River is located in one of the most beautiful villages in Montenegro \u2013 Ljevi\u0161te. The Vi\u0161anjska River connects the hamlet of Vi\u0161nje with Velje Duboki, while the Bogutovski stream is located in Rovci, in the hamlet of Bogutovski potok. Local guides and agencies are responsible for this type of activity, who also provide the necessary equipment for canyoning.<\/p><\/div>\n\n\n\n<figure class=\"wp-block-gallery has-nested-images columns-default is-cropped wp-block-gallery-1 is-layout-flex wp-block-gallery-is-layout-flex\">\n<figure class=\"wp-block-image size-large\"><img data-recalc-dims=\"1\" loading=\"lazy\" decoding=\"async\" width=\"872\" height=\"1024\" data-attachment-id=\"375\" data-permalink=\"https:\/\/kolasin.me\/en\/kanjoning\/1621457759868-01\/\" data-orig-file=\"https:\/\/i0.wp.com\/kolasin.me\/wp-content\/uploads\/2025\/02\/1621457759868-01.jpg?fit=920%2C1080&amp;ssl=1\" data-orig-size=\"920,1080\" data-comments-opened=\"1\" data-image-meta=\"{&quot;aperture&quot;:&quot;0&quot;,&quot;credit&quot;:&quot;&quot;,&quot;camera&quot;:&quot;&quot;,&quot;caption&quot;:&quot;&quot;,&quot;created_timestamp&quot;:&quot;0&quot;,&quot;copyright&quot;:&quot;&quot;,&quot;focal_length&quot;:&quot;0&quot;,&quot;iso&quot;:&quot;0&quot;,&quot;shutter_speed&quot;:&quot;0&quot;,&quot;title&quot;:&quot;&quot;,&quot;orientation&quot;:&quot;1&quot;}\" data-image-title=\"1621457759868-01\" data-image-description=\"\" data-image-caption=\"\" data-medium-file=\"https:\/\/i0.wp.com\/kolasin.me\/wp-content\/uploads\/2025\/02\/1621457759868-01.jpg?fit=256%2C300&amp;ssl=1\" data-large-file=\"https:\/\/i0.wp.com\/kolasin.me\/wp-content\/uploads\/2025\/02\/1621457759868-01.jpg?fit=872%2C1024&amp;ssl=1\" data-id=\"375\" src=\"https:\/\/i0.wp.com\/kolasin.me\/wp-content\/uploads\/2025\/02\/1621457759868-01.jpg?resize=872%2C1024&#038;ssl=1\" alt=\"\" class=\"wp-image-375\" srcset=\"https:\/\/i0.wp.com\/kolasin.me\/wp-content\/uploads\/2025\/02\/1621457759868-01.jpg?resize=872%2C1024&amp;ssl=1 872w, https:\/\/i0.wp.com\/kolasin.me\/wp-content\/uploads\/2025\/02\/1621457759868-01.jpg?resize=256%2C300&amp;ssl=1 256w, https:\/\/i0.wp.com\/kolasin.me\/wp-content\/uploads\/2025\/02\/1621457759868-01.jpg?resize=768%2C902&amp;ssl=1 768w, https:\/\/i0.wp.com\/kolasin.me\/wp-content\/uploads\/2025\/02\/1621457759868-01.jpg?w=920&amp;ssl=1 920w\" sizes=\"auto, (max-width: 872px) 100vw, 872px\" \/><\/figure>\n\n\n\n<figure class=\"wp-block-image size-large\"><img data-recalc-dims=\"1\" loading=\"lazy\" decoding=\"async\" width=\"768\" height=\"1024\" data-attachment-id=\"376\" data-permalink=\"https:\/\/kolasin.me\/en\/kanjoning\/1623003337598-01\/\" data-orig-file=\"https:\/\/i0.wp.com\/kolasin.me\/wp-content\/uploads\/2025\/02\/1623003337598-01.jpg?fit=810%2C1080&amp;ssl=1\" data-orig-size=\"810,1080\" data-comments-opened=\"1\" data-image-meta=\"{&quot;aperture&quot;:&quot;0&quot;,&quot;credit&quot;:&quot;&quot;,&quot;camera&quot;:&quot;--&quot;,&quot;caption&quot;:&quot;&quot;,&quot;created_timestamp&quot;:&quot;1604925507&quot;,&quot;copyright&quot;:&quot;&quot;,&quot;focal_length&quot;:&quot;0&quot;,&quot;iso&quot;:&quot;0&quot;,&quot;shutter_speed&quot;:&quot;1&quot;,&quot;title&quot;:&quot;&quot;,&quot;orientation&quot;:&quot;1&quot;}\" data-image-title=\"1623003337598-01\" data-image-description=\"\" data-image-caption=\"\" data-medium-file=\"https:\/\/i0.wp.com\/kolasin.me\/wp-content\/uploads\/2025\/02\/1623003337598-01.jpg?fit=225%2C300&amp;ssl=1\" data-large-file=\"https:\/\/i0.wp.com\/kolasin.me\/wp-content\/uploads\/2025\/02\/1623003337598-01.jpg?fit=768%2C1024&amp;ssl=1\" data-id=\"376\" src=\"https:\/\/i0.wp.com\/kolasin.me\/wp-content\/uploads\/2025\/02\/1623003337598-01.jpg?resize=768%2C1024&#038;ssl=1\" alt=\"\" class=\"wp-image-376\" srcset=\"https:\/\/i0.wp.com\/kolasin.me\/wp-content\/uploads\/2025\/02\/1623003337598-01.jpg?resize=768%2C1024&amp;ssl=1 768w, https:\/\/i0.wp.com\/kolasin.me\/wp-content\/uploads\/2025\/02\/1623003337598-01.jpg?resize=225%2C300&amp;ssl=1 225w, https:\/\/i0.wp.com\/kolasin.me\/wp-content\/uploads\/2025\/02\/1623003337598-01.jpg?w=810&amp;ssl=1 810w\" sizes=\"auto, (max-width: 768px) 100vw, 768px\" \/><\/figure>\n\n\n\n<figure class=\"wp-block-image size-large\"><img data-recalc-dims=\"1\" loading=\"lazy\" decoding=\"async\" width=\"769\" height=\"1024\" data-attachment-id=\"377\" data-permalink=\"https:\/\/kolasin.me\/en\/kanjoning\/1656159966762-01\/\" data-orig-file=\"https:\/\/i0.wp.com\/kolasin.me\/wp-content\/uploads\/2025\/02\/1656159966762-01.jpg?fit=811%2C1080&amp;ssl=1\" data-orig-size=\"811,1080\" data-comments-opened=\"1\" data-image-meta=\"{&quot;aperture&quot;:&quot;0&quot;,&quot;credit&quot;:&quot;&quot;,&quot;camera&quot;:&quot;--&quot;,&quot;caption&quot;:&quot;&quot;,&quot;created_timestamp&quot;:&quot;1656164224&quot;,&quot;copyright&quot;:&quot;&quot;,&quot;focal_length&quot;:&quot;0&quot;,&quot;iso&quot;:&quot;0&quot;,&quot;shutter_speed&quot;:&quot;1&quot;,&quot;title&quot;:&quot;&quot;,&quot;orientation&quot;:&quot;1&quot;}\" data-image-title=\"1656159966762-01\" data-image-description=\"\" data-image-caption=\"\" data-medium-file=\"https:\/\/i0.wp.com\/kolasin.me\/wp-content\/uploads\/2025\/02\/1656159966762-01.jpg?fit=225%2C300&amp;ssl=1\" data-large-file=\"https:\/\/i0.wp.com\/kolasin.me\/wp-content\/uploads\/2025\/02\/1656159966762-01.jpg?fit=769%2C1024&amp;ssl=1\" data-id=\"377\" src=\"https:\/\/i0.wp.com\/kolasin.me\/wp-content\/uploads\/2025\/02\/1656159966762-01.jpg?resize=769%2C1024&#038;ssl=1\" alt=\"\" class=\"wp-image-377\" srcset=\"https:\/\/i0.wp.com\/kolasin.me\/wp-content\/uploads\/2025\/02\/1656159966762-01.jpg?resize=769%2C1024&amp;ssl=1 769w, https:\/\/i0.wp.com\/kolasin.me\/wp-content\/uploads\/2025\/02\/1656159966762-01.jpg?resize=225%2C300&amp;ssl=1 225w, https:\/\/i0.wp.com\/kolasin.me\/wp-content\/uploads\/2025\/02\/1656159966762-01.jpg?resize=768%2C1023&amp;ssl=1 768w, https:\/\/i0.wp.com\/kolasin.me\/wp-content\/uploads\/2025\/02\/1656159966762-01.jpg?w=811&amp;ssl=1 811w\" sizes=\"auto, (max-width: 769px) 100vw, 769px\" \/><\/figure>\n\n\n\n<figure class=\"wp-block-image size-large\"><img data-recalc-dims=\"1\" loading=\"lazy\" decoding=\"async\" width=\"768\" height=\"1024\" data-attachment-id=\"378\" data-permalink=\"https:\/\/kolasin.me\/en\/kanjoning\/1656436443145-01\/\" data-orig-file=\"https:\/\/i0.wp.com\/kolasin.me\/wp-content\/uploads\/2025\/02\/1656436443145-01.jpg?fit=810%2C1080&amp;ssl=1\" data-orig-size=\"810,1080\" data-comments-opened=\"1\" data-image-meta=\"{&quot;aperture&quot;:&quot;0&quot;,&quot;credit&quot;:&quot;&quot;,&quot;camera&quot;:&quot;&quot;,&quot;caption&quot;:&quot;&quot;,&quot;created_timestamp&quot;:&quot;0&quot;,&quot;copyright&quot;:&quot;&quot;,&quot;focal_length&quot;:&quot;0&quot;,&quot;iso&quot;:&quot;0&quot;,&quot;shutter_speed&quot;:&quot;0&quot;,&quot;title&quot;:&quot;&quot;,&quot;orientation&quot;:&quot;1&quot;}\" data-image-title=\"1656436443145-01\" data-image-description=\"\" data-image-caption=\"\" data-medium-file=\"https:\/\/i0.wp.com\/kolasin.me\/wp-content\/uploads\/2025\/02\/1656436443145-01.jpg?fit=225%2C300&amp;ssl=1\" data-large-file=\"https:\/\/i0.wp.com\/kolasin.me\/wp-content\/uploads\/2025\/02\/1656436443145-01.jpg?fit=768%2C1024&amp;ssl=1\" data-id=\"378\" src=\"https:\/\/i0.wp.com\/kolasin.me\/wp-content\/uploads\/2025\/02\/1656436443145-01.jpg?resize=768%2C1024&#038;ssl=1\" alt=\"\" class=\"wp-image-378\" srcset=\"https:\/\/i0.wp.com\/kolasin.me\/wp-content\/uploads\/2025\/02\/1656436443145-01.jpg?resize=768%2C1024&amp;ssl=1 768w, https:\/\/i0.wp.com\/kolasin.me\/wp-content\/uploads\/2025\/02\/1656436443145-01.jpg?resize=225%2C300&amp;ssl=1 225w, https:\/\/i0.wp.com\/kolasin.me\/wp-content\/uploads\/2025\/02\/1656436443145-01.jpg?w=810&amp;ssl=1 810w\" sizes=\"auto, (max-width: 768px) 100vw, 768px\" \/><\/figure>\n\n\n\n<figure class=\"wp-block-image size-large\"><img data-recalc-dims=\"1\" loading=\"lazy\" decoding=\"async\" width=\"576\" height=\"1024\" data-attachment-id=\"379\" data-permalink=\"https:\/\/kolasin.me\/en\/kanjoning\/img_20210817_094943_892\/\" data-orig-file=\"https:\/\/i0.wp.com\/kolasin.me\/wp-content\/uploads\/2025\/02\/IMG_20210817_094943_892.jpg?fit=608%2C1080&amp;ssl=1\" data-orig-size=\"608,1080\" data-comments-opened=\"1\" data-image-meta=\"{&quot;aperture&quot;:&quot;0&quot;,&quot;credit&quot;:&quot;&quot;,&quot;camera&quot;:&quot;&quot;,&quot;caption&quot;:&quot;&quot;,&quot;created_timestamp&quot;:&quot;0&quot;,&quot;copyright&quot;:&quot;&quot;,&quot;focal_length&quot;:&quot;0&quot;,&quot;iso&quot;:&quot;0&quot;,&quot;shutter_speed&quot;:&quot;0&quot;,&quot;title&quot;:&quot;&quot;,&quot;orientation&quot;:&quot;1&quot;}\" data-image-title=\"IMG_20210817_094943_892\" data-image-description=\"\" data-image-caption=\"\" data-medium-file=\"https:\/\/i0.wp.com\/kolasin.me\/wp-content\/uploads\/2025\/02\/IMG_20210817_094943_892.jpg?fit=169%2C300&amp;ssl=1\" data-large-file=\"https:\/\/i0.wp.com\/kolasin.me\/wp-content\/uploads\/2025\/02\/IMG_20210817_094943_892.jpg?fit=576%2C1024&amp;ssl=1\" data-id=\"379\" src=\"https:\/\/i0.wp.com\/kolasin.me\/wp-content\/uploads\/2025\/02\/IMG_20210817_094943_892.jpg?resize=576%2C1024&#038;ssl=1\" alt=\"\" class=\"wp-image-379\" srcset=\"https:\/\/i0.wp.com\/kolasin.me\/wp-content\/uploads\/2025\/02\/IMG_20210817_094943_892.jpg?resize=576%2C1024&amp;ssl=1 576w, https:\/\/i0.wp.com\/kolasin.me\/wp-content\/uploads\/2025\/02\/IMG_20210817_094943_892.jpg?resize=169%2C300&amp;ssl=1 169w, https:\/\/i0.wp.com\/kolasin.me\/wp-content\/uploads\/2025\/02\/IMG_20210817_094943_892.jpg?w=608&amp;ssl=1 608w\" sizes=\"auto, (max-width: 576px) 100vw, 576px\" \/><\/figure>\n\n\n\n<figure class=\"wp-block-image size-large\"><img data-recalc-dims=\"1\" loading=\"lazy\" decoding=\"async\" width=\"1024\" height=\"1020\" data-attachment-id=\"380\" data-permalink=\"https:\/\/kolasin.me\/en\/kanjoning\/img_20220807_105908\/\" data-orig-file=\"https:\/\/i0.wp.com\/kolasin.me\/wp-content\/uploads\/2025\/02\/IMG_20220807_105908.jpg?fit=1084%2C1080&amp;ssl=1\" data-orig-size=\"1084,1080\" data-comments-opened=\"1\" data-image-meta=\"{&quot;aperture&quot;:&quot;0&quot;,&quot;credit&quot;:&quot;&quot;,&quot;camera&quot;:&quot;&quot;,&quot;caption&quot;:&quot;&quot;,&quot;created_timestamp&quot;:&quot;0&quot;,&quot;copyright&quot;:&quot;&quot;,&quot;focal_length&quot;:&quot;0&quot;,&quot;iso&quot;:&quot;0&quot;,&quot;shutter_speed&quot;:&quot;0&quot;,&quot;title&quot;:&quot;&quot;,&quot;orientation&quot;:&quot;1&quot;}\" data-image-title=\"IMG_20220807_105908\" data-image-description=\"\" data-image-caption=\"\" data-medium-file=\"https:\/\/i0.wp.com\/kolasin.me\/wp-content\/uploads\/2025\/02\/IMG_20220807_105908.jpg?fit=300%2C300&amp;ssl=1\" data-large-file=\"https:\/\/i0.wp.com\/kolasin.me\/wp-content\/uploads\/2025\/02\/IMG_20220807_105908.jpg?fit=1024%2C1020&amp;ssl=1\" data-id=\"380\" src=\"https:\/\/i0.wp.com\/kolasin.me\/wp-content\/uploads\/2025\/02\/IMG_20220807_105908.jpg?resize=1024%2C1020&#038;ssl=1\" alt=\"\" class=\"wp-image-380\" srcset=\"https:\/\/i0.wp.com\/kolasin.me\/wp-content\/uploads\/2025\/02\/IMG_20220807_105908.jpg?resize=1024%2C1020&amp;ssl=1 1024w, https:\/\/i0.wp.com\/kolasin.me\/wp-content\/uploads\/2025\/02\/IMG_20220807_105908.jpg?resize=300%2C300&amp;ssl=1 300w, https:\/\/i0.wp.com\/kolasin.me\/wp-content\/uploads\/2025\/02\/IMG_20220807_105908.jpg?resize=150%2C150&amp;ssl=1 150w, https:\/\/i0.wp.com\/kolasin.me\/wp-content\/uploads\/2025\/02\/IMG_20220807_105908.jpg?resize=768%2C765&amp;ssl=1 768w, https:\/\/i0.wp.com\/kolasin.me\/wp-content\/uploads\/2025\/02\/IMG_20220807_105908.jpg?w=1084&amp;ssl=1 1084w\" sizes=\"auto, (max-width: 1000px) 100vw, 1000px\" \/><\/figure>\n<\/figure>","protected":false},"excerpt":{"rendered":"<p>Canyoning is certainly among the most exciting adventurous and fun adrenaline activities that Montenegro has to offer, and it is a descent down river gorges (canyons). In order to overcome the obstacles, it is necessary to descend using a rope down verticals (waterfalls), sometimes over 50 meters high, swim and jump. Currently, it is a form of tourism that is increasingly popular<a href=\"https:\/\/kolasin.me\/en\/kanjoning\/\">Continue reading <span class=\"sr-only\">\u201cCanyoning\u201d<\/span><\/a><\/p>","protected":false},"author":209674362,"featured_media":0,"parent":0,"menu_order":0,"comment_status":"closed","ping_status":"closed","template":"","meta":{"_crdt_document":"","footnotes":""},"class_list":["post-273","page","type-page","status-publish","hentry"],"yoast_head":"<!-- This site is optimized with the Yoast SEO plugin v27.3 - https:\/\/yoast.com\/product\/yoast-seo-wordpress\/ -->\n<title>Kanjoning - TO Kola\u0161in<\/title>\n<meta name=\"robots\" content=\"index, follow, max-snippet:-1, max-image-preview:large, max-video-preview:-1\" \/>\n<link rel=\"canonical\" href=\"https:\/\/kolasin.me\/en\/canyoning\/\" \/>\n<meta property=\"og:locale\" content=\"en_GB\" \/>\n<meta property=\"og:type\" content=\"article\" \/>\n<meta property=\"og:title\" content=\"Kanjoning - TO Kola\u0161in\" \/>\n<meta property=\"og:description\" content=\"Kanjoning je sigurno me\u0111u najuzbudljivijim avanturisti\u010dkim i zabavnim adrenalinskim aktivnostima koje Crna Gora ima da ponudi, a predstavlja spu\u0161tanje niz rje\u010dne klisure (kanjone). Da bi se prepreke pro\u0161le potrebno je spu\u0161tati se pomo\u0107u u\u017eeta niz vertikale (vodopade), nekad i visine preko 50 metara, plivati i skakati. Trenutno, to je vid turizma koji je sve popularnijiContinue reading &quot;Kanjoning&quot;\" \/>\n<meta property=\"og:url\" content=\"https:\/\/kolasin.me\/en\/canyoning\/\" \/>\n<meta property=\"og:site_name\" content=\"TO Kola\u0161in\" \/>\n<meta property=\"article:publisher\" content=\"https:\/\/www.facebook.com\/profile.php?id=61577932100861#\" \/>\n<meta property=\"article:modified_time\" content=\"2025-12-22T12:21:31+00:00\" \/>\n<meta property=\"og:image\" content=\"https:\/\/kolasin.me\/wp-content\/uploads\/2025\/02\/1621457759868-01-872x1024.jpg\" \/>\n<meta name=\"twitter:card\" content=\"summary_large_image\" \/>\n<meta name=\"twitter:label1\" content=\"Estimated reading time\" \/>\n\t<meta name=\"twitter:data1\" content=\"2 minutes\" \/>\n<script type=\"application\/ld+json\" class=\"yoast-schema-graph\">{\"@context\":\"https:\\\/\\\/schema.org\",\"@graph\":[{\"@type\":\"WebPage\",\"@id\":\"https:\\\/\\\/kolasin.me\\\/kanjoning\\\/\",\"url\":\"https:\\\/\\\/kolasin.me\\\/kanjoning\\\/\",\"name\":\"Kanjoning - TO Kola\u0161in\",\"isPartOf\":{\"@id\":\"https:\\\/\\\/kolasin.me\\\/#website\"},\"primaryImageOfPage\":{\"@id\":\"https:\\\/\\\/kolasin.me\\\/kanjoning\\\/#primaryimage\"},\"image\":{\"@id\":\"https:\\\/\\\/kolasin.me\\\/kanjoning\\\/#primaryimage\"},\"thumbnailUrl\":\"https:\\\/\\\/kolasin.me\\\/wp-content\\\/uploads\\\/2025\\\/02\\\/1621457759868-01-872x1024.jpg\",\"datePublished\":\"2025-02-03T13:35:25+00:00\",\"dateModified\":\"2025-12-22T12:21:31+00:00\",\"breadcrumb\":{\"@id\":\"https:\\\/\\\/kolasin.me\\\/kanjoning\\\/#breadcrumb\"},\"inLanguage\":\"en-GB\",\"potentialAction\":[{\"@type\":\"ReadAction\",\"target\":[\"https:\\\/\\\/kolasin.me\\\/kanjoning\\\/\"]}]},{\"@type\":\"ImageObject\",\"inLanguage\":\"en-GB\",\"@id\":\"https:\\\/\\\/kolasin.me\\\/kanjoning\\\/#primaryimage\",\"url\":\"https:\\\/\\\/kolasin.me\\\/wp-content\\\/uploads\\\/2025\\\/02\\\/1621457759868-01-872x1024.jpg\",\"contentUrl\":\"https:\\\/\\\/kolasin.me\\\/wp-content\\\/uploads\\\/2025\\\/02\\\/1621457759868-01-872x1024.jpg\"},{\"@type\":\"BreadcrumbList\",\"@id\":\"https:\\\/\\\/kolasin.me\\\/kanjoning\\\/#breadcrumb\",\"itemListElement\":[{\"@type\":\"ListItem\",\"position\":1,\"name\":\"Home\",\"item\":\"https:\\\/\\\/kolasin.me\\\/\"},{\"@type\":\"ListItem\",\"position\":2,\"name\":\"Kanjoning\"}]},{\"@type\":\"WebSite\",\"@id\":\"https:\\\/\\\/kolasin.me\\\/#website\",\"url\":\"https:\\\/\\\/kolasin.me\\\/\",\"name\":\"TO Kola\u0161in\",\"description\":\"Turisti\u010dka Organizacija Kola\u0161in\",\"publisher\":{\"@id\":\"https:\\\/\\\/kolasin.me\\\/#organization\"},\"alternateName\":\"Turisti\u010dka Organizacija Kola\u0161in\",\"potentialAction\":[{\"@type\":\"SearchAction\",\"target\":{\"@type\":\"EntryPoint\",\"urlTemplate\":\"https:\\\/\\\/kolasin.me\\\/?s={search_term_string}\"},\"query-input\":{\"@type\":\"PropertyValueSpecification\",\"valueRequired\":true,\"valueName\":\"search_term_string\"}}],\"inLanguage\":\"en-GB\"},{\"@type\":\"Organization\",\"@id\":\"https:\\\/\\\/kolasin.me\\\/#organization\",\"name\":\"TO Kola\u0161in\",\"alternateName\":\"Turisti\u010dka Organizacije Kola\u0161in\",\"url\":\"https:\\\/\\\/kolasin.me\\\/\",\"logo\":{\"@type\":\"ImageObject\",\"inLanguage\":\"en-GB\",\"@id\":\"https:\\\/\\\/kolasin.me\\\/#\\\/schema\\\/logo\\\/image\\\/\",\"url\":\"https:\\\/\\\/i0.wp.com\\\/kolasin.me\\\/wp-content\\\/uploads\\\/2025\\\/10\\\/tokolasin-logo.jpg?fit=800%2C515&ssl=1\",\"contentUrl\":\"https:\\\/\\\/i0.wp.com\\\/kolasin.me\\\/wp-content\\\/uploads\\\/2025\\\/10\\\/tokolasin-logo.jpg?fit=800%2C515&ssl=1\",\"width\":800,\"height\":515,\"caption\":\"TO Kola\u0161in\"},\"image\":{\"@id\":\"https:\\\/\\\/kolasin.me\\\/#\\\/schema\\\/logo\\\/image\\\/\"},\"sameAs\":[\"https:\\\/\\\/www.facebook.com\\\/profile.php?id=61577932100861#\",\"https:\\\/\\\/www.instagram.com\\\/to.kolasin\\\/?hl=en\"]}]}<\/script>\n<!-- \/ Yoast SEO plugin. -->","yoast_head_json":{"title":"Canyoning - TO Kola\u0161in","robots":{"index":"index","follow":"follow","max-snippet":"max-snippet:-1","max-image-preview":"max-image-preview:large","max-video-preview":"max-video-preview:-1"},"canonical":"https:\/\/kolasin.me\/en\/canyoning\/","og_locale":"en_GB","og_type":"article","og_title":"Kanjoning - TO Kola\u0161in","og_description":"Kanjoning je sigurno me\u0111u najuzbudljivijim avanturisti\u010dkim i zabavnim adrenalinskim aktivnostima koje Crna Gora ima da ponudi, a predstavlja spu\u0161tanje niz rje\u010dne klisure (kanjone). Da bi se prepreke pro\u0161le potrebno je spu\u0161tati se pomo\u0107u u\u017eeta niz vertikale (vodopade), nekad i visine preko 50 metara, plivati i skakati. Trenutno, to je vid turizma koji je sve popularnijiContinue reading \"Kanjoning\"","og_url":"https:\/\/kolasin.me\/en\/canyoning\/","og_site_name":"TO Kola\u0161in","article_publisher":"https:\/\/www.facebook.com\/profile.php?id=61577932100861#","article_modified_time":"2025-12-22T12:21:31+00:00","og_image":[{"url":"https:\/\/kolasin.me\/wp-content\/uploads\/2025\/02\/1621457759868-01-872x1024.jpg","type":"","width":"","height":""}],"twitter_card":"summary_large_image","twitter_misc":{"Estimated reading time":"2 minutes"},"schema":{"@context":"https:\/\/schema.org","@graph":[{"@type":"WebPage","@id":"https:\/\/kolasin.me\/kanjoning\/","url":"https:\/\/kolasin.me\/kanjoning\/","name":"Canyoning - TO Kola\u0161in","isPartOf":{"@id":"https:\/\/kolasin.me\/#website"},"primaryImageOfPage":{"@id":"https:\/\/kolasin.me\/kanjoning\/#primaryimage"},"image":{"@id":"https:\/\/kolasin.me\/kanjoning\/#primaryimage"},"thumbnailUrl":"https:\/\/kolasin.me\/wp-content\/uploads\/2025\/02\/1621457759868-01-872x1024.jpg","datePublished":"2025-02-03T13:35:25+00:00","dateModified":"2025-12-22T12:21:31+00:00","breadcrumb":{"@id":"https:\/\/kolasin.me\/kanjoning\/#breadcrumb"},"inLanguage":"en-GB","potentialAction":[{"@type":"ReadAction","target":["https:\/\/kolasin.me\/kanjoning\/"]}]},{"@type":"ImageObject","inLanguage":"en-GB","@id":"https:\/\/kolasin.me\/kanjoning\/#primaryimage","url":"https:\/\/kolasin.me\/wp-content\/uploads\/2025\/02\/1621457759868-01-872x1024.jpg","contentUrl":"https:\/\/kolasin.me\/wp-content\/uploads\/2025\/02\/1621457759868-01-872x1024.jpg"},{"@type":"BreadcrumbList","@id":"https:\/\/kolasin.me\/kanjoning\/#breadcrumb","itemListElement":[{"@type":"ListItem","position":1,"name":"Home","item":"https:\/\/kolasin.me\/"},{"@type":"ListItem","position":2,"name":"Kanjoning"}]},{"@type":"WebSite","@id":"https:\/\/kolasin.me\/#website","url":"https:\/\/kolasin.me\/","name":"TO Kolasin","description":"Tourist Organization Kola\u0161in","publisher":{"@id":"https:\/\/kolasin.me\/#organization"},"alternateName":"Turisti\u010dka Organizacija Kola\u0161in","potentialAction":[{"@type":"SearchAction","target":{"@type":"EntryPoint","urlTemplate":"https:\/\/kolasin.me\/?s={search_term_string}"},"query-input":{"@type":"PropertyValueSpecification","valueRequired":true,"valueName":"search_term_string"}}],"inLanguage":"en-GB"},{"@type":"Organization","@id":"https:\/\/kolasin.me\/#organization","name":"TO Kolasin","alternateName":"Turisti\u010dka Organizacije Kola\u0161in","url":"https:\/\/kolasin.me\/","logo":{"@type":"ImageObject","inLanguage":"en-GB","@id":"https:\/\/kolasin.me\/#\/schema\/logo\/image\/","url":"https:\/\/i0.wp.com\/kolasin.me\/wp-content\/uploads\/2025\/10\/tokolasin-logo.jpg?fit=800%2C515&ssl=1","contentUrl":"https:\/\/i0.wp.com\/kolasin.me\/wp-content\/uploads\/2025\/10\/tokolasin-logo.jpg?fit=800%2C515&ssl=1","width":800,"height":515,"caption":"TO Kola\u0161in"},"image":{"@id":"https:\/\/kolasin.me\/#\/schema\/logo\/image\/"},"sameAs":["https:\/\/www.facebook.com\/profile.php?id=61577932100861#","https:\/\/www.instagram.com\/to.kolasin\/?hl=en"]}]}},"jetpack_sharing_enabled":true,"jetpack_shortlink":"https:\/\/wp.me\/Pgiv2T-4p","_links":{"self":[{"href":"https:\/\/kolasin.me\/en\/wp-json\/wp\/v2\/pages\/273","targetHints":{"allow":["GET"]}}],"collection":[{"href":"https:\/\/kolasin.me\/en\/wp-json\/wp\/v2\/pages"}],"about":[{"href":"https:\/\/kolasin.me\/en\/wp-json\/wp\/v2\/types\/page"}],"author":[{"embeddable":true,"href":"https:\/\/kolasin.me\/en\/wp-json\/wp\/v2\/users\/209674362"}],"replies":[{"embeddable":true,"href":"https:\/\/kolasin.me\/en\/wp-json\/wp\/v2\/comments?post=273"}],"version-history":[{"count":4,"href":"https:\/\/kolasin.me\/en\/wp-json\/wp\/v2\/pages\/273\/revisions"}],"predecessor-version":[{"id":3723,"href":"https:\/\/kolasin.me\/en\/wp-json\/wp\/v2\/pages\/273\/revisions\/3723"}],"wp:attachment":[{"href":"https:\/\/kolasin.me\/en\/wp-json\/wp\/v2\/media?parent=273"}],"curies":[{"name":"wp","href":"https:\/\/api.w.org\/{rel}","templated":true}]}}