{"id":200,"date":"2025-02-02T21:42:40","date_gmt":"2025-02-02T21:42:40","guid":{"rendered":"https:\/\/kolasin.me\/?page_id=200"},"modified":"2025-12-22T12:18:22","modified_gmt":"2025-12-22T12:18:22","slug":"cycling","status":"publish","type":"page","link":"https:\/\/kolasin.me\/en\/biciklizam\/","title":{"rendered":"Cycling"},"content":{"rendered":"<p class=\"wp-block-paragraph\"><strong>Kola\u0161in\u2013Sinjavina<\/strong><\/p>\n\n\n\n<p class=\"wp-block-paragraph\">Trail length: 21 km<\/p>\n\n\n\n<p class=\"wp-block-paragraph\">Beginning of the trail: Trg boraca, 942 m above sea level.<\/p>\n\n\n\n<p class=\"wp-block-paragraph\">Destination: Je\u010dmen Do katun on Sinjajevina 1,600 meters above sea level (possibility to continue further depending on physical fitness).<\/p>\n\n\n\n<p class=\"wp-block-paragraph\">Elevation difference: 658 m<\/p>\n\n\n\n<p class=\"wp-block-paragraph\">Time required: 2 hours<\/p>\n\n\n\n<p class=\"wp-block-paragraph\">The start of this cycling tour is Trg boraca. From the very center, the road leads towards the exit from the city along Mojkova\u010dka Street. The movement continues over the bridge and the Tara River. The main road leads to the right, which is followed for only 700 m and then branches off to the left - along a narrow but very beautiful asphalt road through the settlement of Drijenak. Passing through the settlement, the road continues towards the village of Blatina. On this section of the road, the terrain is diverse, very interesting, but safety must be taken into account because the road is narrow and not well-marked. As the road continues, we come out onto a short section of macadam road that connects us to the main asphalt road that leads through Lipovska Bistrica, Gornje Lipovo and Sinjavina, which is the final destination.<br>After beautiful countryside and asphalt roads, we are greeted by a gravel road and a climb that leads over the Vratlo pass. The road is in good condition and requires a lot of fitness as well as adequate equipment, i.e. an MTB bike. The climb ends at the Vratlo pass itself. From the Je\u010dmen Do katun, which opens on the left (after emerging onto the mountain surface), the roads branch off and lead in many directions, so there is a choice of whether to continue the tour or return to Kola\u0161in.<\/p>\n\n\n\n<p class=\"wp-block-paragraph\"><strong>Kola\u0161in\u2013Gole\u0161<\/strong><\/p>\n\n\n\n<p class=\"wp-block-paragraph\">Trail length: 19.4 km<\/p>\n\n\n\n<p class=\"wp-block-paragraph\">Beginning of the trail: Trg boraca, 942 m above sea level.<\/p>\n\n\n\n<p class=\"wp-block-paragraph\">Objective: Eko katun Gole\u0161, 1,673 masl.<\/p>\n\n\n\n<p class=\"wp-block-paragraph\">Elevation difference: 731 m<\/p>\n\n\n\n<p class=\"wp-block-paragraph\">Time required: 2 hours<\/p>\n\n\n\n<p class=\"wp-block-paragraph\">The path to Gole\u0161 leads from the city center, over Ba\u0161anje brdo, through the deep peace of the beech forests, past the katun where the locals go to harvest blueberries and teas, to fantastic viewpoints. First you will see Klju\u010d on the right and other peaks of Bjelasica, and when you pass the village of Kla\u010dine, you will be rewarded with a view of Kola\u0161in, Komove, Vu\u010dje and Magli\u0107. On a well-trodden macadam road, the possibility of meeting an animal is greater than a vehicle. At the very end of the path to Gole\u0161, there is a nice descent and a steep ascent, but after a short break in the katun, all effort is forgotten.&nbsp;<\/p>\n\n\n\n<p class=\"wp-block-paragraph\">Gole\u0161 is a katun in Bjelasica bordering Biogradska gora NP, where you will be welcomed by exceptional hosts. You can spend the night in katun (there are two eco villages), and the meal they will offer you will be exclusively local food of this climate. You can see how the famous sheet cheese is made, and you can participate in activities with the hosts.<\/p>\n\n\n\n<p class=\"wp-block-paragraph\"><strong>Komovi\u2013Bjelasica\u00a0<\/strong><\/p>\n\n\n\n<p class=\"wp-block-paragraph\">Trail length: 22 km<\/p>\n\n\n\n<p class=\"wp-block-paragraph\">Beginning of the trail: Tr\u0161njevik, 1,568 m above sea level.<\/p>\n\n\n\n<p class=\"wp-block-paragraph\">Destination: Ski center 1,450 m<\/p>\n\n\n\n<p class=\"wp-block-paragraph\">Time required: 3 hours<\/p>\n\n\n\n<p class=\"wp-block-paragraph\">This cycling tour starts from the village of Tre\u0161njevik. From Tre\u0161njevik, we continue towards Mount Lisi to the eco-village Krivi Do. Lisa and Lumer are the highest peaks of the hills that stretch south-north between Komovo and Bjelasica. Along their entire length, there is a solid macadam road that passes at their base.<\/p>\n\n\n\n<p class=\"wp-block-paragraph\">We continue on through the Klisura katun and arrive at the Vranjak eco-katun (1,800 m), located on Bjelasica. From Vranjak we descend to the Kola\u0161in ski center (1,450 m), where the tour ends.<\/p>\n\n\n\n<p class=\"wp-block-paragraph\"><strong>Bjelasica<\/strong><\/p>\n\n\n\n<p class=\"wp-block-paragraph\">Trail length: 16 km.<\/p>\n\n\n\n<p class=\"wp-block-paragraph\">The beginning of the trail: Source of the Biograd river, about 1,800 meters above sea level.<\/p>\n\n\n\n<p class=\"wp-block-paragraph\">Goal: Lake Biograd, 1,094 m<\/p>\n\n\n\n<p class=\"wp-block-paragraph\">Time required: 3 hours<\/p>\n\n\n\n<p class=\"wp-block-paragraph\">This cycling tour is one of the more beautiful in the surroundings of Kola\u0161in.<\/p>\n\n\n\n<p class=\"wp-block-paragraph\">It starts from the source of the Biogradska River at the foot of Troglava, which means that you need to organize transportation to the starting point as well as from Biogradsko Lake, where the tour ends, to Kola\u0161in.&nbsp;<\/p>\n\n\n\n<p class=\"wp-block-paragraph\">The path from the source continues below the peaks: Troglava, Zekova glava and Crna glava (altitudes over 2,000 m). Continue by bike to the intersection where the path branches off to the right, while the left goes over Dolov to the lake. We will choose the right one, which is more attractive. From the peaks in the area, there is a fantastic view of 5 glacial lakes and the Biogradska gora National Park. After the mountain peaks, we descend through the rainforest of the Biogradska gora park, followed by a 1-hour bike tour of the lake, and you can take advantage of the opportunity to swim in the lake, rent boats, and the like.<\/p>\n\n\n\n<p class=\"wp-block-paragraph\">Then we return to Kola\u0161in.<\/p>\n\n\n\n<figure class=\"wp-block-gallery has-nested-images columns-3 is-cropped wp-block-gallery-1 is-layout-flex wp-block-gallery-is-layout-flex\">\n<figure class=\"wp-block-image size-full\"><img data-recalc-dims=\"1\" loading=\"lazy\" decoding=\"async\" width=\"1300\" height=\"867\" data-attachment-id=\"202\" data-permalink=\"https:\/\/kolasin.me\/en\/biciklizam\/img-20240625-wa0066\/\" data-orig-file=\"https:\/\/i0.wp.com\/kolasin.me\/wp-content\/uploads\/2025\/02\/IMG-20240625-WA0066.jpg?fit=1300%2C867&amp;ssl=1\" data-orig-size=\"1300,867\" data-comments-opened=\"1\" data-image-meta=\"{&quot;aperture&quot;:&quot;0&quot;,&quot;credit&quot;:&quot;&quot;,&quot;camera&quot;:&quot;&quot;,&quot;caption&quot;:&quot;&quot;,&quot;created_timestamp&quot;:&quot;0&quot;,&quot;copyright&quot;:&quot;&quot;,&quot;focal_length&quot;:&quot;0&quot;,&quot;iso&quot;:&quot;0&quot;,&quot;shutter_speed&quot;:&quot;0&quot;,&quot;title&quot;:&quot;&quot;,&quot;orientation&quot;:&quot;0&quot;}\" data-image-title=\"IMG-20240625-WA0066\" data-image-description=\"\" data-image-caption=\"\" data-large-file=\"https:\/\/i0.wp.com\/kolasin.me\/wp-content\/uploads\/2025\/02\/IMG-20240625-WA0066.jpg?fit=1024%2C683&amp;ssl=1\" data-id=\"202\" src=\"https:\/\/i0.wp.com\/kolasin.me\/wp-content\/uploads\/2025\/02\/IMG-20240625-WA0066.jpg?resize=1300%2C867&#038;ssl=1\" alt=\"\" class=\"wp-image-202\" srcset=\"https:\/\/i0.wp.com\/kolasin.me\/wp-content\/uploads\/2025\/02\/IMG-20240625-WA0066.jpg?w=1300&amp;ssl=1 1300w, https:\/\/i0.wp.com\/kolasin.me\/wp-content\/uploads\/2025\/02\/IMG-20240625-WA0066.jpg?resize=300%2C200&amp;ssl=1 300w, https:\/\/i0.wp.com\/kolasin.me\/wp-content\/uploads\/2025\/02\/IMG-20240625-WA0066.jpg?resize=1024%2C683&amp;ssl=1 1024w, https:\/\/i0.wp.com\/kolasin.me\/wp-content\/uploads\/2025\/02\/IMG-20240625-WA0066.jpg?resize=768%2C512&amp;ssl=1 768w\" sizes=\"auto, (max-width: 1000px) 100vw, 1000px\" \/><\/figure>\n\n\n\n<figure class=\"wp-block-image size-full\"><img data-recalc-dims=\"1\" loading=\"lazy\" decoding=\"async\" width=\"1300\" height=\"867\" data-attachment-id=\"203\" data-permalink=\"https:\/\/kolasin.me\/en\/biciklizam\/img-20240625-wa0068\/\" data-orig-file=\"https:\/\/i0.wp.com\/kolasin.me\/wp-content\/uploads\/2025\/02\/IMG-20240625-WA0068.jpg?fit=1300%2C867&amp;ssl=1\" data-orig-size=\"1300,867\" data-comments-opened=\"1\" data-image-meta=\"{&quot;aperture&quot;:&quot;0&quot;,&quot;credit&quot;:&quot;&quot;,&quot;camera&quot;:&quot;&quot;,&quot;caption&quot;:&quot;&quot;,&quot;created_timestamp&quot;:&quot;0&quot;,&quot;copyright&quot;:&quot;&quot;,&quot;focal_length&quot;:&quot;0&quot;,&quot;iso&quot;:&quot;0&quot;,&quot;shutter_speed&quot;:&quot;0&quot;,&quot;title&quot;:&quot;&quot;,&quot;orientation&quot;:&quot;0&quot;}\" data-image-title=\"IMG-20240625-WA0068\" data-image-description=\"\" data-image-caption=\"\" data-large-file=\"https:\/\/i0.wp.com\/kolasin.me\/wp-content\/uploads\/2025\/02\/IMG-20240625-WA0068.jpg?fit=1024%2C683&amp;ssl=1\" data-id=\"203\" src=\"https:\/\/i0.wp.com\/kolasin.me\/wp-content\/uploads\/2025\/02\/IMG-20240625-WA0068.jpg?resize=1300%2C867&#038;ssl=1\" alt=\"\" class=\"wp-image-203\" srcset=\"https:\/\/i0.wp.com\/kolasin.me\/wp-content\/uploads\/2025\/02\/IMG-20240625-WA0068.jpg?w=1300&amp;ssl=1 1300w, https:\/\/i0.wp.com\/kolasin.me\/wp-content\/uploads\/2025\/02\/IMG-20240625-WA0068.jpg?resize=300%2C200&amp;ssl=1 300w, https:\/\/i0.wp.com\/kolasin.me\/wp-content\/uploads\/2025\/02\/IMG-20240625-WA0068.jpg?resize=1024%2C683&amp;ssl=1 1024w, https:\/\/i0.wp.com\/kolasin.me\/wp-content\/uploads\/2025\/02\/IMG-20240625-WA0068.jpg?resize=768%2C512&amp;ssl=1 768w\" sizes=\"auto, (max-width: 1000px) 100vw, 1000px\" \/><\/figure>\n\n\n\n<figure class=\"wp-block-image size-full\"><img data-recalc-dims=\"1\" loading=\"lazy\" decoding=\"async\" width=\"1300\" height=\"867\" data-attachment-id=\"204\" data-permalink=\"https:\/\/kolasin.me\/en\/biciklizam\/img-20240625-wa0074\/\" data-orig-file=\"https:\/\/i0.wp.com\/kolasin.me\/wp-content\/uploads\/2025\/02\/IMG-20240625-WA0074.jpg?fit=1300%2C867&amp;ssl=1\" data-orig-size=\"1300,867\" data-comments-opened=\"1\" data-image-meta=\"{&quot;aperture&quot;:&quot;0&quot;,&quot;credit&quot;:&quot;&quot;,&quot;camera&quot;:&quot;&quot;,&quot;caption&quot;:&quot;&quot;,&quot;created_timestamp&quot;:&quot;0&quot;,&quot;copyright&quot;:&quot;&quot;,&quot;focal_length&quot;:&quot;0&quot;,&quot;iso&quot;:&quot;0&quot;,&quot;shutter_speed&quot;:&quot;0&quot;,&quot;title&quot;:&quot;&quot;,&quot;orientation&quot;:&quot;0&quot;}\" data-image-title=\"IMG-20240625-WA0074\" data-image-description=\"\" data-image-caption=\"\" data-large-file=\"https:\/\/i0.wp.com\/kolasin.me\/wp-content\/uploads\/2025\/02\/IMG-20240625-WA0074.jpg?fit=1024%2C683&amp;ssl=1\" data-id=\"204\" src=\"https:\/\/i0.wp.com\/kolasin.me\/wp-content\/uploads\/2025\/02\/IMG-20240625-WA0074.jpg?resize=1300%2C867&#038;ssl=1\" alt=\"\" class=\"wp-image-204\" srcset=\"https:\/\/i0.wp.com\/kolasin.me\/wp-content\/uploads\/2025\/02\/IMG-20240625-WA0074.jpg?w=1300&amp;ssl=1 1300w, https:\/\/i0.wp.com\/kolasin.me\/wp-content\/uploads\/2025\/02\/IMG-20240625-WA0074.jpg?resize=300%2C200&amp;ssl=1 300w, https:\/\/i0.wp.com\/kolasin.me\/wp-content\/uploads\/2025\/02\/IMG-20240625-WA0074.jpg?resize=1024%2C683&amp;ssl=1 1024w, https:\/\/i0.wp.com\/kolasin.me\/wp-content\/uploads\/2025\/02\/IMG-20240625-WA0074.jpg?resize=768%2C512&amp;ssl=1 768w\" sizes=\"auto, (max-width: 1000px) 100vw, 1000px\" \/><\/figure>\n\n\n\n<figure class=\"wp-block-image size-full\"><img data-recalc-dims=\"1\" loading=\"lazy\" decoding=\"async\" width=\"1300\" height=\"867\" data-attachment-id=\"205\" data-permalink=\"https:\/\/kolasin.me\/en\/biciklizam\/img-20240625-wa0075\/\" data-orig-file=\"https:\/\/i0.wp.com\/kolasin.me\/wp-content\/uploads\/2025\/02\/IMG-20240625-WA0075.jpg?fit=1300%2C867&amp;ssl=1\" data-orig-size=\"1300,867\" data-comments-opened=\"1\" data-image-meta=\"{&quot;aperture&quot;:&quot;0&quot;,&quot;credit&quot;:&quot;&quot;,&quot;camera&quot;:&quot;&quot;,&quot;caption&quot;:&quot;&quot;,&quot;created_timestamp&quot;:&quot;0&quot;,&quot;copyright&quot;:&quot;&quot;,&quot;focal_length&quot;:&quot;0&quot;,&quot;iso&quot;:&quot;0&quot;,&quot;shutter_speed&quot;:&quot;0&quot;,&quot;title&quot;:&quot;&quot;,&quot;orientation&quot;:&quot;0&quot;}\" data-image-title=\"IMG-20240625-WA0075\" data-image-description=\"\" data-image-caption=\"\" data-large-file=\"https:\/\/i0.wp.com\/kolasin.me\/wp-content\/uploads\/2025\/02\/IMG-20240625-WA0075.jpg?fit=1024%2C683&amp;ssl=1\" data-id=\"205\" src=\"https:\/\/i0.wp.com\/kolasin.me\/wp-content\/uploads\/2025\/02\/IMG-20240625-WA0075.jpg?resize=1300%2C867&#038;ssl=1\" alt=\"\" class=\"wp-image-205\" srcset=\"https:\/\/i0.wp.com\/kolasin.me\/wp-content\/uploads\/2025\/02\/IMG-20240625-WA0075.jpg?w=1300&amp;ssl=1 1300w, https:\/\/i0.wp.com\/kolasin.me\/wp-content\/uploads\/2025\/02\/IMG-20240625-WA0075.jpg?resize=300%2C200&amp;ssl=1 300w, https:\/\/i0.wp.com\/kolasin.me\/wp-content\/uploads\/2025\/02\/IMG-20240625-WA0075.jpg?resize=1024%2C683&amp;ssl=1 1024w, https:\/\/i0.wp.com\/kolasin.me\/wp-content\/uploads\/2025\/02\/IMG-20240625-WA0075.jpg?resize=768%2C512&amp;ssl=1 768w\" sizes=\"auto, (max-width: 1000px) 100vw, 1000px\" \/><\/figure>\n\n\n\n<figure class=\"wp-block-image size-full\"><img data-recalc-dims=\"1\" loading=\"lazy\" decoding=\"async\" width=\"1300\" height=\"867\" data-attachment-id=\"206\" data-permalink=\"https:\/\/kolasin.me\/en\/biciklizam\/img-20240625-wa0091\/\" data-orig-file=\"https:\/\/i0.wp.com\/kolasin.me\/wp-content\/uploads\/2025\/02\/IMG-20240625-WA0091.jpg?fit=1300%2C867&amp;ssl=1\" data-orig-size=\"1300,867\" data-comments-opened=\"1\" data-image-meta=\"{&quot;aperture&quot;:&quot;0&quot;,&quot;credit&quot;:&quot;&quot;,&quot;camera&quot;:&quot;&quot;,&quot;caption&quot;:&quot;&quot;,&quot;created_timestamp&quot;:&quot;0&quot;,&quot;copyright&quot;:&quot;&quot;,&quot;focal_length&quot;:&quot;0&quot;,&quot;iso&quot;:&quot;0&quot;,&quot;shutter_speed&quot;:&quot;0&quot;,&quot;title&quot;:&quot;&quot;,&quot;orientation&quot;:&quot;0&quot;}\" data-image-title=\"IMG-20240625-WA0091\" data-image-description=\"\" data-image-caption=\"\" data-large-file=\"https:\/\/i0.wp.com\/kolasin.me\/wp-content\/uploads\/2025\/02\/IMG-20240625-WA0091.jpg?fit=1024%2C683&amp;ssl=1\" data-id=\"206\" src=\"https:\/\/i0.wp.com\/kolasin.me\/wp-content\/uploads\/2025\/02\/IMG-20240625-WA0091.jpg?resize=1300%2C867&#038;ssl=1\" alt=\"\" class=\"wp-image-206\" srcset=\"https:\/\/i0.wp.com\/kolasin.me\/wp-content\/uploads\/2025\/02\/IMG-20240625-WA0091.jpg?w=1300&amp;ssl=1 1300w, https:\/\/i0.wp.com\/kolasin.me\/wp-content\/uploads\/2025\/02\/IMG-20240625-WA0091.jpg?resize=300%2C200&amp;ssl=1 300w, https:\/\/i0.wp.com\/kolasin.me\/wp-content\/uploads\/2025\/02\/IMG-20240625-WA0091.jpg?resize=1024%2C683&amp;ssl=1 1024w, https:\/\/i0.wp.com\/kolasin.me\/wp-content\/uploads\/2025\/02\/IMG-20240625-WA0091.jpg?resize=768%2C512&amp;ssl=1 768w\" sizes=\"auto, (max-width: 1000px) 100vw, 1000px\" \/><\/figure>\n\n\n\n<figure class=\"wp-block-image size-full\"><img data-recalc-dims=\"1\" loading=\"lazy\" decoding=\"async\" width=\"543\" height=\"300\" data-attachment-id=\"208\" data-permalink=\"https:\/\/kolasin.me\/en\/biciklizam\/pentax-k-5-27-07-oawlshscvvtolbc0i6ri38211lzzq2q70g90kl10xs\/\" data-orig-file=\"https:\/\/i0.wp.com\/kolasin.me\/wp-content\/uploads\/2025\/02\/PENTAX-K-5-27.07-oawlshscvvtolbc0i6ri38211lzzq2q70g90kl10xs.jpg?fit=543%2C300&amp;ssl=1\" data-orig-size=\"543,300\" data-comments-opened=\"1\" data-image-meta=\"{&quot;aperture&quot;:&quot;0&quot;,&quot;credit&quot;:&quot;&quot;,&quot;camera&quot;:&quot;&quot;,&quot;caption&quot;:&quot;&quot;,&quot;created_timestamp&quot;:&quot;0&quot;,&quot;copyright&quot;:&quot;&quot;,&quot;focal_length&quot;:&quot;0&quot;,&quot;iso&quot;:&quot;0&quot;,&quot;shutter_speed&quot;:&quot;0&quot;,&quot;title&quot;:&quot;&quot;,&quot;orientation&quot;:&quot;0&quot;}\" data-image-title=\"PENTAX-K-5-27.07-oawlshscvvtolbc0i6ri38211lzzq2q70g90kl10xs\" data-image-description=\"\" data-image-caption=\"\" data-large-file=\"https:\/\/i0.wp.com\/kolasin.me\/wp-content\/uploads\/2025\/02\/PENTAX-K-5-27.07-oawlshscvvtolbc0i6ri38211lzzq2q70g90kl10xs.jpg?fit=543%2C300&amp;ssl=1\" data-id=\"208\" src=\"https:\/\/i0.wp.com\/kolasin.me\/wp-content\/uploads\/2025\/02\/PENTAX-K-5-27.07-oawlshscvvtolbc0i6ri38211lzzq2q70g90kl10xs.jpg?resize=543%2C300&#038;ssl=1\" alt=\"\" class=\"wp-image-208\" srcset=\"https:\/\/i0.wp.com\/kolasin.me\/wp-content\/uploads\/2025\/02\/PENTAX-K-5-27.07-oawlshscvvtolbc0i6ri38211lzzq2q70g90kl10xs.jpg?w=543&amp;ssl=1 543w, https:\/\/i0.wp.com\/kolasin.me\/wp-content\/uploads\/2025\/02\/PENTAX-K-5-27.07-oawlshscvvtolbc0i6ri38211lzzq2q70g90kl10xs.jpg?resize=300%2C166&amp;ssl=1 300w\" sizes=\"auto, (max-width: 543px) 100vw, 543px\" \/><\/figure>\n<\/figure>","protected":false},"excerpt":{"rendered":"<p>Kola\u0161in\u2013Sinjavina Du\u017eina staze: 21 km Po\u010detak staze: Trg boraca, 942 mnv. Cilj: katun Je\u010dmen Do na Sinjajevini 1.600 mnv. (mogu\u0107nost da se nastavi dalje u zavisnosti od fizi\u010dke spremnosti). Visinska razlika: 658 m Vrijeme potrebno: 2 sata Start ove biciklisti\u010dke ture je Trg boraca. Iz samog centra\u00a0put vodi prema izlazu iz grada Mojkova\u010dkom ulicom. Kretanje<a href=\"https:\/\/kolasin.me\/en\/biciklizam\/\">Continue reading <span class=\"sr-only\">\u201cCycling\u201d<\/span><\/a><\/p>","protected":false},"author":209674362,"featured_media":0,"parent":0,"menu_order":0,"comment_status":"closed","ping_status":"closed","template":"","meta":{"_crdt_document":"","footnotes":""},"class_list":["post-200","page","type-page","status-publish","hentry"],"yoast_head":"<!-- This site is optimized with the Yoast SEO plugin v27.5 - https:\/\/yoast.com\/product\/yoast-seo-wordpress\/ -->\n<title>Biciklizam - TO Kola\u0161in<\/title>\n<meta name=\"robots\" content=\"index, follow, max-snippet:-1, max-image-preview:large, max-video-preview:-1\" \/>\n<link rel=\"canonical\" href=\"https:\/\/kolasin.me\/en\/cycling\/\" \/>\n<meta property=\"og:locale\" content=\"en_GB\" \/>\n<meta property=\"og:type\" content=\"article\" \/>\n<meta property=\"og:title\" content=\"Biciklizam - TO Kola\u0161in\" \/>\n<meta property=\"og:description\" content=\"Kola\u0161in\u2013Sinjavina Du\u017eina staze: 21 km Po\u010detak staze: Trg boraca, 942 mnv. Cilj: katun Je\u010dmen Do na Sinjajevini 1.600 mnv. (mogu\u0107nost da se nastavi dalje u zavisnosti od fizi\u010dke spremnosti). Visinska razlika: 658 m Vrijeme potrebno: 2 sata Start ove biciklisti\u010dke ture je Trg boraca. Iz samog centra\u00a0put vodi prema izlazu iz grada Mojkova\u010dkom ulicom. KretanjeContinue reading &quot;Biciklizam&quot;\" \/>\n<meta property=\"og:url\" content=\"https:\/\/kolasin.me\/en\/cycling\/\" \/>\n<meta property=\"og:site_name\" content=\"TO Kola\u0161in\" \/>\n<meta property=\"article:publisher\" content=\"https:\/\/www.facebook.com\/profile.php?id=61577932100861#\" \/>\n<meta property=\"article:modified_time\" content=\"2025-12-22T12:18:22+00:00\" \/>\n<meta property=\"og:image\" content=\"https:\/\/kolasin.me\/wp-content\/uploads\/2025\/02\/IMG-20240625-WA0066.jpg\" \/>\n<meta name=\"twitter:card\" content=\"summary_large_image\" \/>\n<meta name=\"twitter:label1\" content=\"Estimated reading time\" \/>\n\t<meta name=\"twitter:data1\" content=\"5 minutes\" \/>\n<script type=\"application\/ld+json\" class=\"yoast-schema-graph\">{\"@context\":\"https:\\\/\\\/schema.org\",\"@graph\":[{\"@type\":\"WebPage\",\"@id\":\"https:\\\/\\\/kolasin.me\\\/biciklizam\\\/\",\"url\":\"https:\\\/\\\/kolasin.me\\\/biciklizam\\\/\",\"name\":\"Biciklizam - TO Kola\u0161in\",\"isPartOf\":{\"@id\":\"https:\\\/\\\/kolasin.me\\\/#website\"},\"primaryImageOfPage\":{\"@id\":\"https:\\\/\\\/kolasin.me\\\/biciklizam\\\/#primaryimage\"},\"image\":{\"@id\":\"https:\\\/\\\/kolasin.me\\\/biciklizam\\\/#primaryimage\"},\"thumbnailUrl\":\"https:\\\/\\\/kolasin.me\\\/wp-content\\\/uploads\\\/2025\\\/02\\\/IMG-20240625-WA0066.jpg\",\"datePublished\":\"2025-02-02T21:42:40+00:00\",\"dateModified\":\"2025-12-22T12:18:22+00:00\",\"breadcrumb\":{\"@id\":\"https:\\\/\\\/kolasin.me\\\/biciklizam\\\/#breadcrumb\"},\"inLanguage\":\"en-GB\",\"potentialAction\":[{\"@type\":\"ReadAction\",\"target\":[\"https:\\\/\\\/kolasin.me\\\/biciklizam\\\/\"]}]},{\"@type\":\"ImageObject\",\"inLanguage\":\"en-GB\",\"@id\":\"https:\\\/\\\/kolasin.me\\\/biciklizam\\\/#primaryimage\",\"url\":\"https:\\\/\\\/kolasin.me\\\/wp-content\\\/uploads\\\/2025\\\/02\\\/IMG-20240625-WA0066.jpg\",\"contentUrl\":\"https:\\\/\\\/kolasin.me\\\/wp-content\\\/uploads\\\/2025\\\/02\\\/IMG-20240625-WA0066.jpg\"},{\"@type\":\"BreadcrumbList\",\"@id\":\"https:\\\/\\\/kolasin.me\\\/biciklizam\\\/#breadcrumb\",\"itemListElement\":[{\"@type\":\"ListItem\",\"position\":1,\"name\":\"Home\",\"item\":\"https:\\\/\\\/kolasin.me\\\/\"},{\"@type\":\"ListItem\",\"position\":2,\"name\":\"Biciklizam\"}]},{\"@type\":\"WebSite\",\"@id\":\"https:\\\/\\\/kolasin.me\\\/#website\",\"url\":\"https:\\\/\\\/kolasin.me\\\/\",\"name\":\"TO Kola\u0161in\",\"description\":\"Turisti\u010dka Organizacija Kola\u0161in\",\"publisher\":{\"@id\":\"https:\\\/\\\/kolasin.me\\\/#organization\"},\"alternateName\":\"Turisti\u010dka Organizacija Kola\u0161in\",\"potentialAction\":[{\"@type\":\"SearchAction\",\"target\":{\"@type\":\"EntryPoint\",\"urlTemplate\":\"https:\\\/\\\/kolasin.me\\\/?s={search_term_string}\"},\"query-input\":{\"@type\":\"PropertyValueSpecification\",\"valueRequired\":true,\"valueName\":\"search_term_string\"}}],\"inLanguage\":\"en-GB\"},{\"@type\":\"Organization\",\"@id\":\"https:\\\/\\\/kolasin.me\\\/#organization\",\"name\":\"TO Kola\u0161in\",\"alternateName\":\"Turisti\u010dka Organizacije Kola\u0161in\",\"url\":\"https:\\\/\\\/kolasin.me\\\/\",\"logo\":{\"@type\":\"ImageObject\",\"inLanguage\":\"en-GB\",\"@id\":\"https:\\\/\\\/kolasin.me\\\/#\\\/schema\\\/logo\\\/image\\\/\",\"url\":\"https:\\\/\\\/i0.wp.com\\\/kolasin.me\\\/wp-content\\\/uploads\\\/2025\\\/10\\\/tokolasin-logo.jpg?fit=800%2C515&ssl=1\",\"contentUrl\":\"https:\\\/\\\/i0.wp.com\\\/kolasin.me\\\/wp-content\\\/uploads\\\/2025\\\/10\\\/tokolasin-logo.jpg?fit=800%2C515&ssl=1\",\"width\":800,\"height\":515,\"caption\":\"TO Kola\u0161in\"},\"image\":{\"@id\":\"https:\\\/\\\/kolasin.me\\\/#\\\/schema\\\/logo\\\/image\\\/\"},\"sameAs\":[\"https:\\\/\\\/www.facebook.com\\\/profile.php?id=61577932100861#\",\"https:\\\/\\\/www.instagram.com\\\/to.kolasin\\\/?hl=en\"]}]}<\/script>\n<!-- \/ Yoast SEO plugin. -->","yoast_head_json":{"title":"Cycling - TO Kola\u0161in","robots":{"index":"index","follow":"follow","max-snippet":"max-snippet:-1","max-image-preview":"max-image-preview:large","max-video-preview":"max-video-preview:-1"},"canonical":"https:\/\/kolasin.me\/en\/cycling\/","og_locale":"en_GB","og_type":"article","og_title":"Biciklizam - TO Kola\u0161in","og_description":"Kola\u0161in\u2013Sinjavina Du\u017eina staze: 21 km Po\u010detak staze: Trg boraca, 942 mnv. Cilj: katun Je\u010dmen Do na Sinjajevini 1.600 mnv. (mogu\u0107nost da se nastavi dalje u zavisnosti od fizi\u010dke spremnosti). Visinska razlika: 658 m Vrijeme potrebno: 2 sata Start ove biciklisti\u010dke ture je Trg boraca. Iz samog centra\u00a0put vodi prema izlazu iz grada Mojkova\u010dkom ulicom. KretanjeContinue reading \"Biciklizam\"","og_url":"https:\/\/kolasin.me\/en\/cycling\/","og_site_name":"TO Kola\u0161in","article_publisher":"https:\/\/www.facebook.com\/profile.php?id=61577932100861#","article_modified_time":"2025-12-22T12:18:22+00:00","og_image":[{"url":"https:\/\/kolasin.me\/wp-content\/uploads\/2025\/02\/IMG-20240625-WA0066.jpg","type":"","width":"","height":""}],"twitter_card":"summary_large_image","twitter_misc":{"Estimated reading time":"5 minutes"},"schema":{"@context":"https:\/\/schema.org","@graph":[{"@type":"WebPage","@id":"https:\/\/kolasin.me\/biciklizam\/","url":"https:\/\/kolasin.me\/biciklizam\/","name":"Cycling - TO Kola\u0161in","isPartOf":{"@id":"https:\/\/kolasin.me\/#website"},"primaryImageOfPage":{"@id":"https:\/\/kolasin.me\/biciklizam\/#primaryimage"},"image":{"@id":"https:\/\/kolasin.me\/biciklizam\/#primaryimage"},"thumbnailUrl":"https:\/\/kolasin.me\/wp-content\/uploads\/2025\/02\/IMG-20240625-WA0066.jpg","datePublished":"2025-02-02T21:42:40+00:00","dateModified":"2025-12-22T12:18:22+00:00","breadcrumb":{"@id":"https:\/\/kolasin.me\/biciklizam\/#breadcrumb"},"inLanguage":"en-GB","potentialAction":[{"@type":"ReadAction","target":["https:\/\/kolasin.me\/biciklizam\/"]}]},{"@type":"ImageObject","inLanguage":"en-GB","@id":"https:\/\/kolasin.me\/biciklizam\/#primaryimage","url":"https:\/\/kolasin.me\/wp-content\/uploads\/2025\/02\/IMG-20240625-WA0066.jpg","contentUrl":"https:\/\/kolasin.me\/wp-content\/uploads\/2025\/02\/IMG-20240625-WA0066.jpg"},{"@type":"BreadcrumbList","@id":"https:\/\/kolasin.me\/biciklizam\/#breadcrumb","itemListElement":[{"@type":"ListItem","position":1,"name":"Home","item":"https:\/\/kolasin.me\/"},{"@type":"ListItem","position":2,"name":"Biciklizam"}]},{"@type":"WebSite","@id":"https:\/\/kolasin.me\/#website","url":"https:\/\/kolasin.me\/","name":"TO Kolasin","description":"Tourist Organization Kola\u0161in","publisher":{"@id":"https:\/\/kolasin.me\/#organization"},"alternateName":"Turisti\u010dka Organizacija Kola\u0161in","potentialAction":[{"@type":"SearchAction","target":{"@type":"EntryPoint","urlTemplate":"https:\/\/kolasin.me\/?s={search_term_string}"},"query-input":{"@type":"PropertyValueSpecification","valueRequired":true,"valueName":"search_term_string"}}],"inLanguage":"en-GB"},{"@type":"Organization","@id":"https:\/\/kolasin.me\/#organization","name":"TO Kolasin","alternateName":"Turisti\u010dka Organizacije Kola\u0161in","url":"https:\/\/kolasin.me\/","logo":{"@type":"ImageObject","inLanguage":"en-GB","@id":"https:\/\/kolasin.me\/#\/schema\/logo\/image\/","url":"https:\/\/i0.wp.com\/kolasin.me\/wp-content\/uploads\/2025\/10\/tokolasin-logo.jpg?fit=800%2C515&ssl=1","contentUrl":"https:\/\/i0.wp.com\/kolasin.me\/wp-content\/uploads\/2025\/10\/tokolasin-logo.jpg?fit=800%2C515&ssl=1","width":800,"height":515,"caption":"TO Kola\u0161in"},"image":{"@id":"https:\/\/kolasin.me\/#\/schema\/logo\/image\/"},"sameAs":["https:\/\/www.facebook.com\/profile.php?id=61577932100861#","https:\/\/www.instagram.com\/to.kolasin\/?hl=en"]}]}},"jetpack_sharing_enabled":true,"jetpack_shortlink":"https:\/\/wp.me\/Pgiv2T-3e","_links":{"self":[{"href":"https:\/\/kolasin.me\/en\/wp-json\/wp\/v2\/pages\/200","targetHints":{"allow":["GET"]}}],"collection":[{"href":"https:\/\/kolasin.me\/en\/wp-json\/wp\/v2\/pages"}],"about":[{"href":"https:\/\/kolasin.me\/en\/wp-json\/wp\/v2\/types\/page"}],"author":[{"embeddable":true,"href":"https:\/\/kolasin.me\/en\/wp-json\/wp\/v2\/users\/209674362"}],"replies":[{"embeddable":true,"href":"https:\/\/kolasin.me\/en\/wp-json\/wp\/v2\/comments?post=200"}],"version-history":[{"count":6,"href":"https:\/\/kolasin.me\/en\/wp-json\/wp\/v2\/pages\/200\/revisions"}],"predecessor-version":[{"id":3722,"href":"https:\/\/kolasin.me\/en\/wp-json\/wp\/v2\/pages\/200\/revisions\/3722"}],"wp:attachment":[{"href":"https:\/\/kolasin.me\/en\/wp-json\/wp\/v2\/media?parent=200"}],"curies":[{"name":"wp","href":"https:\/\/api.w.org\/{rel}","templated":true}]}}