{"id":123,"date":"2025-01-24T16:36:19","date_gmt":"2025-01-24T16:36:19","guid":{"rendered":"https:\/\/kolasin.me\/?page_id=123"},"modified":"2025-01-28T12:38:00","modified_gmt":"2025-01-28T12:38:00","slug":"tango-camp","status":"publish","type":"page","link":"https:\/\/kolasin.me\/en\/tango-kamp\/","title":{"rendered":"Tango camp"},"content":{"rendered":"<p class=\"wp-block-paragraph\">Tango Camp in Kola\u0161in is a festival for everyone who loves Argentine tango, mountains, adventures and fun.<\/p>\n\n\n\n<p class=\"wp-block-paragraph\">This event lasting 15 days during the month of July gathers almost a thousand participants from 35 countries of the world who dance and learn tango from professional instructors of the Tango Natural Institute, as well as other programs dedicated to the spirit and body, various outdoor activities with fresh mountain air and good local food.<\/p>\n\n\n\n<p class=\"wp-block-paragraph\">Tango Camp is the winner of the Wild Beauty Award of the Montenegrin National Tourist Organization and one of nine events that the NTO has put on the list of those you should not miss if you come to Montenegro.&nbsp;<\/p>\n\n\n\n<p class=\"wp-block-paragraph\">Photos and videos that combine the beauty of Montenegro with mass dance scenes have traveled the world, attracting a lot of attention to this rarely attractive event.<\/p>\n\n\n\n<p class=\"wp-block-paragraph\">As has been proven over the nine years of the event, Tango Camp is much more than just a dance event. In addition to dance and music content related to Argentine tango, it includes various excursions every day, lots of hiking, yoga classes, relaxation and anti-stress programs, cycling, climbing, horseback riding, archery, creative workshops for children, music workshops, lectures, projections, Argentine folk dances... During the event, a tango school for complete beginners also operates every day. And all of this is free for the people of Kola\u0161in and all tourists, non-dancers who visit Kola\u0161in.<\/p>\n\n\n\n<p class=\"wp-block-paragraph\">As in previous editions, Tango Camp will host some of the top Argentine tango musicians next summer, as well as famous European instructors, dancers and DJs.<\/p>","protected":false},"excerpt":{"rendered":"<p>Tango Kamp u Kola\u0161inu je festival&nbsp; za sve koji vole argentinski tango, planine, avanture i zabavu. Ovaj doga\u0111aj u trajanju od 15 dana u toku mjeseca jula okuplja skoro hiljadu u\u010desnika iz 35 zemalja svijeta koji ple\u0161u i u\u010de tango od profesionalnih instruktora instituta Tango Natural, kao i druge programe posve\u0107ene duhu i tijelu,&nbsp; razne<a href=\"https:\/\/kolasin.me\/en\/tango-kamp\/\">Continue reading <span class=\"sr-only\">\u201cTango Camp\u201d<\/span><\/a><\/p>","protected":false},"author":209674362,"featured_media":151,"parent":0,"menu_order":0,"comment_status":"closed","ping_status":"closed","template":"","meta":{"_crdt_document":"","footnotes":""},"class_list":["post-123","page","type-page","status-publish","has-post-thumbnail","hentry"],"yoast_head":"<!-- This site is optimized with the Yoast SEO plugin v27.3 - https:\/\/yoast.com\/product\/yoast-seo-wordpress\/ -->\n<title>Tango kamp - TO Kola\u0161in<\/title>\n<meta name=\"robots\" content=\"index, follow, max-snippet:-1, max-image-preview:large, max-video-preview:-1\" \/>\n<link rel=\"canonical\" href=\"https:\/\/kolasin.me\/en\/tango-camp\/\" \/>\n<meta property=\"og:locale\" content=\"en_GB\" \/>\n<meta property=\"og:type\" content=\"article\" \/>\n<meta property=\"og:title\" content=\"Tango kamp - TO Kola\u0161in\" \/>\n<meta property=\"og:description\" content=\"Tango Kamp u Kola\u0161inu je festival&nbsp; za sve koji vole argentinski tango, planine, avanture i zabavu. Ovaj doga\u0111aj u trajanju od 15 dana u toku mjeseca jula okuplja skoro hiljadu u\u010desnika iz 35 zemalja svijeta koji ple\u0161u i u\u010de tango od profesionalnih instruktora instituta Tango Natural, kao i druge programe posve\u0107ene duhu i tijelu,&nbsp; razneContinue reading &quot;Tango kamp&quot;\" \/>\n<meta property=\"og:url\" content=\"https:\/\/kolasin.me\/en\/tango-camp\/\" \/>\n<meta property=\"og:site_name\" content=\"TO Kola\u0161in\" \/>\n<meta property=\"article:publisher\" content=\"https:\/\/www.facebook.com\/profile.php?id=61577932100861#\" \/>\n<meta property=\"article:modified_time\" content=\"2025-01-28T12:38:00+00:00\" \/>\n<meta property=\"og:image\" content=\"https:\/\/i0.wp.com\/kolasin.me\/wp-content\/uploads\/2025\/01\/Tango-kamp-7.jpeg?fit=2048%2C1360&ssl=1\" \/>\n\t<meta property=\"og:image:width\" content=\"2048\" \/>\n\t<meta property=\"og:image:height\" content=\"1360\" \/>\n\t<meta property=\"og:image:type\" content=\"image\/jpeg\" \/>\n<meta name=\"twitter:card\" content=\"summary_large_image\" \/>\n<meta name=\"twitter:label1\" content=\"Estimated reading time\" \/>\n\t<meta name=\"twitter:data1\" content=\"1 minute\" \/>\n<script type=\"application\/ld+json\" class=\"yoast-schema-graph\">{\"@context\":\"https:\\\/\\\/schema.org\",\"@graph\":[{\"@type\":\"WebPage\",\"@id\":\"https:\\\/\\\/kolasin.me\\\/tango-kamp\\\/\",\"url\":\"https:\\\/\\\/kolasin.me\\\/tango-kamp\\\/\",\"name\":\"Tango kamp - TO Kola\u0161in\",\"isPartOf\":{\"@id\":\"https:\\\/\\\/kolasin.me\\\/#website\"},\"primaryImageOfPage\":{\"@id\":\"https:\\\/\\\/kolasin.me\\\/tango-kamp\\\/#primaryimage\"},\"image\":{\"@id\":\"https:\\\/\\\/kolasin.me\\\/tango-kamp\\\/#primaryimage\"},\"thumbnailUrl\":\"https:\\\/\\\/i0.wp.com\\\/kolasin.me\\\/wp-content\\\/uploads\\\/2025\\\/01\\\/Tango-kamp-7.jpeg?fit=2048%2C1360&ssl=1\",\"datePublished\":\"2025-01-24T16:36:19+00:00\",\"dateModified\":\"2025-01-28T12:38:00+00:00\",\"breadcrumb\":{\"@id\":\"https:\\\/\\\/kolasin.me\\\/tango-kamp\\\/#breadcrumb\"},\"inLanguage\":\"en-GB\",\"potentialAction\":[{\"@type\":\"ReadAction\",\"target\":[\"https:\\\/\\\/kolasin.me\\\/tango-kamp\\\/\"]}]},{\"@type\":\"ImageObject\",\"inLanguage\":\"en-GB\",\"@id\":\"https:\\\/\\\/kolasin.me\\\/tango-kamp\\\/#primaryimage\",\"url\":\"https:\\\/\\\/i0.wp.com\\\/kolasin.me\\\/wp-content\\\/uploads\\\/2025\\\/01\\\/Tango-kamp-7.jpeg?fit=2048%2C1360&ssl=1\",\"contentUrl\":\"https:\\\/\\\/i0.wp.com\\\/kolasin.me\\\/wp-content\\\/uploads\\\/2025\\\/01\\\/Tango-kamp-7.jpeg?fit=2048%2C1360&ssl=1\",\"width\":2048,\"height\":1360},{\"@type\":\"BreadcrumbList\",\"@id\":\"https:\\\/\\\/kolasin.me\\\/tango-kamp\\\/#breadcrumb\",\"itemListElement\":[{\"@type\":\"ListItem\",\"position\":1,\"name\":\"Home\",\"item\":\"https:\\\/\\\/kolasin.me\\\/\"},{\"@type\":\"ListItem\",\"position\":2,\"name\":\"Tango kamp\"}]},{\"@type\":\"WebSite\",\"@id\":\"https:\\\/\\\/kolasin.me\\\/#website\",\"url\":\"https:\\\/\\\/kolasin.me\\\/\",\"name\":\"TO Kola\u0161in\",\"description\":\"Turisti\u010dka Organizacija Kola\u0161in\",\"publisher\":{\"@id\":\"https:\\\/\\\/kolasin.me\\\/#organization\"},\"alternateName\":\"Turisti\u010dka Organizacija Kola\u0161in\",\"potentialAction\":[{\"@type\":\"SearchAction\",\"target\":{\"@type\":\"EntryPoint\",\"urlTemplate\":\"https:\\\/\\\/kolasin.me\\\/?s={search_term_string}\"},\"query-input\":{\"@type\":\"PropertyValueSpecification\",\"valueRequired\":true,\"valueName\":\"search_term_string\"}}],\"inLanguage\":\"en-GB\"},{\"@type\":\"Organization\",\"@id\":\"https:\\\/\\\/kolasin.me\\\/#organization\",\"name\":\"TO Kola\u0161in\",\"alternateName\":\"Turisti\u010dka Organizacije Kola\u0161in\",\"url\":\"https:\\\/\\\/kolasin.me\\\/\",\"logo\":{\"@type\":\"ImageObject\",\"inLanguage\":\"en-GB\",\"@id\":\"https:\\\/\\\/kolasin.me\\\/#\\\/schema\\\/logo\\\/image\\\/\",\"url\":\"https:\\\/\\\/i0.wp.com\\\/kolasin.me\\\/wp-content\\\/uploads\\\/2025\\\/10\\\/tokolasin-logo.jpg?fit=800%2C515&ssl=1\",\"contentUrl\":\"https:\\\/\\\/i0.wp.com\\\/kolasin.me\\\/wp-content\\\/uploads\\\/2025\\\/10\\\/tokolasin-logo.jpg?fit=800%2C515&ssl=1\",\"width\":800,\"height\":515,\"caption\":\"TO Kola\u0161in\"},\"image\":{\"@id\":\"https:\\\/\\\/kolasin.me\\\/#\\\/schema\\\/logo\\\/image\\\/\"},\"sameAs\":[\"https:\\\/\\\/www.facebook.com\\\/profile.php?id=61577932100861#\",\"https:\\\/\\\/www.instagram.com\\\/to.kolasin\\\/?hl=en\"]}]}<\/script>\n<!-- \/ Yoast SEO plugin. -->","yoast_head_json":{"title":"Tango camp - TO Kola\u0161in","robots":{"index":"index","follow":"follow","max-snippet":"max-snippet:-1","max-image-preview":"max-image-preview:large","max-video-preview":"max-video-preview:-1"},"canonical":"https:\/\/kolasin.me\/en\/tango-camp\/","og_locale":"en_GB","og_type":"article","og_title":"Tango kamp - TO Kola\u0161in","og_description":"Tango Kamp u Kola\u0161inu je festival&nbsp; za sve koji vole argentinski tango, planine, avanture i zabavu. Ovaj doga\u0111aj u trajanju od 15 dana u toku mjeseca jula okuplja skoro hiljadu u\u010desnika iz 35 zemalja svijeta koji ple\u0161u i u\u010de tango od profesionalnih instruktora instituta Tango Natural, kao i druge programe posve\u0107ene duhu i tijelu,&nbsp; razneContinue reading \"Tango kamp\"","og_url":"https:\/\/kolasin.me\/en\/tango-camp\/","og_site_name":"TO Kola\u0161in","article_publisher":"https:\/\/www.facebook.com\/profile.php?id=61577932100861#","article_modified_time":"2025-01-28T12:38:00+00:00","og_image":[{"width":2048,"height":1360,"url":"https:\/\/i0.wp.com\/kolasin.me\/wp-content\/uploads\/2025\/01\/Tango-kamp-7.jpeg?fit=2048%2C1360&ssl=1","type":"image\/jpeg"}],"twitter_card":"summary_large_image","twitter_misc":{"Estimated reading time":"1 minute"},"schema":{"@context":"https:\/\/schema.org","@graph":[{"@type":"WebPage","@id":"https:\/\/kolasin.me\/tango-kamp\/","url":"https:\/\/kolasin.me\/tango-kamp\/","name":"Tango camp - TO Kola\u0161in","isPartOf":{"@id":"https:\/\/kolasin.me\/#website"},"primaryImageOfPage":{"@id":"https:\/\/kolasin.me\/tango-kamp\/#primaryimage"},"image":{"@id":"https:\/\/kolasin.me\/tango-kamp\/#primaryimage"},"thumbnailUrl":"https:\/\/i0.wp.com\/kolasin.me\/wp-content\/uploads\/2025\/01\/Tango-kamp-7.jpeg?fit=2048%2C1360&ssl=1","datePublished":"2025-01-24T16:36:19+00:00","dateModified":"2025-01-28T12:38:00+00:00","breadcrumb":{"@id":"https:\/\/kolasin.me\/tango-kamp\/#breadcrumb"},"inLanguage":"en-GB","potentialAction":[{"@type":"ReadAction","target":["https:\/\/kolasin.me\/tango-kamp\/"]}]},{"@type":"ImageObject","inLanguage":"en-GB","@id":"https:\/\/kolasin.me\/tango-kamp\/#primaryimage","url":"https:\/\/i0.wp.com\/kolasin.me\/wp-content\/uploads\/2025\/01\/Tango-kamp-7.jpeg?fit=2048%2C1360&ssl=1","contentUrl":"https:\/\/i0.wp.com\/kolasin.me\/wp-content\/uploads\/2025\/01\/Tango-kamp-7.jpeg?fit=2048%2C1360&ssl=1","width":2048,"height":1360},{"@type":"BreadcrumbList","@id":"https:\/\/kolasin.me\/tango-kamp\/#breadcrumb","itemListElement":[{"@type":"ListItem","position":1,"name":"Home","item":"https:\/\/kolasin.me\/"},{"@type":"ListItem","position":2,"name":"Tango kamp"}]},{"@type":"WebSite","@id":"https:\/\/kolasin.me\/#website","url":"https:\/\/kolasin.me\/","name":"TO Kolasin","description":"Tourist Organization Kola\u0161in","publisher":{"@id":"https:\/\/kolasin.me\/#organization"},"alternateName":"Turisti\u010dka Organizacija Kola\u0161in","potentialAction":[{"@type":"SearchAction","target":{"@type":"EntryPoint","urlTemplate":"https:\/\/kolasin.me\/?s={search_term_string}"},"query-input":{"@type":"PropertyValueSpecification","valueRequired":true,"valueName":"search_term_string"}}],"inLanguage":"en-GB"},{"@type":"Organization","@id":"https:\/\/kolasin.me\/#organization","name":"TO Kolasin","alternateName":"Turisti\u010dka Organizacije Kola\u0161in","url":"https:\/\/kolasin.me\/","logo":{"@type":"ImageObject","inLanguage":"en-GB","@id":"https:\/\/kolasin.me\/#\/schema\/logo\/image\/","url":"https:\/\/i0.wp.com\/kolasin.me\/wp-content\/uploads\/2025\/10\/tokolasin-logo.jpg?fit=800%2C515&ssl=1","contentUrl":"https:\/\/i0.wp.com\/kolasin.me\/wp-content\/uploads\/2025\/10\/tokolasin-logo.jpg?fit=800%2C515&ssl=1","width":800,"height":515,"caption":"TO Kola\u0161in"},"image":{"@id":"https:\/\/kolasin.me\/#\/schema\/logo\/image\/"},"sameAs":["https:\/\/www.facebook.com\/profile.php?id=61577932100861#","https:\/\/www.instagram.com\/to.kolasin\/?hl=en"]}]}},"jetpack_sharing_enabled":true,"jetpack_shortlink":"https:\/\/wp.me\/Pgiv2T-1Z","_links":{"self":[{"href":"https:\/\/kolasin.me\/en\/wp-json\/wp\/v2\/pages\/123","targetHints":{"allow":["GET"]}}],"collection":[{"href":"https:\/\/kolasin.me\/en\/wp-json\/wp\/v2\/pages"}],"about":[{"href":"https:\/\/kolasin.me\/en\/wp-json\/wp\/v2\/types\/page"}],"author":[{"embeddable":true,"href":"https:\/\/kolasin.me\/en\/wp-json\/wp\/v2\/users\/209674362"}],"replies":[{"embeddable":true,"href":"https:\/\/kolasin.me\/en\/wp-json\/wp\/v2\/comments?post=123"}],"version-history":[{"count":1,"href":"https:\/\/kolasin.me\/en\/wp-json\/wp\/v2\/pages\/123\/revisions"}],"predecessor-version":[{"id":124,"href":"https:\/\/kolasin.me\/en\/wp-json\/wp\/v2\/pages\/123\/revisions\/124"}],"wp:featuredmedia":[{"embeddable":true,"href":"https:\/\/kolasin.me\/en\/wp-json\/wp\/v2\/media\/151"}],"wp:attachment":[{"href":"https:\/\/kolasin.me\/en\/wp-json\/wp\/v2\/media?parent=123"}],"curies":[{"name":"wp","href":"https:\/\/api.w.org\/{rel}","templated":true}]}}